{"id":7956,"date":"2024-08-09T13:29:14","date_gmt":"2024-08-09T13:29:14","guid":{"rendered":"https:\/\/www.thelumiares.com\/?page_id=7956"},"modified":"2025-09-18T14:39:16","modified_gmt":"2025-09-18T14:39:16","slug":"outros-servicos","status":"publish","type":"page","link":"https:\/\/thelumiaresstg.ignitecreates.com\/pt-pt\/outros-servicos\/","title":{"rendered":"Outros Servi\u00e7os"},"content":{"rendered":"<h2>Outros Servi\u00e7os<\/h2>\n<p>&nbsp;<\/p>\n<p>Para al\u00e9m de su\u00edtes confort\u00e1veis, o <a href=\"https:\/\/www-thelumiares-com.bomportostage.wpengine.com\/pt-pt\/\" target=\"_blank\" rel=\"noopener\"><strong>The Lumiares<\/strong><\/a> oferece v\u00e1rios espa\u00e7os que complementam a sua estadia, dispon\u00edveis para as mais variadas ocasi\u00f5es, desde um desfile de moda na nossa escadaria at\u00e9 uma reuni\u00e3o de neg\u00f3cios numa Penthouse.<\/p>\n<p>&nbsp;<\/p>\n<h3>Estacionamento<\/h3>\n<p>O nosso parque de <strong>estacionamento subterr\u00e2neo privativo<\/strong> \u00e9 um espa\u00e7o seguro para h\u00f3spedes e visitantes no <strong>centro do Bairro Alto<\/strong>.<\/p>\n<p>Os lugares de estacionamento est\u00e3o dispon\u00edveis por uma pequena tarifa di\u00e1ria, que inclui um <strong>Fast Charger para carros el\u00e9tricos<\/strong>.<\/p>\n<p>&nbsp;<\/p>\n<h3>Sala de Reuni\u00f5es<\/h3>\n<p>Caso necessite de uma sala de reuni\u00f5es, pode solicitar uma das nossas espa\u00e7osas <a href=\"https:\/\/www-thelumiares-com.bomportostage.wpengine.com\/pt-pt\/quartos\/bairro-alto-mezzanine\/\" target=\"_blank\" rel=\"noopener\"><strong>Mezzanines<\/strong> <\/a>ou <a href=\"https:\/\/www-thelumiares-com.bomportostage.wpengine.com\/pt-pt\/quartos\/penthouse\/\" target=\"_blank\" rel=\"noopener\"><strong>Penthouses<\/strong><\/a>.<\/p>\n<p>As nossas su\u00edtes podem acomodar v\u00e1rias configura\u00e7\u00f5es, perfeitas para reuni\u00f5es ou para um cocktail com um limite de 25 pessoas.<\/p>\n<p>&nbsp;<\/p>\n<h3>Grande Escadaria<\/h3>\n<p>A nossa Grande Escadaria, um vest\u00edgio do pal\u00e1cio do s\u00e9culo XVIII com um grande lustre de bronze, \u00e9 <strong>perfeita para eventos e cocktails<\/strong>. Tem capacidade para 70 pessoas.<\/p>\n<p>&nbsp;<\/p>\n<p><img decoding=\"async\" class=\"aligncenter wp-image-7896 size-full lazyload\" data-src=\"https:\/\/www-thelumiares-com.bomportostage.wpengine.com\/wp-content\/uploads\/sites\/2\/2024\/08\/The-Lumiares-staircase.jpg\" alt=\"Staircase for events old palace \" width=\"1900\" height=\"1069\" data-srcset=\"https:\/\/thelumiaresstg.ignitecreates.com\/wp-content\/uploads\/sites\/2\/2024\/08\/The-Lumiares-staircase.jpg 1900w, https:\/\/thelumiaresstg.ignitecreates.com\/wp-content\/uploads\/sites\/2\/2024\/08\/The-Lumiares-staircase-300x169.jpg 300w, https:\/\/thelumiaresstg.ignitecreates.com\/wp-content\/uploads\/sites\/2\/2024\/08\/The-Lumiares-staircase-1024x576.jpg 1024w, https:\/\/thelumiaresstg.ignitecreates.com\/wp-content\/uploads\/sites\/2\/2024\/08\/The-Lumiares-staircase-768x432.jpg 768w, https:\/\/thelumiaresstg.ignitecreates.com\/wp-content\/uploads\/sites\/2\/2024\/08\/The-Lumiares-staircase-1536x864.jpg 1536w, https:\/\/thelumiaresstg.ignitecreates.com\/wp-content\/uploads\/sites\/2\/2024\/08\/The-Lumiares-staircase-590x332.jpg 590w, https:\/\/thelumiaresstg.ignitecreates.com\/wp-content\/uploads\/sites\/2\/2024\/08\/The-Lumiares-staircase-1196x673.jpg 1196w, https:\/\/thelumiaresstg.ignitecreates.com\/wp-content\/uploads\/sites\/2\/2024\/08\/The-Lumiares-staircase-700x394.jpg 700w, https:\/\/thelumiaresstg.ignitecreates.com\/wp-content\/uploads\/sites\/2\/2024\/08\/The-Lumiares-staircase-400x225.jpg 400w, https:\/\/thelumiaresstg.ignitecreates.com\/wp-content\/uploads\/sites\/2\/2024\/08\/The-Lumiares-staircase-725x408.jpg 725w, https:\/\/thelumiaresstg.ignitecreates.com\/wp-content\/uploads\/sites\/2\/2024\/08\/The-Lumiares-staircase-440x248.jpg 440w, https:\/\/thelumiaresstg.ignitecreates.com\/wp-content\/uploads\/sites\/2\/2024\/08\/The-Lumiares-staircase-600x338.jpg 600w, https:\/\/thelumiaresstg.ignitecreates.com\/wp-content\/uploads\/sites\/2\/2024\/08\/The-Lumiares-staircase-1000x563.jpg 1000w, https:\/\/thelumiaresstg.ignitecreates.com\/wp-content\/uploads\/sites\/2\/2024\/08\/The-Lumiares-staircase-800x450.jpg 800w, https:\/\/thelumiaresstg.ignitecreates.com\/wp-content\/uploads\/sites\/2\/2024\/08\/The-Lumiares-staircase-1066x600.jpg 1066w, https:\/\/thelumiaresstg.ignitecreates.com\/wp-content\/uploads\/sites\/2\/2024\/08\/The-Lumiares-staircase-124x70.jpg 124w\" data-sizes=\"(max-width: 1900px) 100vw, 1900px\" src=\"data:image\/svg+xml;base64,PHN2ZyB3aWR0aD0iMSIgaGVpZ2h0PSIxIiB4bWxucz0iaHR0cDovL3d3dy53My5vcmcvMjAwMC9zdmciPjwvc3ZnPg==\" style=\"--smush-placeholder-width: 1900px; --smush-placeholder-aspect-ratio: 1900\/1069;\" \/><\/p>\n","protected":false},"excerpt":{"rendered":"<p>Outros Servi\u00e7os &nbsp; Para al\u00e9m de su\u00edtes confort\u00e1veis, o The Lumiares oferece v\u00e1rios espa\u00e7os que complementam a sua estadia, dispon\u00edveis [&hellip;]<\/p>\n","protected":false},"author":1,"featured_media":0,"parent":0,"menu_order":0,"comment_status":"closed","ping_status":"closed","template":"","meta":{"_acf_changed":false,"footnotes":""},"class_list":["post-7956","page","type-page","status-publish","hentry"],"acf":[],"yoast_head":"<!-- This site is optimized with the Yoast SEO plugin v27.4 - https:\/\/yoast.com\/product\/yoast-seo-wordpress\/ -->\n<title>Outros Servi\u00e7os - The Lumiares<\/title>\n<meta name=\"description\" content=\"O nosso hotel em Lisboa oferece diferentes servi\u00e7os para a sua estadia, com estacionamento f\u00e1cil no Bairro Alto.\" \/>\n<meta name=\"robots\" content=\"index, follow, max-snippet:-1, max-image-preview:large, max-video-preview:-1\" \/>\n<link rel=\"canonical\" href=\"https:\/\/thelumiaresstg.ignitecreates.com\/pt-pt\/outros-servicos\/\" \/>\n<meta property=\"og:locale\" content=\"pt_PT\" \/>\n<meta property=\"og:type\" content=\"article\" \/>\n<meta property=\"og:title\" content=\"Outros Servi\u00e7os - The Lumiares\" \/>\n<meta property=\"og:description\" content=\"O nosso hotel em Lisboa oferece diferentes servi\u00e7os para a sua estadia, com estacionamento f\u00e1cil no Bairro Alto.\" \/>\n<meta property=\"og:url\" content=\"https:\/\/thelumiaresstg.ignitecreates.com\/pt-pt\/outros-servicos\/\" \/>\n<meta property=\"og:site_name\" content=\"The Lumiares\" \/>\n<meta property=\"article:modified_time\" content=\"2025-09-18T14:39:16+00:00\" \/>\n<meta property=\"og:image\" content=\"https:\/\/www-thelumiares-com.bomportostage.wpengine.com\/wp-content\/uploads\/sites\/2\/2024\/08\/The-Lumiares-staircase.jpg\" \/>\n<meta name=\"twitter:card\" content=\"summary_large_image\" \/>\n<meta name=\"twitter:label1\" content=\"Tempo estimado de leitura\" \/>\n\t<meta name=\"twitter:data1\" content=\"1 minuto\" \/>\n<script type=\"application\/ld+json\" class=\"yoast-schema-graph\">{\"@context\":\"https:\\\/\\\/schema.org\",\"@graph\":[{\"@type\":\"WebPage\",\"@id\":\"https:\\\/\\\/thelumiaresstg.ignitecreates.com\\\/pt-pt\\\/outros-servicos\\\/\",\"url\":\"https:\\\/\\\/thelumiaresstg.ignitecreates.com\\\/pt-pt\\\/outros-servicos\\\/\",\"name\":\"Outros Servi\u00e7os - The Lumiares\",\"isPartOf\":{\"@id\":\"https:\\\/\\\/thelumiaresstg.ignitecreates.com\\\/pt-pt\\\/#website\"},\"primaryImageOfPage\":{\"@id\":\"https:\\\/\\\/thelumiaresstg.ignitecreates.com\\\/pt-pt\\\/outros-servicos\\\/#primaryimage\"},\"image\":{\"@id\":\"https:\\\/\\\/thelumiaresstg.ignitecreates.com\\\/pt-pt\\\/outros-servicos\\\/#primaryimage\"},\"thumbnailUrl\":\"https:\\\/\\\/www-thelumiares-com.bomportostage.wpengine.com\\\/wp-content\\\/uploads\\\/sites\\\/2\\\/2024\\\/08\\\/The-Lumiares-staircase.jpg\",\"datePublished\":\"2024-08-09T13:29:14+00:00\",\"dateModified\":\"2025-09-18T14:39:16+00:00\",\"description\":\"O nosso hotel em Lisboa oferece diferentes servi\u00e7os para a sua estadia, com estacionamento f\u00e1cil no Bairro Alto.\",\"breadcrumb\":{\"@id\":\"https:\\\/\\\/thelumiaresstg.ignitecreates.com\\\/pt-pt\\\/outros-servicos\\\/#breadcrumb\"},\"inLanguage\":\"pt-PT\",\"potentialAction\":[{\"@type\":\"ReadAction\",\"target\":[\"https:\\\/\\\/thelumiaresstg.ignitecreates.com\\\/pt-pt\\\/outros-servicos\\\/\"]}]},{\"@type\":\"ImageObject\",\"inLanguage\":\"pt-PT\",\"@id\":\"https:\\\/\\\/thelumiaresstg.ignitecreates.com\\\/pt-pt\\\/outros-servicos\\\/#primaryimage\",\"url\":\"https:\\\/\\\/www-thelumiares-com.bomportostage.wpengine.com\\\/wp-content\\\/uploads\\\/sites\\\/2\\\/2024\\\/08\\\/The-Lumiares-staircase.jpg\",\"contentUrl\":\"https:\\\/\\\/www-thelumiares-com.bomportostage.wpengine.com\\\/wp-content\\\/uploads\\\/sites\\\/2\\\/2024\\\/08\\\/The-Lumiares-staircase.jpg\"},{\"@type\":\"BreadcrumbList\",\"@id\":\"https:\\\/\\\/thelumiaresstg.ignitecreates.com\\\/pt-pt\\\/outros-servicos\\\/#breadcrumb\",\"itemListElement\":[{\"@type\":\"ListItem\",\"position\":1,\"name\":\"Home\",\"item\":\"https:\\\/\\\/thelumiaresstg.ignitecreates.com\\\/pt-pt\\\/\"},{\"@type\":\"ListItem\",\"position\":2,\"name\":\"Outros Servi\u00e7os\"}]},{\"@type\":\"WebSite\",\"@id\":\"https:\\\/\\\/thelumiaresstg.ignitecreates.com\\\/pt-pt\\\/#website\",\"url\":\"https:\\\/\\\/thelumiaresstg.ignitecreates.com\\\/pt-pt\\\/\",\"name\":\"The Lumiares\",\"description\":\"\",\"potentialAction\":[{\"@type\":\"SearchAction\",\"target\":{\"@type\":\"EntryPoint\",\"urlTemplate\":\"https:\\\/\\\/thelumiaresstg.ignitecreates.com\\\/pt-pt\\\/?s={search_term_string}\"},\"query-input\":{\"@type\":\"PropertyValueSpecification\",\"valueRequired\":true,\"valueName\":\"search_term_string\"}}],\"inLanguage\":\"pt-PT\"}]}<\/script>\n<!-- \/ Yoast SEO plugin. -->","yoast_head_json":{"title":"Outros Servi\u00e7os - The Lumiares","description":"O nosso hotel em Lisboa oferece diferentes servi\u00e7os para a sua estadia, com estacionamento f\u00e1cil no Bairro Alto.","robots":{"index":"index","follow":"follow","max-snippet":"max-snippet:-1","max-image-preview":"max-image-preview:large","max-video-preview":"max-video-preview:-1"},"canonical":"https:\/\/thelumiaresstg.ignitecreates.com\/pt-pt\/outros-servicos\/","og_locale":"pt_PT","og_type":"article","og_title":"Outros Servi\u00e7os - The Lumiares","og_description":"O nosso hotel em Lisboa oferece diferentes servi\u00e7os para a sua estadia, com estacionamento f\u00e1cil no Bairro Alto.","og_url":"https:\/\/thelumiaresstg.ignitecreates.com\/pt-pt\/outros-servicos\/","og_site_name":"The Lumiares","article_modified_time":"2025-09-18T14:39:16+00:00","og_image":[{"url":"https:\/\/www-thelumiares-com.bomportostage.wpengine.com\/wp-content\/uploads\/sites\/2\/2024\/08\/The-Lumiares-staircase.jpg","type":"","width":"","height":""}],"twitter_card":"summary_large_image","twitter_misc":{"Tempo estimado de leitura":"1 minuto"},"schema":{"@context":"https:\/\/schema.org","@graph":[{"@type":"WebPage","@id":"https:\/\/thelumiaresstg.ignitecreates.com\/pt-pt\/outros-servicos\/","url":"https:\/\/thelumiaresstg.ignitecreates.com\/pt-pt\/outros-servicos\/","name":"Outros Servi\u00e7os - The Lumiares","isPartOf":{"@id":"https:\/\/thelumiaresstg.ignitecreates.com\/pt-pt\/#website"},"primaryImageOfPage":{"@id":"https:\/\/thelumiaresstg.ignitecreates.com\/pt-pt\/outros-servicos\/#primaryimage"},"image":{"@id":"https:\/\/thelumiaresstg.ignitecreates.com\/pt-pt\/outros-servicos\/#primaryimage"},"thumbnailUrl":"https:\/\/www-thelumiares-com.bomportostage.wpengine.com\/wp-content\/uploads\/sites\/2\/2024\/08\/The-Lumiares-staircase.jpg","datePublished":"2024-08-09T13:29:14+00:00","dateModified":"2025-09-18T14:39:16+00:00","description":"O nosso hotel em Lisboa oferece diferentes servi\u00e7os para a sua estadia, com estacionamento f\u00e1cil no Bairro Alto.","breadcrumb":{"@id":"https:\/\/thelumiaresstg.ignitecreates.com\/pt-pt\/outros-servicos\/#breadcrumb"},"inLanguage":"pt-PT","potentialAction":[{"@type":"ReadAction","target":["https:\/\/thelumiaresstg.ignitecreates.com\/pt-pt\/outros-servicos\/"]}]},{"@type":"ImageObject","inLanguage":"pt-PT","@id":"https:\/\/thelumiaresstg.ignitecreates.com\/pt-pt\/outros-servicos\/#primaryimage","url":"https:\/\/www-thelumiares-com.bomportostage.wpengine.com\/wp-content\/uploads\/sites\/2\/2024\/08\/The-Lumiares-staircase.jpg","contentUrl":"https:\/\/www-thelumiares-com.bomportostage.wpengine.com\/wp-content\/uploads\/sites\/2\/2024\/08\/The-Lumiares-staircase.jpg"},{"@type":"BreadcrumbList","@id":"https:\/\/thelumiaresstg.ignitecreates.com\/pt-pt\/outros-servicos\/#breadcrumb","itemListElement":[{"@type":"ListItem","position":1,"name":"Home","item":"https:\/\/thelumiaresstg.ignitecreates.com\/pt-pt\/"},{"@type":"ListItem","position":2,"name":"Outros Servi\u00e7os"}]},{"@type":"WebSite","@id":"https:\/\/thelumiaresstg.ignitecreates.com\/pt-pt\/#website","url":"https:\/\/thelumiaresstg.ignitecreates.com\/pt-pt\/","name":"The Lumiares","description":"","potentialAction":[{"@type":"SearchAction","target":{"@type":"EntryPoint","urlTemplate":"https:\/\/thelumiaresstg.ignitecreates.com\/pt-pt\/?s={search_term_string}"},"query-input":{"@type":"PropertyValueSpecification","valueRequired":true,"valueName":"search_term_string"}}],"inLanguage":"pt-PT"}]}},"_links":{"self":[{"href":"https:\/\/thelumiaresstg.ignitecreates.com\/pt-pt\/wp-json\/wp\/v2\/pages\/7956","targetHints":{"allow":["GET"]}}],"collection":[{"href":"https:\/\/thelumiaresstg.ignitecreates.com\/pt-pt\/wp-json\/wp\/v2\/pages"}],"about":[{"href":"https:\/\/thelumiaresstg.ignitecreates.com\/pt-pt\/wp-json\/wp\/v2\/types\/page"}],"author":[{"embeddable":true,"href":"https:\/\/thelumiaresstg.ignitecreates.com\/pt-pt\/wp-json\/wp\/v2\/users\/1"}],"replies":[{"embeddable":true,"href":"https:\/\/thelumiaresstg.ignitecreates.com\/pt-pt\/wp-json\/wp\/v2\/comments?post=7956"}],"version-history":[{"count":0,"href":"https:\/\/thelumiaresstg.ignitecreates.com\/pt-pt\/wp-json\/wp\/v2\/pages\/7956\/revisions"}],"wp:attachment":[{"href":"https:\/\/thelumiaresstg.ignitecreates.com\/pt-pt\/wp-json\/wp\/v2\/media?parent=7956"}],"curies":[{"name":"wp","href":"https:\/\/api.w.org\/{rel}","templated":true}]}}