{"id":7935,"date":"2024-08-07T12:46:25","date_gmt":"2024-08-07T12:46:25","guid":{"rendered":"https:\/\/www.thelumiares.com\/?page_id=7935"},"modified":"2025-05-12T12:15:45","modified_gmt":"2025-05-12T12:15:45","slug":"sustentabilidade","status":"publish","type":"page","link":"https:\/\/thelumiaresstg.ignitecreates.com\/pt-pt\/sustentabilidade\/","title":{"rendered":"Sustentabilidade"},"content":{"rendered":"<p style=\"text-align: center;\">A M\u00e3e Natureza sempre foi uma boa anfitri\u00e3 para com os humanos e est\u00e1 na altura de lhe devolvermos essa gentileza.<\/p>\n<p>&nbsp;<\/p>\n<p style=\"text-align: center;\">O nosso planeta n\u00e3o precisa de novos edif\u00edcios, precisa que cuidemos daqueles que j\u00e1 existem, respeitando o nosso passado e \u00e9 precisamente a\u00ed que n\u00f3s entramos.<\/p>\n<p>&nbsp;<\/p>\n<p style=\"text-align: center;\">N\u00e3o s\u00f3 investimos de forma consciente em im\u00f3veis hist\u00f3ricos, como tamb\u00e9m recuperamos e remodelamos, de forma a minimizar tanto o nosso impacto ambiental como social. Para os nossos h\u00f3spedes. Para a nossa cidade. Para o mundo.<\/p>\n<p>&nbsp;<\/p>\n<p style=\"text-align: center;\">Toda a fam\u00edlia Bomporto est\u00e1 comprometida com a sustentabilidade. E n\u00e3o dizemos isto em v\u00e3o. Faz parte da nossa cultura.<\/p>\n<p>&nbsp;<\/p>\n<p style=\"text-align: center;\">Clique <strong><a href=\"https:\/\/www-thelumiares-com.bomportostage.wpengine.com\/wp-content\/uploads\/sites\/2\/2024\/09\/Sustainability-Factsheets_Lumiares_set24_PT.pdf\" target=\"_blank\" rel=\"noopener\">aqui<\/a> <\/strong>para ler a <strong>factsheet de sustentabilidade<\/strong> do The Lumiares.<\/p>\n<p style=\"text-align: center;\">Clique <strong><a href=\"https:\/\/www-thelumiares-com.bomportostage.wpengine.com\/wp-content\/uploads\/sites\/2\/2024\/08\/Bomportos-Planet-Pledge_PT.pdf\" target=\"_blank\" rel=\"noopener\">aqui<\/a> <\/strong>para ver em pormenor a <strong>Miss\u00e3o Ambiental<\/strong> dos hot\u00e9is Bomporto.<\/p>\n","protected":false},"excerpt":{"rendered":"<p>A M\u00e3e Natureza sempre foi uma boa anfitri\u00e3 para com os humanos e est\u00e1 na altura de lhe devolvermos essa [&hellip;]<\/p>\n","protected":false},"author":1,"featured_media":0,"parent":0,"menu_order":0,"comment_status":"closed","ping_status":"closed","template":"templates\/sustainability-template.php","meta":{"_acf_changed":false,"footnotes":""},"class_list":["post-7935","page","type-page","status-publish","hentry"],"acf":[],"yoast_head":"<!-- This site is optimized with the Yoast SEO plugin v27.4 - https:\/\/yoast.com\/product\/yoast-seo-wordpress\/ -->\n<title>Sustentabilidade - The Lumiares<\/title>\n<meta name=\"description\" content=\"O nosso grupo de hot\u00e9is est\u00e1 empenhado na sustentabilidade. E n\u00e3o dizemos isto em v\u00e3o. Faz parte da nossa cultura.\" \/>\n<meta name=\"robots\" content=\"index, follow, max-snippet:-1, max-image-preview:large, max-video-preview:-1\" \/>\n<link rel=\"canonical\" href=\"https:\/\/thelumiaresstg.ignitecreates.com\/pt-pt\/sustentabilidade\/\" \/>\n<meta property=\"og:locale\" content=\"pt_PT\" \/>\n<meta property=\"og:type\" content=\"article\" \/>\n<meta property=\"og:title\" content=\"Sustentabilidade - The Lumiares\" \/>\n<meta property=\"og:description\" content=\"O nosso grupo de hot\u00e9is est\u00e1 empenhado na sustentabilidade. E n\u00e3o dizemos isto em v\u00e3o. Faz parte da nossa cultura.\" \/>\n<meta property=\"og:url\" content=\"https:\/\/thelumiaresstg.ignitecreates.com\/pt-pt\/sustentabilidade\/\" \/>\n<meta property=\"og:site_name\" content=\"The Lumiares\" \/>\n<meta property=\"article:modified_time\" content=\"2025-05-12T12:15:45+00:00\" \/>\n<meta name=\"twitter:card\" content=\"summary_large_image\" \/>\n<meta name=\"twitter:label1\" content=\"Tempo estimado de leitura\" \/>\n\t<meta name=\"twitter:data1\" content=\"1 minuto\" \/>\n<script type=\"application\/ld+json\" class=\"yoast-schema-graph\">{\"@context\":\"https:\\\/\\\/schema.org\",\"@graph\":[{\"@type\":\"WebPage\",\"@id\":\"https:\\\/\\\/thelumiaresstg.ignitecreates.com\\\/pt-pt\\\/sustentabilidade\\\/\",\"url\":\"https:\\\/\\\/thelumiaresstg.ignitecreates.com\\\/pt-pt\\\/sustentabilidade\\\/\",\"name\":\"Sustentabilidade - The Lumiares\",\"isPartOf\":{\"@id\":\"https:\\\/\\\/thelumiaresstg.ignitecreates.com\\\/pt-pt\\\/#website\"},\"datePublished\":\"2024-08-07T12:46:25+00:00\",\"dateModified\":\"2025-05-12T12:15:45+00:00\",\"description\":\"O nosso grupo de hot\u00e9is est\u00e1 empenhado na sustentabilidade. E n\u00e3o dizemos isto em v\u00e3o. Faz parte da nossa cultura.\",\"breadcrumb\":{\"@id\":\"https:\\\/\\\/thelumiaresstg.ignitecreates.com\\\/pt-pt\\\/sustentabilidade\\\/#breadcrumb\"},\"inLanguage\":\"pt-PT\",\"potentialAction\":[{\"@type\":\"ReadAction\",\"target\":[\"https:\\\/\\\/thelumiaresstg.ignitecreates.com\\\/pt-pt\\\/sustentabilidade\\\/\"]}]},{\"@type\":\"BreadcrumbList\",\"@id\":\"https:\\\/\\\/thelumiaresstg.ignitecreates.com\\\/pt-pt\\\/sustentabilidade\\\/#breadcrumb\",\"itemListElement\":[{\"@type\":\"ListItem\",\"position\":1,\"name\":\"Home\",\"item\":\"https:\\\/\\\/thelumiaresstg.ignitecreates.com\\\/pt-pt\\\/\"},{\"@type\":\"ListItem\",\"position\":2,\"name\":\"Sustentabilidade\"}]},{\"@type\":\"WebSite\",\"@id\":\"https:\\\/\\\/thelumiaresstg.ignitecreates.com\\\/pt-pt\\\/#website\",\"url\":\"https:\\\/\\\/thelumiaresstg.ignitecreates.com\\\/pt-pt\\\/\",\"name\":\"The Lumiares\",\"description\":\"\",\"potentialAction\":[{\"@type\":\"SearchAction\",\"target\":{\"@type\":\"EntryPoint\",\"urlTemplate\":\"https:\\\/\\\/thelumiaresstg.ignitecreates.com\\\/pt-pt\\\/?s={search_term_string}\"},\"query-input\":{\"@type\":\"PropertyValueSpecification\",\"valueRequired\":true,\"valueName\":\"search_term_string\"}}],\"inLanguage\":\"pt-PT\"}]}<\/script>\n<!-- \/ Yoast SEO plugin. -->","yoast_head_json":{"title":"Sustentabilidade - The Lumiares","description":"O nosso grupo de hot\u00e9is est\u00e1 empenhado na sustentabilidade. E n\u00e3o dizemos isto em v\u00e3o. Faz parte da nossa cultura.","robots":{"index":"index","follow":"follow","max-snippet":"max-snippet:-1","max-image-preview":"max-image-preview:large","max-video-preview":"max-video-preview:-1"},"canonical":"https:\/\/thelumiaresstg.ignitecreates.com\/pt-pt\/sustentabilidade\/","og_locale":"pt_PT","og_type":"article","og_title":"Sustentabilidade - The Lumiares","og_description":"O nosso grupo de hot\u00e9is est\u00e1 empenhado na sustentabilidade. E n\u00e3o dizemos isto em v\u00e3o. Faz parte da nossa cultura.","og_url":"https:\/\/thelumiaresstg.ignitecreates.com\/pt-pt\/sustentabilidade\/","og_site_name":"The Lumiares","article_modified_time":"2025-05-12T12:15:45+00:00","twitter_card":"summary_large_image","twitter_misc":{"Tempo estimado de leitura":"1 minuto"},"schema":{"@context":"https:\/\/schema.org","@graph":[{"@type":"WebPage","@id":"https:\/\/thelumiaresstg.ignitecreates.com\/pt-pt\/sustentabilidade\/","url":"https:\/\/thelumiaresstg.ignitecreates.com\/pt-pt\/sustentabilidade\/","name":"Sustentabilidade - The Lumiares","isPartOf":{"@id":"https:\/\/thelumiaresstg.ignitecreates.com\/pt-pt\/#website"},"datePublished":"2024-08-07T12:46:25+00:00","dateModified":"2025-05-12T12:15:45+00:00","description":"O nosso grupo de hot\u00e9is est\u00e1 empenhado na sustentabilidade. E n\u00e3o dizemos isto em v\u00e3o. Faz parte da nossa cultura.","breadcrumb":{"@id":"https:\/\/thelumiaresstg.ignitecreates.com\/pt-pt\/sustentabilidade\/#breadcrumb"},"inLanguage":"pt-PT","potentialAction":[{"@type":"ReadAction","target":["https:\/\/thelumiaresstg.ignitecreates.com\/pt-pt\/sustentabilidade\/"]}]},{"@type":"BreadcrumbList","@id":"https:\/\/thelumiaresstg.ignitecreates.com\/pt-pt\/sustentabilidade\/#breadcrumb","itemListElement":[{"@type":"ListItem","position":1,"name":"Home","item":"https:\/\/thelumiaresstg.ignitecreates.com\/pt-pt\/"},{"@type":"ListItem","position":2,"name":"Sustentabilidade"}]},{"@type":"WebSite","@id":"https:\/\/thelumiaresstg.ignitecreates.com\/pt-pt\/#website","url":"https:\/\/thelumiaresstg.ignitecreates.com\/pt-pt\/","name":"The Lumiares","description":"","potentialAction":[{"@type":"SearchAction","target":{"@type":"EntryPoint","urlTemplate":"https:\/\/thelumiaresstg.ignitecreates.com\/pt-pt\/?s={search_term_string}"},"query-input":{"@type":"PropertyValueSpecification","valueRequired":true,"valueName":"search_term_string"}}],"inLanguage":"pt-PT"}]}},"_links":{"self":[{"href":"https:\/\/thelumiaresstg.ignitecreates.com\/pt-pt\/wp-json\/wp\/v2\/pages\/7935","targetHints":{"allow":["GET"]}}],"collection":[{"href":"https:\/\/thelumiaresstg.ignitecreates.com\/pt-pt\/wp-json\/wp\/v2\/pages"}],"about":[{"href":"https:\/\/thelumiaresstg.ignitecreates.com\/pt-pt\/wp-json\/wp\/v2\/types\/page"}],"author":[{"embeddable":true,"href":"https:\/\/thelumiaresstg.ignitecreates.com\/pt-pt\/wp-json\/wp\/v2\/users\/1"}],"replies":[{"embeddable":true,"href":"https:\/\/thelumiaresstg.ignitecreates.com\/pt-pt\/wp-json\/wp\/v2\/comments?post=7935"}],"version-history":[{"count":0,"href":"https:\/\/thelumiaresstg.ignitecreates.com\/pt-pt\/wp-json\/wp\/v2\/pages\/7935\/revisions"}],"wp:attachment":[{"href":"https:\/\/thelumiaresstg.ignitecreates.com\/pt-pt\/wp-json\/wp\/v2\/media?parent=7935"}],"curies":[{"name":"wp","href":"https:\/\/api.w.org\/{rel}","templated":true}]}}