{"id":2625,"date":"2019-09-23T12:07:13","date_gmt":"2019-09-23T11:07:13","guid":{"rendered":"https:\/\/www.thelumiares.com\/offers\/"},"modified":"2025-07-29T12:22:08","modified_gmt":"2025-07-29T12:22:08","slug":"ofertas","status":"publish","type":"page","link":"https:\/\/thelumiaresstg.ignitecreates.com\/pt-pt\/ofertas\/","title":{"rendered":"Ofertas"},"content":{"rendered":"","protected":false},"excerpt":{"rendered":"","protected":false},"author":1,"featured_media":0,"parent":0,"menu_order":0,"comment_status":"closed","ping_status":"closed","template":"templates\/offers-template.php","meta":{"_acf_changed":false,"footnotes":""},"class_list":["post-2625","page","type-page","status-publish","hentry"],"acf":[],"yoast_head":"<!-- This site is optimized with the Yoast SEO plugin v27.4 - https:\/\/yoast.com\/product\/yoast-seo-wordpress\/ -->\n<title>Ofertas - The Lumiares 5* Hotel &amp; Spa - Bairro Alto, Lisboa<\/title>\n<meta name=\"description\" content=\"Reserve diretamente a sua estadia de 5* com a melhor tarifa dispon\u00edvel, pequeno-almo\u00e7o inclu\u00eddo, cr\u00e9dito no restaurante e no Spa.\" \/>\n<meta name=\"robots\" content=\"index, follow, max-snippet:-1, max-image-preview:large, max-video-preview:-1\" \/>\n<link rel=\"canonical\" href=\"https:\/\/thelumiaresstg.ignitecreates.com\/pt-pt\/ofertas\/\" \/>\n<meta property=\"og:locale\" content=\"pt_PT\" \/>\n<meta property=\"og:type\" content=\"article\" \/>\n<meta property=\"og:title\" content=\"Ofertas - The Lumiares 5* Hotel &amp; Spa - Bairro Alto, Lisboa\" \/>\n<meta property=\"og:description\" content=\"Reserve diretamente a sua estadia de 5* com a melhor tarifa dispon\u00edvel, pequeno-almo\u00e7o inclu\u00eddo, cr\u00e9dito no restaurante e no Spa.\" \/>\n<meta property=\"og:url\" content=\"https:\/\/thelumiaresstg.ignitecreates.com\/pt-pt\/ofertas\/\" \/>\n<meta property=\"og:site_name\" content=\"The Lumiares\" \/>\n<meta property=\"article:modified_time\" content=\"2025-07-29T12:22:08+00:00\" \/>\n<meta name=\"twitter:card\" content=\"summary_large_image\" \/>\n<script type=\"application\/ld+json\" class=\"yoast-schema-graph\">{\"@context\":\"https:\\\/\\\/schema.org\",\"@graph\":[{\"@type\":\"WebPage\",\"@id\":\"https:\\\/\\\/thelumiaresstg.ignitecreates.com\\\/pt-pt\\\/ofertas\\\/\",\"url\":\"https:\\\/\\\/thelumiaresstg.ignitecreates.com\\\/pt-pt\\\/ofertas\\\/\",\"name\":\"Ofertas - The Lumiares 5* Hotel & Spa - Bairro Alto, Lisboa\",\"isPartOf\":{\"@id\":\"https:\\\/\\\/thelumiaresstg.ignitecreates.com\\\/pt-pt\\\/#website\"},\"datePublished\":\"2019-09-23T11:07:13+00:00\",\"dateModified\":\"2025-07-29T12:22:08+00:00\",\"description\":\"Reserve diretamente a sua estadia de 5* com a melhor tarifa dispon\u00edvel, pequeno-almo\u00e7o inclu\u00eddo, cr\u00e9dito no restaurante e no Spa.\",\"breadcrumb\":{\"@id\":\"https:\\\/\\\/thelumiaresstg.ignitecreates.com\\\/pt-pt\\\/ofertas\\\/#breadcrumb\"},\"inLanguage\":\"pt-PT\",\"potentialAction\":[{\"@type\":\"ReadAction\",\"target\":[\"https:\\\/\\\/thelumiaresstg.ignitecreates.com\\\/pt-pt\\\/ofertas\\\/\"]}]},{\"@type\":\"BreadcrumbList\",\"@id\":\"https:\\\/\\\/thelumiaresstg.ignitecreates.com\\\/pt-pt\\\/ofertas\\\/#breadcrumb\",\"itemListElement\":[{\"@type\":\"ListItem\",\"position\":1,\"name\":\"Home\",\"item\":\"https:\\\/\\\/thelumiaresstg.ignitecreates.com\\\/pt-pt\\\/\"},{\"@type\":\"ListItem\",\"position\":2,\"name\":\"Ofertas\"}]},{\"@type\":\"WebSite\",\"@id\":\"https:\\\/\\\/thelumiaresstg.ignitecreates.com\\\/pt-pt\\\/#website\",\"url\":\"https:\\\/\\\/thelumiaresstg.ignitecreates.com\\\/pt-pt\\\/\",\"name\":\"The Lumiares\",\"description\":\"\",\"potentialAction\":[{\"@type\":\"SearchAction\",\"target\":{\"@type\":\"EntryPoint\",\"urlTemplate\":\"https:\\\/\\\/thelumiaresstg.ignitecreates.com\\\/pt-pt\\\/?s={search_term_string}\"},\"query-input\":{\"@type\":\"PropertyValueSpecification\",\"valueRequired\":true,\"valueName\":\"search_term_string\"}}],\"inLanguage\":\"pt-PT\"}]}<\/script>\n<!-- \/ Yoast SEO plugin. -->","yoast_head_json":{"title":"Ofertas - The Lumiares 5* Hotel & Spa - Bairro Alto, Lisboa","description":"Reserve diretamente a sua estadia de 5* com a melhor tarifa dispon\u00edvel, pequeno-almo\u00e7o inclu\u00eddo, cr\u00e9dito no restaurante e no Spa.","robots":{"index":"index","follow":"follow","max-snippet":"max-snippet:-1","max-image-preview":"max-image-preview:large","max-video-preview":"max-video-preview:-1"},"canonical":"https:\/\/thelumiaresstg.ignitecreates.com\/pt-pt\/ofertas\/","og_locale":"pt_PT","og_type":"article","og_title":"Ofertas - The Lumiares 5* Hotel & Spa - Bairro Alto, Lisboa","og_description":"Reserve diretamente a sua estadia de 5* com a melhor tarifa dispon\u00edvel, pequeno-almo\u00e7o inclu\u00eddo, cr\u00e9dito no restaurante e no Spa.","og_url":"https:\/\/thelumiaresstg.ignitecreates.com\/pt-pt\/ofertas\/","og_site_name":"The Lumiares","article_modified_time":"2025-07-29T12:22:08+00:00","twitter_card":"summary_large_image","schema":{"@context":"https:\/\/schema.org","@graph":[{"@type":"WebPage","@id":"https:\/\/thelumiaresstg.ignitecreates.com\/pt-pt\/ofertas\/","url":"https:\/\/thelumiaresstg.ignitecreates.com\/pt-pt\/ofertas\/","name":"Ofertas - The Lumiares 5* Hotel & Spa - Bairro Alto, Lisboa","isPartOf":{"@id":"https:\/\/thelumiaresstg.ignitecreates.com\/pt-pt\/#website"},"datePublished":"2019-09-23T11:07:13+00:00","dateModified":"2025-07-29T12:22:08+00:00","description":"Reserve diretamente a sua estadia de 5* com a melhor tarifa dispon\u00edvel, pequeno-almo\u00e7o inclu\u00eddo, cr\u00e9dito no restaurante e no Spa.","breadcrumb":{"@id":"https:\/\/thelumiaresstg.ignitecreates.com\/pt-pt\/ofertas\/#breadcrumb"},"inLanguage":"pt-PT","potentialAction":[{"@type":"ReadAction","target":["https:\/\/thelumiaresstg.ignitecreates.com\/pt-pt\/ofertas\/"]}]},{"@type":"BreadcrumbList","@id":"https:\/\/thelumiaresstg.ignitecreates.com\/pt-pt\/ofertas\/#breadcrumb","itemListElement":[{"@type":"ListItem","position":1,"name":"Home","item":"https:\/\/thelumiaresstg.ignitecreates.com\/pt-pt\/"},{"@type":"ListItem","position":2,"name":"Ofertas"}]},{"@type":"WebSite","@id":"https:\/\/thelumiaresstg.ignitecreates.com\/pt-pt\/#website","url":"https:\/\/thelumiaresstg.ignitecreates.com\/pt-pt\/","name":"The Lumiares","description":"","potentialAction":[{"@type":"SearchAction","target":{"@type":"EntryPoint","urlTemplate":"https:\/\/thelumiaresstg.ignitecreates.com\/pt-pt\/?s={search_term_string}"},"query-input":{"@type":"PropertyValueSpecification","valueRequired":true,"valueName":"search_term_string"}}],"inLanguage":"pt-PT"}]}},"_links":{"self":[{"href":"https:\/\/thelumiaresstg.ignitecreates.com\/pt-pt\/wp-json\/wp\/v2\/pages\/2625","targetHints":{"allow":["GET"]}}],"collection":[{"href":"https:\/\/thelumiaresstg.ignitecreates.com\/pt-pt\/wp-json\/wp\/v2\/pages"}],"about":[{"href":"https:\/\/thelumiaresstg.ignitecreates.com\/pt-pt\/wp-json\/wp\/v2\/types\/page"}],"author":[{"embeddable":true,"href":"https:\/\/thelumiaresstg.ignitecreates.com\/pt-pt\/wp-json\/wp\/v2\/users\/1"}],"replies":[{"embeddable":true,"href":"https:\/\/thelumiaresstg.ignitecreates.com\/pt-pt\/wp-json\/wp\/v2\/comments?post=2625"}],"version-history":[{"count":0,"href":"https:\/\/thelumiaresstg.ignitecreates.com\/pt-pt\/wp-json\/wp\/v2\/pages\/2625\/revisions"}],"wp:attachment":[{"href":"https:\/\/thelumiaresstg.ignitecreates.com\/pt-pt\/wp-json\/wp\/v2\/media?parent=2625"}],"curies":[{"name":"wp","href":"https:\/\/api.w.org\/{rel}","templated":true}]}}