{"id":2620,"date":"2019-08-29T11:32:42","date_gmt":"2019-08-29T10:32:42","guid":{"rendered":"https:\/\/www.thelumiares.com\/contact\/find-us\/"},"modified":"2025-09-19T08:14:51","modified_gmt":"2025-09-19T08:14:51","slug":"encontre-nos","status":"publish","type":"page","link":"https:\/\/thelumiaresstg.ignitecreates.com\/pt-pt\/contacto\/encontre-nos\/","title":{"rendered":"Encontre-nos"},"content":{"rendered":"<h2>ONDE ESTAMOS<\/h2>\n<p>Estamos localizados no topo da colina no Bairro Alto, proporcionando incr\u00edveis vistas panor\u00e2micas at\u00e9 ao Rio Tejo, de um lado, e ao Castelo de S\u00e3o Jorge, do outro.<\/p>\n<p>Com a sua ecl\u00e9tica mistura de caf\u00e9s, lojas, bares animados e museus, o Bairro Alto \u00e9 o cora\u00e7\u00e3o bo\u00e9mio e cultural de Lisboa. Os monumentos e mosteiros, catedrais e galerias de arte est\u00e3o a uma curta dist\u00e2ncia a p\u00e9. Encontrar\u00e1 o melhor da cidade mesmo \u00e0 nossa porta.<\/p>\n<p>Perca-se por ruelas estreitas com edif\u00edcios coloridos e cal\u00e7adas empedradas, cheias de tabernas e caf\u00e9s. Sente-se debaixo de um maravilhoso c\u00e9u azul, raiado pela luz dourada de Lisboa, e observe o mundo a passar \u00e0 sua frente.<\/p>\n<p>Lisboa est\u00e1 \u00e0 espera de ser descoberta.<\/p>\n<p>&nbsp;<\/p>\n","protected":false},"excerpt":{"rendered":"<p>ONDE ESTAMOS Estamos localizados no topo da colina no Bairro Alto, proporcionando incr\u00edveis vistas panor\u00e2micas at\u00e9 ao Rio Tejo, de [&hellip;]<\/p>\n","protected":false},"author":1,"featured_media":0,"parent":2598,"menu_order":0,"comment_status":"closed","ping_status":"closed","template":"templates\/find-us-template.php","meta":{"_acf_changed":false,"footnotes":""},"class_list":["post-2620","page","type-page","status-publish","hentry"],"acf":[],"yoast_head":"<!-- This site is optimized with the Yoast SEO plugin v27.4 - https:\/\/yoast.com\/product\/yoast-seo-wordpress\/ -->\n<title>Encontre-nos - The Lumiares 5* Hotel &amp; Spa - Bairro Alto<\/title>\n<meta name=\"description\" content=\"The Lumiares hotel e localizado no topo da colina no Bairro Alto, proporcionando incr\u00edveis vistas panor\u00e2micas at\u00e9 ao Rio Tejo e ao Castelo de S\u00e3o Jorge\" \/>\n<meta name=\"robots\" content=\"index, follow, max-snippet:-1, max-image-preview:large, max-video-preview:-1\" \/>\n<link rel=\"canonical\" href=\"https:\/\/thelumiaresstg.ignitecreates.com\/pt-pt\/contacto\/encontre-nos\/\" \/>\n<meta property=\"og:locale\" content=\"pt_PT\" \/>\n<meta property=\"og:type\" content=\"article\" \/>\n<meta property=\"og:title\" content=\"Encontre-nos - The Lumiares 5* Hotel &amp; Spa - Bairro Alto\" \/>\n<meta property=\"og:description\" content=\"The Lumiares hotel e localizado no topo da colina no Bairro Alto, proporcionando incr\u00edveis vistas panor\u00e2micas at\u00e9 ao Rio Tejo e ao Castelo de S\u00e3o Jorge\" \/>\n<meta property=\"og:url\" content=\"https:\/\/thelumiaresstg.ignitecreates.com\/pt-pt\/contacto\/encontre-nos\/\" \/>\n<meta property=\"og:site_name\" content=\"The Lumiares\" \/>\n<meta property=\"article:modified_time\" content=\"2025-09-19T08:14:51+00:00\" \/>\n<meta name=\"twitter:card\" content=\"summary_large_image\" \/>\n<meta name=\"twitter:label1\" content=\"Tempo estimado de leitura\" \/>\n\t<meta name=\"twitter:data1\" content=\"1 minuto\" \/>\n<script type=\"application\/ld+json\" class=\"yoast-schema-graph\">{\"@context\":\"https:\\\/\\\/schema.org\",\"@graph\":[{\"@type\":\"WebPage\",\"@id\":\"https:\\\/\\\/thelumiaresstg.ignitecreates.com\\\/pt-pt\\\/contacto\\\/encontre-nos\\\/\",\"url\":\"https:\\\/\\\/thelumiaresstg.ignitecreates.com\\\/pt-pt\\\/contacto\\\/encontre-nos\\\/\",\"name\":\"Encontre-nos - The Lumiares 5* Hotel & Spa - Bairro Alto\",\"isPartOf\":{\"@id\":\"https:\\\/\\\/thelumiaresstg.ignitecreates.com\\\/pt-pt\\\/#website\"},\"datePublished\":\"2019-08-29T10:32:42+00:00\",\"dateModified\":\"2025-09-19T08:14:51+00:00\",\"description\":\"The Lumiares hotel e localizado no topo da colina no Bairro Alto, proporcionando incr\u00edveis vistas panor\u00e2micas at\u00e9 ao Rio Tejo e ao Castelo de S\u00e3o Jorge\",\"breadcrumb\":{\"@id\":\"https:\\\/\\\/thelumiaresstg.ignitecreates.com\\\/pt-pt\\\/contacto\\\/encontre-nos\\\/#breadcrumb\"},\"inLanguage\":\"pt-PT\",\"potentialAction\":[{\"@type\":\"ReadAction\",\"target\":[\"https:\\\/\\\/thelumiaresstg.ignitecreates.com\\\/pt-pt\\\/contacto\\\/encontre-nos\\\/\"]}]},{\"@type\":\"BreadcrumbList\",\"@id\":\"https:\\\/\\\/thelumiaresstg.ignitecreates.com\\\/pt-pt\\\/contacto\\\/encontre-nos\\\/#breadcrumb\",\"itemListElement\":[{\"@type\":\"ListItem\",\"position\":1,\"name\":\"Home\",\"item\":\"https:\\\/\\\/thelumiaresstg.ignitecreates.com\\\/pt-pt\\\/\"},{\"@type\":\"ListItem\",\"position\":2,\"name\":\"Contacto\",\"item\":\"https:\\\/\\\/thelumiaresstg.ignitecreates.com\\\/pt-pt\\\/contact\\\/\"},{\"@type\":\"ListItem\",\"position\":3,\"name\":\"Encontre-nos\"}]},{\"@type\":\"WebSite\",\"@id\":\"https:\\\/\\\/thelumiaresstg.ignitecreates.com\\\/pt-pt\\\/#website\",\"url\":\"https:\\\/\\\/thelumiaresstg.ignitecreates.com\\\/pt-pt\\\/\",\"name\":\"The Lumiares\",\"description\":\"\",\"potentialAction\":[{\"@type\":\"SearchAction\",\"target\":{\"@type\":\"EntryPoint\",\"urlTemplate\":\"https:\\\/\\\/thelumiaresstg.ignitecreates.com\\\/pt-pt\\\/?s={search_term_string}\"},\"query-input\":{\"@type\":\"PropertyValueSpecification\",\"valueRequired\":true,\"valueName\":\"search_term_string\"}}],\"inLanguage\":\"pt-PT\"}]}<\/script>\n<!-- \/ Yoast SEO plugin. -->","yoast_head_json":{"title":"Encontre-nos - The Lumiares 5* Hotel & Spa - Bairro Alto","description":"The Lumiares hotel e localizado no topo da colina no Bairro Alto, proporcionando incr\u00edveis vistas panor\u00e2micas at\u00e9 ao Rio Tejo e ao Castelo de S\u00e3o Jorge","robots":{"index":"index","follow":"follow","max-snippet":"max-snippet:-1","max-image-preview":"max-image-preview:large","max-video-preview":"max-video-preview:-1"},"canonical":"https:\/\/thelumiaresstg.ignitecreates.com\/pt-pt\/contacto\/encontre-nos\/","og_locale":"pt_PT","og_type":"article","og_title":"Encontre-nos - The Lumiares 5* Hotel & Spa - Bairro Alto","og_description":"The Lumiares hotel e localizado no topo da colina no Bairro Alto, proporcionando incr\u00edveis vistas panor\u00e2micas at\u00e9 ao Rio Tejo e ao Castelo de S\u00e3o Jorge","og_url":"https:\/\/thelumiaresstg.ignitecreates.com\/pt-pt\/contacto\/encontre-nos\/","og_site_name":"The Lumiares","article_modified_time":"2025-09-19T08:14:51+00:00","twitter_card":"summary_large_image","twitter_misc":{"Tempo estimado de leitura":"1 minuto"},"schema":{"@context":"https:\/\/schema.org","@graph":[{"@type":"WebPage","@id":"https:\/\/thelumiaresstg.ignitecreates.com\/pt-pt\/contacto\/encontre-nos\/","url":"https:\/\/thelumiaresstg.ignitecreates.com\/pt-pt\/contacto\/encontre-nos\/","name":"Encontre-nos - The Lumiares 5* Hotel & Spa - Bairro Alto","isPartOf":{"@id":"https:\/\/thelumiaresstg.ignitecreates.com\/pt-pt\/#website"},"datePublished":"2019-08-29T10:32:42+00:00","dateModified":"2025-09-19T08:14:51+00:00","description":"The Lumiares hotel e localizado no topo da colina no Bairro Alto, proporcionando incr\u00edveis vistas panor\u00e2micas at\u00e9 ao Rio Tejo e ao Castelo de S\u00e3o Jorge","breadcrumb":{"@id":"https:\/\/thelumiaresstg.ignitecreates.com\/pt-pt\/contacto\/encontre-nos\/#breadcrumb"},"inLanguage":"pt-PT","potentialAction":[{"@type":"ReadAction","target":["https:\/\/thelumiaresstg.ignitecreates.com\/pt-pt\/contacto\/encontre-nos\/"]}]},{"@type":"BreadcrumbList","@id":"https:\/\/thelumiaresstg.ignitecreates.com\/pt-pt\/contacto\/encontre-nos\/#breadcrumb","itemListElement":[{"@type":"ListItem","position":1,"name":"Home","item":"https:\/\/thelumiaresstg.ignitecreates.com\/pt-pt\/"},{"@type":"ListItem","position":2,"name":"Contacto","item":"https:\/\/thelumiaresstg.ignitecreates.com\/pt-pt\/contact\/"},{"@type":"ListItem","position":3,"name":"Encontre-nos"}]},{"@type":"WebSite","@id":"https:\/\/thelumiaresstg.ignitecreates.com\/pt-pt\/#website","url":"https:\/\/thelumiaresstg.ignitecreates.com\/pt-pt\/","name":"The Lumiares","description":"","potentialAction":[{"@type":"SearchAction","target":{"@type":"EntryPoint","urlTemplate":"https:\/\/thelumiaresstg.ignitecreates.com\/pt-pt\/?s={search_term_string}"},"query-input":{"@type":"PropertyValueSpecification","valueRequired":true,"valueName":"search_term_string"}}],"inLanguage":"pt-PT"}]}},"_links":{"self":[{"href":"https:\/\/thelumiaresstg.ignitecreates.com\/pt-pt\/wp-json\/wp\/v2\/pages\/2620","targetHints":{"allow":["GET"]}}],"collection":[{"href":"https:\/\/thelumiaresstg.ignitecreates.com\/pt-pt\/wp-json\/wp\/v2\/pages"}],"about":[{"href":"https:\/\/thelumiaresstg.ignitecreates.com\/pt-pt\/wp-json\/wp\/v2\/types\/page"}],"author":[{"embeddable":true,"href":"https:\/\/thelumiaresstg.ignitecreates.com\/pt-pt\/wp-json\/wp\/v2\/users\/1"}],"replies":[{"embeddable":true,"href":"https:\/\/thelumiaresstg.ignitecreates.com\/pt-pt\/wp-json\/wp\/v2\/comments?post=2620"}],"version-history":[{"count":0,"href":"https:\/\/thelumiaresstg.ignitecreates.com\/pt-pt\/wp-json\/wp\/v2\/pages\/2620\/revisions"}],"up":[{"embeddable":true,"href":"https:\/\/thelumiaresstg.ignitecreates.com\/pt-pt\/wp-json\/wp\/v2\/pages\/2598"}],"wp:attachment":[{"href":"https:\/\/thelumiaresstg.ignitecreates.com\/pt-pt\/wp-json\/wp\/v2\/media?parent=2620"}],"curies":[{"name":"wp","href":"https:\/\/api.w.org\/{rel}","templated":true}]}}