{"id":2567,"date":"2020-01-22T17:19:17","date_gmt":"2020-01-22T17:19:17","guid":{"rendered":"https:\/\/www.thelumiares.com\/?page_id=2567"},"modified":"2020-04-06T16:53:25","modified_gmt":"2020-04-06T16:53:25","slug":"termos-e-condicoes","status":"publish","type":"page","link":"https:\/\/thelumiaresstg.ignitecreates.com\/pt-pt\/termos-e-condicoes\/","title":{"rendered":"Termos e Condi\u00e7\u00f5es"},"content":{"rendered":"<p class=\"p1\"><span class=\"s1\">Este website (&#8220;site&#8221;) \u00e9 gerido pela Bomporto Hotels (&#8220;Bomporto&#8221;), uma empresa registada em Portugal com o n\u00famero 513766790, com sede social em 138-142 Rua Di\u00e1rio de Not\u00edcias \u2022 1200 \u2013 146 Lisboa, Portugal.<\/span><\/p>\n<p class=\"p1\"><span class=\"s1\">Os presentes termos e condi\u00e7\u00f5es descrevem o quadro jur\u00eddico ao abrigo do qual o cliente aceita participar no nosso site, os seus direitos e responsabilidades e o que pode esperar de n\u00f3s. Ao visitar ou utilizar o nosso site, aceita e concorda com os presentes termos e condi\u00e7\u00f5es. Se n\u00e3o concordar com os presentes termos e condi\u00e7\u00f5es, n\u00e3o est\u00e1 autorizado a utilizar este site.<\/span><\/p>\n<p class=\"p1\"><span class=\"s1\"><b>1. Isen\u00e7\u00e3o de responsabilidade<\/b><\/span><\/p>\n<p class=\"p1\"><span class=\"s1\">As informa\u00e7\u00f5es contidas neste site s\u00e3o publicadas de boa f\u00e9 e atualizadas regularmente, mas a BOMPORTO n\u00e3o pode garantir a sua integralidade e exatid\u00e3o. A BOMPORTO n\u00e3o aceita qualquer responsabilidade, para consigo ou terceiros, por quaisquer erros ou omiss\u00f5es neste site. A BOMPORTO pode alterar, atualizar ou eliminar os termos e condi\u00e7\u00f5es ou quaisquer informa\u00e7\u00f5es deste site, sem aviso pr\u00e9vio. A BOMPORTO n\u00e3o garante que este site seja ininterrupto, isento de erros ou que quaisquer informa\u00e7\u00f5es ou outros materiais acess\u00edveis a partir deste site estejam livres de v\u00edrus ou outros componentes nocivos.<\/span><\/p>\n<p class=\"p1\"><span class=\"s1\">A BOMPORTO n\u00e3o ser\u00e1 respons\u00e1vel por qualquer perda direta ou indireta resultante da sua utiliza\u00e7\u00e3o das informa\u00e7\u00f5es deste site, exceto no caso de morte ou danos pessoais resultantes de neglig\u00eancia da nossa parte.<\/span><\/p>\n<p class=\"p1\"><span class=\"s1\"><b>2. Reservar alojamento<\/b><\/span><\/p>\n<p class=\"p1\"><span class=\"s1\">Al\u00e9m dos termos e condi\u00e7\u00f5es do site, se efetuar uma reserva atrav\u00e9s da BOMPORTO, aplicar-se-\u00e3o Termos e Condi\u00e7\u00f5es em separado. Os Termos e Condi\u00e7\u00f5es aplic\u00e1veis variam consoante a propriedade gerida pela BOMPORTO que selecionar.<\/span><\/p>\n<p class=\"p1\"><span class=\"s1\">Ser\u00e1 notificado dos termos e condi\u00e7\u00f5es relevantes, no momento da reserva. Caso exista qualquer inconsist\u00eancia entre os Termos e Condi\u00e7\u00f5es de Reserva e os Termos e Condi\u00e7\u00f5es do Site, dever\u00e3o prevalecer os Termos e Condi\u00e7\u00f5es de Reserva.<\/span><\/p>\n<p class=\"p1\"><span class=\"s1\"><b>3. Propriedade intelectual<\/b><\/span><\/p>\n<p class=\"p1\"><span class=\"s1\">O nome e log\u00f3tipo do Hotel e todos os nomes, marcas de design e slogans de produtos e servi\u00e7os relacionados s\u00e3o marcas comerciais ou marcas de servi\u00e7o da BOMPORTO. Todos os outros nomes, log\u00f3tipos e nomes, marcas de design e slogans de produtos e servi\u00e7os relacionados s\u00e3o marcas comerciais ou marcas de servi\u00e7o dos respetivos propriet\u00e1rios. Todos os direitos s\u00e3o reconhecidos.<\/span><\/p>\n<p class=\"p1\"><span class=\"s1\">Os direitos de autor de todos os detalhes, slides, fotografias, imagens, mapas, informa\u00e7\u00f5es sobre viagens e outros materiais dispon\u00edveis neste site pertencem \u00e0 BOMPORTO ou aos seus fornecedores. O seu acesso aos materiais e aos produtos ou servi\u00e7os dispon\u00edveis atrav\u00e9s deste website n\u00e3o lhe d\u00e1 autoriza\u00e7\u00e3o para modificar, exibir, licenciar, transferir, vender, reproduzir, distribuir ou utilizar de qualquer outra forma quaisquer materiais (incluindo dados), \u00e0 exce\u00e7\u00e3o de realizar c\u00f3pias limitadas dos seus dados de reserva apenas para seu uso pessoal.<\/span><\/p>\n<p class=\"p1\"><span class=\"s1\">Pode estabelecer uma liga\u00e7\u00e3o \u00e0 p\u00e1gina inicial deste site, mas n\u00e3o pode:<\/span><\/p>\n<p class=\"p1\"><span class=\"s1\">o estabelecer liga\u00e7\u00f5es a outras p\u00e1ginas para al\u00e9m da p\u00e1gina inicial ou utilizar frames para limitar a utiliza\u00e7\u00e3o prevista, completa e integral, deste site;<\/span><\/p>\n<p class=\"p1\"><span class=\"s1\">o ignorar ou contornais quaisquer medidas aplicadas pela BOMPORTO para limitar tais liga\u00e7\u00f5es n\u00e3o permitidas ou a utiliza\u00e7\u00e3o de frames;<\/span><\/p>\n<p class=\"p1\"><span class=\"s1\">o impor, na opini\u00e3o da BOMPORTO, uma carga irrazo\u00e1vel ou desproporcionadamente grande neste website;<\/span><\/p>\n<p class=\"p1\"><span class=\"s1\">o utilizar qualquer robot, spider, scraper ou outros meios autom\u00e1ticos ou processos manuais para aceder, monitorizar ou copiar materiais deste website; ou<\/span><\/p>\n<p class=\"p1\"><span class=\"s1\">o utilizar quaisquer destes direitos ou outros direitos de propriedade intelectual de materiais relacionados com este website sem a autoriza\u00e7\u00e3o pr\u00e9via, por escrito, da BOMPORTO.<\/span><\/p>\n<p class=\"p1\"><span class=\"s1\"><b>4. Promo\u00e7\u00f5es<\/b><\/span><\/p>\n<p class=\"p1\"><span class=\"s1\">As ofertas promocionais ou de descontos apresentadas neste site s\u00e3o fornecidas ao crit\u00e9rio da BOMPORTO. Todas as ofertas est\u00e3o sujeitas a disponibilidade de podem ser retiradas a qualquer momento.<\/span><\/p>\n<p class=\"p1\"><span class=\"s1\"><b>5. Terceiros<\/b><\/span><\/p>\n<p class=\"p1\"><span class=\"s1\">As refer\u00eancias neste site a quaisquer produtos, servi\u00e7os, processos, nomes de marcas, marcas comerciais ou outras informa\u00e7\u00f5es de terceiros n\u00e3o implicam nem constituem uma aprova\u00e7\u00e3o, patroc\u00ednio ou recomenda\u00e7\u00e3o por parte da BOMPORTO.<\/span><\/p>\n<p class=\"p1\"><span class=\"s1\"><b>6. A sua responsabilidade<\/b><\/span><\/p>\n<p class=\"p1\"><span class=\"s1\">Tem de manter em seguran\u00e7a quaisquer meios de identifica\u00e7\u00e3o que a BOMPORTO lhe forne\u00e7a para poder utilizar quaisquer servi\u00e7os neste site. Reconhece que ser\u00e1 financeiramente respons\u00e1vel por qualquer utiliza\u00e7\u00e3o deste website, incluindo o uso da sua conta por terceiros. Ao utilizar quaisquer servi\u00e7os neste site, ter\u00e1 de fornecer informa\u00e7\u00f5es exatas e n\u00e3o enganosas.<\/span><\/p>\n<p class=\"p1\"><span class=\"s1\">Confirma \u00e0 BOMPORTO que tem, pelo menos, 18 anos de idade e possui a autorizada legal para estabelecer este acordo e utilizar este website, em conformidade com todos os termos e condi\u00e7\u00f5es nele contidos.<\/span><\/p>\n<p class=\"p1\"><span class=\"s1\"><b>7. Legisla\u00e7\u00e3o aplic\u00e1vel e jurisdi\u00e7\u00e3o<\/b><\/span><\/p>\n<p class=\"p1\"><span class=\"s1\">Os termos deste site ser\u00e3o regidos pela legisla\u00e7\u00e3o portuguesa. Quaisquer lit\u00edgios relacionados com este site estar\u00e3o sujeitos \u00e0 jurisdi\u00e7\u00e3o dos tribunais portugueses.<\/span><\/p>\n<p class=\"p1\"><span class=\"s1\"><b>8. Nenhum uso ilegal ou proibido<\/b><\/span><\/p>\n<p class=\"p1\"><span class=\"s1\">Como condi\u00e7\u00e3o para a utiliza\u00e7\u00e3o deste site, o cliente garante \u00e0 BOMPORTO que n\u00e3o utilizar\u00e1 este site para quaisquer efeitos ilegais ou proibidos pelos presentes termos, condi\u00e7\u00f5es e avisos.<\/span><\/p>\n<p class=\"p1\"><span class=\"s1\"><b>9. Liga\u00e7\u00f5es a sites de terceiros<\/b><\/span><\/p>\n<p class=\"p1\"><span class=\"s1\">Este site pode conter hiperliga\u00e7\u00f5es a sites geridos por outras entidades que n\u00e3o a BOMPORTO. Essas hiperliga\u00e7\u00f5es s\u00e3o fornecidas apenas para refer\u00eancia. A BOMPORTO n\u00e3o as controla nem \u00e9 respons\u00e1vel pelos seus conte\u00fados, nem pela sua utiliza\u00e7\u00e3o dos mesmos. O facto de a BOMPORTO incluir hiperliga\u00e7\u00f5es desses sites n\u00e3o implica qualquer aprova\u00e7\u00e3o do material dispon\u00edvel nos mesmos ou qualquer associa\u00e7\u00e3o com os seus operadores.<\/span><\/p>\n<p class=\"p1\"><span class=\"s1\">\u00daltima atualiza\u00e7\u00e3o: 05\/05\/2018<\/span><\/p>\n<p class=\"p1\"><span class=\"s1\">BOMPORTO HOTELS Ltd<\/span><\/p>\n<p class=\"p1\"><span class=\"s1\">Todos os direitos reservados. Nenhuma parte deste website ou dos dados contidos no mesmo pode ser reproduzida em qualquer formato material (incluindo o armazenamento em quaisquer suportes por meios eletr\u00f3nicos, quer seja ou n\u00e3o de forma transit\u00f3ria ou incidental, para qualquer outra utiliza\u00e7\u00e3o deste website) sem a autoriza\u00e7\u00e3o do propriet\u00e1rio dos direitos de autor.<\/span><\/p>\n<p class=\"p1\"><span class=\"s1\">Aviso: a pr\u00e1tica de um ato n\u00e3o autorizado relativamente a um trabalho protegido por direitos de autor pode resultar numa a\u00e7\u00e3o c\u00edvel de indemniza\u00e7\u00e3o e numa a\u00e7\u00e3o penal.<\/span><\/p>\n","protected":false},"excerpt":{"rendered":"<p>Este website (&#8220;site&#8221;) \u00e9 gerido pela Bomporto Hotels (&#8220;Bomporto&#8221;), uma empresa registada em Portugal com o n\u00famero 513766790, com sede [&hellip;]<\/p>\n","protected":false},"author":1,"featured_media":0,"parent":0,"menu_order":0,"comment_status":"closed","ping_status":"closed","template":"","meta":{"_acf_changed":false,"footnotes":""},"class_list":["post-2567","page","type-page","status-publish","hentry"],"acf":[],"yoast_head":"<!-- This site is optimized with the Yoast SEO plugin v27.4 - https:\/\/yoast.com\/product\/yoast-seo-wordpress\/ -->\n<title>Termos e Condi\u00e7\u00f5es - The Lumiares 5* Hotel - Bairro Alto<\/title>\n<meta name=\"description\" content=\"Os presentes termos e condi\u00e7\u00f5es descrevem o quadro jur\u00eddico ao abrigo do qual o cliente aceita participar no nosso site. Leia agora\" \/>\n<meta name=\"robots\" content=\"index, follow, max-snippet:-1, max-image-preview:large, max-video-preview:-1\" \/>\n<link rel=\"canonical\" href=\"https:\/\/thelumiaresstg.ignitecreates.com\/pt-pt\/termos-e-condicoes\/\" \/>\n<meta property=\"og:locale\" content=\"pt_PT\" \/>\n<meta property=\"og:type\" content=\"article\" \/>\n<meta property=\"og:title\" content=\"Termos e Condi\u00e7\u00f5es - The Lumiares 5* Hotel - Bairro Alto\" \/>\n<meta property=\"og:description\" content=\"Os presentes termos e condi\u00e7\u00f5es descrevem o quadro jur\u00eddico ao abrigo do qual o cliente aceita participar no nosso site. Leia agora\" \/>\n<meta property=\"og:url\" content=\"https:\/\/thelumiaresstg.ignitecreates.com\/pt-pt\/termos-e-condicoes\/\" \/>\n<meta property=\"og:site_name\" content=\"The Lumiares\" \/>\n<meta property=\"article:modified_time\" content=\"2020-04-06T16:53:25+00:00\" \/>\n<meta name=\"twitter:card\" content=\"summary_large_image\" \/>\n<meta name=\"twitter:label1\" content=\"Tempo estimado de leitura\" \/>\n\t<meta name=\"twitter:data1\" content=\"5 minutos\" \/>\n<script type=\"application\/ld+json\" class=\"yoast-schema-graph\">{\"@context\":\"https:\\\/\\\/schema.org\",\"@graph\":[{\"@type\":\"WebPage\",\"@id\":\"https:\\\/\\\/thelumiaresstg.ignitecreates.com\\\/pt-pt\\\/termos-e-condicoes\\\/\",\"url\":\"https:\\\/\\\/thelumiaresstg.ignitecreates.com\\\/pt-pt\\\/termos-e-condicoes\\\/\",\"name\":\"Termos e Condi\u00e7\u00f5es - The Lumiares 5* Hotel - Bairro Alto\",\"isPartOf\":{\"@id\":\"https:\\\/\\\/thelumiaresstg.ignitecreates.com\\\/pt-pt\\\/#website\"},\"datePublished\":\"2020-01-22T17:19:17+00:00\",\"dateModified\":\"2020-04-06T16:53:25+00:00\",\"description\":\"Os presentes termos e condi\u00e7\u00f5es descrevem o quadro jur\u00eddico ao abrigo do qual o cliente aceita participar no nosso site. Leia agora\",\"breadcrumb\":{\"@id\":\"https:\\\/\\\/thelumiaresstg.ignitecreates.com\\\/pt-pt\\\/termos-e-condicoes\\\/#breadcrumb\"},\"inLanguage\":\"pt-PT\",\"potentialAction\":[{\"@type\":\"ReadAction\",\"target\":[\"https:\\\/\\\/thelumiaresstg.ignitecreates.com\\\/pt-pt\\\/termos-e-condicoes\\\/\"]}]},{\"@type\":\"BreadcrumbList\",\"@id\":\"https:\\\/\\\/thelumiaresstg.ignitecreates.com\\\/pt-pt\\\/termos-e-condicoes\\\/#breadcrumb\",\"itemListElement\":[{\"@type\":\"ListItem\",\"position\":1,\"name\":\"Home\",\"item\":\"https:\\\/\\\/thelumiaresstg.ignitecreates.com\\\/pt-pt\\\/\"},{\"@type\":\"ListItem\",\"position\":2,\"name\":\"Termos e Condi\u00e7\u00f5es\"}]},{\"@type\":\"WebSite\",\"@id\":\"https:\\\/\\\/thelumiaresstg.ignitecreates.com\\\/pt-pt\\\/#website\",\"url\":\"https:\\\/\\\/thelumiaresstg.ignitecreates.com\\\/pt-pt\\\/\",\"name\":\"The Lumiares\",\"description\":\"\",\"potentialAction\":[{\"@type\":\"SearchAction\",\"target\":{\"@type\":\"EntryPoint\",\"urlTemplate\":\"https:\\\/\\\/thelumiaresstg.ignitecreates.com\\\/pt-pt\\\/?s={search_term_string}\"},\"query-input\":{\"@type\":\"PropertyValueSpecification\",\"valueRequired\":true,\"valueName\":\"search_term_string\"}}],\"inLanguage\":\"pt-PT\"}]}<\/script>\n<!-- \/ Yoast SEO plugin. -->","yoast_head_json":{"title":"Termos e Condi\u00e7\u00f5es - The Lumiares 5* Hotel - Bairro Alto","description":"Os presentes termos e condi\u00e7\u00f5es descrevem o quadro jur\u00eddico ao abrigo do qual o cliente aceita participar no nosso site. Leia agora","robots":{"index":"index","follow":"follow","max-snippet":"max-snippet:-1","max-image-preview":"max-image-preview:large","max-video-preview":"max-video-preview:-1"},"canonical":"https:\/\/thelumiaresstg.ignitecreates.com\/pt-pt\/termos-e-condicoes\/","og_locale":"pt_PT","og_type":"article","og_title":"Termos e Condi\u00e7\u00f5es - The Lumiares 5* Hotel - Bairro Alto","og_description":"Os presentes termos e condi\u00e7\u00f5es descrevem o quadro jur\u00eddico ao abrigo do qual o cliente aceita participar no nosso site. Leia agora","og_url":"https:\/\/thelumiaresstg.ignitecreates.com\/pt-pt\/termos-e-condicoes\/","og_site_name":"The Lumiares","article_modified_time":"2020-04-06T16:53:25+00:00","twitter_card":"summary_large_image","twitter_misc":{"Tempo estimado de leitura":"5 minutos"},"schema":{"@context":"https:\/\/schema.org","@graph":[{"@type":"WebPage","@id":"https:\/\/thelumiaresstg.ignitecreates.com\/pt-pt\/termos-e-condicoes\/","url":"https:\/\/thelumiaresstg.ignitecreates.com\/pt-pt\/termos-e-condicoes\/","name":"Termos e Condi\u00e7\u00f5es - The Lumiares 5* Hotel - Bairro Alto","isPartOf":{"@id":"https:\/\/thelumiaresstg.ignitecreates.com\/pt-pt\/#website"},"datePublished":"2020-01-22T17:19:17+00:00","dateModified":"2020-04-06T16:53:25+00:00","description":"Os presentes termos e condi\u00e7\u00f5es descrevem o quadro jur\u00eddico ao abrigo do qual o cliente aceita participar no nosso site. Leia agora","breadcrumb":{"@id":"https:\/\/thelumiaresstg.ignitecreates.com\/pt-pt\/termos-e-condicoes\/#breadcrumb"},"inLanguage":"pt-PT","potentialAction":[{"@type":"ReadAction","target":["https:\/\/thelumiaresstg.ignitecreates.com\/pt-pt\/termos-e-condicoes\/"]}]},{"@type":"BreadcrumbList","@id":"https:\/\/thelumiaresstg.ignitecreates.com\/pt-pt\/termos-e-condicoes\/#breadcrumb","itemListElement":[{"@type":"ListItem","position":1,"name":"Home","item":"https:\/\/thelumiaresstg.ignitecreates.com\/pt-pt\/"},{"@type":"ListItem","position":2,"name":"Termos e Condi\u00e7\u00f5es"}]},{"@type":"WebSite","@id":"https:\/\/thelumiaresstg.ignitecreates.com\/pt-pt\/#website","url":"https:\/\/thelumiaresstg.ignitecreates.com\/pt-pt\/","name":"The Lumiares","description":"","potentialAction":[{"@type":"SearchAction","target":{"@type":"EntryPoint","urlTemplate":"https:\/\/thelumiaresstg.ignitecreates.com\/pt-pt\/?s={search_term_string}"},"query-input":{"@type":"PropertyValueSpecification","valueRequired":true,"valueName":"search_term_string"}}],"inLanguage":"pt-PT"}]}},"_links":{"self":[{"href":"https:\/\/thelumiaresstg.ignitecreates.com\/pt-pt\/wp-json\/wp\/v2\/pages\/2567","targetHints":{"allow":["GET"]}}],"collection":[{"href":"https:\/\/thelumiaresstg.ignitecreates.com\/pt-pt\/wp-json\/wp\/v2\/pages"}],"about":[{"href":"https:\/\/thelumiaresstg.ignitecreates.com\/pt-pt\/wp-json\/wp\/v2\/types\/page"}],"author":[{"embeddable":true,"href":"https:\/\/thelumiaresstg.ignitecreates.com\/pt-pt\/wp-json\/wp\/v2\/users\/1"}],"replies":[{"embeddable":true,"href":"https:\/\/thelumiaresstg.ignitecreates.com\/pt-pt\/wp-json\/wp\/v2\/comments?post=2567"}],"version-history":[{"count":0,"href":"https:\/\/thelumiaresstg.ignitecreates.com\/pt-pt\/wp-json\/wp\/v2\/pages\/2567\/revisions"}],"wp:attachment":[{"href":"https:\/\/thelumiaresstg.ignitecreates.com\/pt-pt\/wp-json\/wp\/v2\/media?parent=2567"}],"curies":[{"name":"wp","href":"https:\/\/api.w.org\/{rel}","templated":true}]}}