{"id":7955,"date":"2024-08-09T13:24:37","date_gmt":"2024-08-09T13:24:37","guid":{"rendered":"https:\/\/www.thelumiares.com\/?page_id=7955"},"modified":"2025-09-18T14:32:02","modified_gmt":"2025-09-18T14:32:02","slug":"autres-services","status":"publish","type":"page","link":"https:\/\/thelumiaresstg.ignitecreates.com\/fr\/autres-services\/","title":{"rendered":"Autres Services"},"content":{"rendered":"<h2>Autres Services<\/h2>\n<p>&nbsp;<\/p>\n<p><a href=\"https:\/\/www-thelumiares-com.bomportostage.wpengine.com\/fr\/\" target=\"_blank\" rel=\"noopener\"><strong>The Lumiares<\/strong><\/a> offre diff\u00e9rents cadres qui constituent une excellente toile de fond pour votre s\u00e9jour, avec un parking facile \u00e0 Bairro Alto, d&rsquo;un d\u00e9fil\u00e9 de mode dans nos escaliers \u00e0 une r\u00e9union d&rsquo;affaires dans un penthouse.<\/p>\n<p>&nbsp;<\/p>\n<h3>Parking<\/h3>\n<p>Le parking souterrain priv\u00e9 de l&rsquo;h\u00f4tel offre un vaste espace de <strong>stationnement s\u00e9curis\u00e9<\/strong> pour les clients et les visiteurs en plein <strong>centre du Bairro Alto<\/strong>.<\/p>\n<p>Des places de parking sont disponibles moyennant une petite redevance journali\u00e8re et comprennent un <strong>chargeur rapide pour voitures \u00e9lectriques<\/strong>.<\/p>\n<p>&nbsp;<\/p>\n<h3>Salle de R\u00e9union<\/h3>\n<p>Si vous avez besoin d&rsquo;une salle de r\u00e9union improvis\u00e9e, vous pouvez demander l&rsquo;une de nos spacieuses <a href=\"https:\/\/www-thelumiares-com.bomportostage.wpengine.com\/fr\/chambres\/mezzanine-bairro-alto\/\" target=\"_blank\" rel=\"noopener\"><strong>mezzanines<\/strong> <\/a>ou l&rsquo;un de nos <strong><a href=\"https:\/\/www-thelumiares-com.bomportostage.wpengine.com\/fr\/chambres\/penthouse\/\" target=\"_blank\" rel=\"noopener\">penthouses<\/a><\/strong>.<\/p>\n<p>Nos suites peuvent accueillir diff\u00e9rentes configurations, parfaites pour de petites salles de r\u00e9union ou un cocktail r\u00e9unissant jusqu&rsquo;\u00e0 25 personnes.<\/p>\n<p>&nbsp;<\/p>\n<h3>Grand Escalier<\/h3>\n<p>Notre Grand Escalier, vestige de ce palais du XVIIIe si\u00e8cle, dot\u00e9 d&rsquo;une installation lumineuse sculpturale en laiton, est <strong>id\u00e9al pour les r\u00e9ceptions et les cocktails<\/strong>. Il peut accueillir jusqu&rsquo;\u00e0 70 personnes.<\/p>\n<p>&nbsp;<\/p>\n<p><img decoding=\"async\" class=\"aligncenter wp-image-7895 size-full lazyload\" data-src=\"https:\/\/www-thelumiares-com.bomportostage.wpengine.com\/wp-content\/uploads\/sites\/2\/2024\/08\/The-Lumiares-staircase.jpg\" alt=\"Staircase for events old palace \" width=\"1900\" height=\"1069\" data-srcset=\"https:\/\/thelumiaresstg.ignitecreates.com\/wp-content\/uploads\/sites\/2\/2024\/08\/The-Lumiares-staircase.jpg 1900w, https:\/\/thelumiaresstg.ignitecreates.com\/wp-content\/uploads\/sites\/2\/2024\/08\/The-Lumiares-staircase-300x169.jpg 300w, https:\/\/thelumiaresstg.ignitecreates.com\/wp-content\/uploads\/sites\/2\/2024\/08\/The-Lumiares-staircase-1024x576.jpg 1024w, https:\/\/thelumiaresstg.ignitecreates.com\/wp-content\/uploads\/sites\/2\/2024\/08\/The-Lumiares-staircase-768x432.jpg 768w, https:\/\/thelumiaresstg.ignitecreates.com\/wp-content\/uploads\/sites\/2\/2024\/08\/The-Lumiares-staircase-1536x864.jpg 1536w, https:\/\/thelumiaresstg.ignitecreates.com\/wp-content\/uploads\/sites\/2\/2024\/08\/The-Lumiares-staircase-590x332.jpg 590w, https:\/\/thelumiaresstg.ignitecreates.com\/wp-content\/uploads\/sites\/2\/2024\/08\/The-Lumiares-staircase-1196x673.jpg 1196w, https:\/\/thelumiaresstg.ignitecreates.com\/wp-content\/uploads\/sites\/2\/2024\/08\/The-Lumiares-staircase-700x394.jpg 700w, https:\/\/thelumiaresstg.ignitecreates.com\/wp-content\/uploads\/sites\/2\/2024\/08\/The-Lumiares-staircase-400x225.jpg 400w, https:\/\/thelumiaresstg.ignitecreates.com\/wp-content\/uploads\/sites\/2\/2024\/08\/The-Lumiares-staircase-725x408.jpg 725w, https:\/\/thelumiaresstg.ignitecreates.com\/wp-content\/uploads\/sites\/2\/2024\/08\/The-Lumiares-staircase-440x248.jpg 440w, https:\/\/thelumiaresstg.ignitecreates.com\/wp-content\/uploads\/sites\/2\/2024\/08\/The-Lumiares-staircase-600x338.jpg 600w, https:\/\/thelumiaresstg.ignitecreates.com\/wp-content\/uploads\/sites\/2\/2024\/08\/The-Lumiares-staircase-1000x563.jpg 1000w, https:\/\/thelumiaresstg.ignitecreates.com\/wp-content\/uploads\/sites\/2\/2024\/08\/The-Lumiares-staircase-800x450.jpg 800w, https:\/\/thelumiaresstg.ignitecreates.com\/wp-content\/uploads\/sites\/2\/2024\/08\/The-Lumiares-staircase-1066x600.jpg 1066w, https:\/\/thelumiaresstg.ignitecreates.com\/wp-content\/uploads\/sites\/2\/2024\/08\/The-Lumiares-staircase-124x70.jpg 124w\" data-sizes=\"(max-width: 1900px) 100vw, 1900px\" src=\"data:image\/svg+xml;base64,PHN2ZyB3aWR0aD0iMSIgaGVpZ2h0PSIxIiB4bWxucz0iaHR0cDovL3d3dy53My5vcmcvMjAwMC9zdmciPjwvc3ZnPg==\" style=\"--smush-placeholder-width: 1900px; --smush-placeholder-aspect-ratio: 1900\/1069;\" \/><\/p>\n","protected":false},"excerpt":{"rendered":"<p>Autres Services &nbsp; The Lumiares offre diff\u00e9rents cadres qui constituent une excellente toile de fond pour votre s\u00e9jour, avec un [&hellip;]<\/p>\n","protected":false},"author":1,"featured_media":0,"parent":0,"menu_order":0,"comment_status":"closed","ping_status":"closed","template":"","meta":{"_acf_changed":false,"footnotes":""},"class_list":["post-7955","page","type-page","status-publish","hentry"],"acf":[],"yoast_head":"<!-- This site is optimized with the Yoast SEO plugin v27.4 - https:\/\/yoast.com\/product\/yoast-seo-wordpress\/ -->\n<title>Autres Services - The Lumiares<\/title>\n<meta name=\"description\" content=\"Notre h\u00f4tel de Lisbonne propose diff\u00e9rents services pour votre s\u00e9jour, avec un parking facile \u00e0 Bairro Alto.\" \/>\n<meta name=\"robots\" content=\"index, follow, max-snippet:-1, max-image-preview:large, max-video-preview:-1\" \/>\n<link rel=\"canonical\" href=\"https:\/\/thelumiaresstg.ignitecreates.com\/fr\/autres-services\/\" \/>\n<meta property=\"og:locale\" content=\"fr_FR\" \/>\n<meta property=\"og:type\" content=\"article\" \/>\n<meta property=\"og:title\" content=\"Autres Services - The Lumiares\" \/>\n<meta property=\"og:description\" content=\"Notre h\u00f4tel de Lisbonne propose diff\u00e9rents services pour votre s\u00e9jour, avec un parking facile \u00e0 Bairro Alto.\" \/>\n<meta property=\"og:url\" content=\"https:\/\/thelumiaresstg.ignitecreates.com\/fr\/autres-services\/\" \/>\n<meta property=\"og:site_name\" content=\"The Lumiares\" \/>\n<meta property=\"article:modified_time\" content=\"2025-09-18T14:32:02+00:00\" \/>\n<meta property=\"og:image\" content=\"https:\/\/www-thelumiares-com.bomportostage.wpengine.com\/wp-content\/uploads\/sites\/2\/2024\/08\/The-Lumiares-staircase.jpg\" \/>\n<meta name=\"twitter:card\" content=\"summary_large_image\" \/>\n<meta name=\"twitter:label1\" content=\"Dur\u00e9e de lecture estim\u00e9e\" \/>\n\t<meta name=\"twitter:data1\" content=\"1 minute\" \/>\n<script type=\"application\/ld+json\" class=\"yoast-schema-graph\">{\"@context\":\"https:\\\/\\\/schema.org\",\"@graph\":[{\"@type\":\"WebPage\",\"@id\":\"https:\\\/\\\/thelumiaresstg.ignitecreates.com\\\/fr\\\/autres-services\\\/\",\"url\":\"https:\\\/\\\/thelumiaresstg.ignitecreates.com\\\/fr\\\/autres-services\\\/\",\"name\":\"Autres Services - The Lumiares\",\"isPartOf\":{\"@id\":\"https:\\\/\\\/thelumiaresstg.ignitecreates.com\\\/fr\\\/#website\"},\"primaryImageOfPage\":{\"@id\":\"https:\\\/\\\/thelumiaresstg.ignitecreates.com\\\/fr\\\/autres-services\\\/#primaryimage\"},\"image\":{\"@id\":\"https:\\\/\\\/thelumiaresstg.ignitecreates.com\\\/fr\\\/autres-services\\\/#primaryimage\"},\"thumbnailUrl\":\"https:\\\/\\\/www-thelumiares-com.bomportostage.wpengine.com\\\/wp-content\\\/uploads\\\/sites\\\/2\\\/2024\\\/08\\\/The-Lumiares-staircase.jpg\",\"datePublished\":\"2024-08-09T13:24:37+00:00\",\"dateModified\":\"2025-09-18T14:32:02+00:00\",\"description\":\"Notre h\u00f4tel de Lisbonne propose diff\u00e9rents services pour votre s\u00e9jour, avec un parking facile \u00e0 Bairro Alto.\",\"breadcrumb\":{\"@id\":\"https:\\\/\\\/thelumiaresstg.ignitecreates.com\\\/fr\\\/autres-services\\\/#breadcrumb\"},\"inLanguage\":\"fr-FR\",\"potentialAction\":[{\"@type\":\"ReadAction\",\"target\":[\"https:\\\/\\\/thelumiaresstg.ignitecreates.com\\\/fr\\\/autres-services\\\/\"]}]},{\"@type\":\"ImageObject\",\"inLanguage\":\"fr-FR\",\"@id\":\"https:\\\/\\\/thelumiaresstg.ignitecreates.com\\\/fr\\\/autres-services\\\/#primaryimage\",\"url\":\"https:\\\/\\\/www-thelumiares-com.bomportostage.wpengine.com\\\/wp-content\\\/uploads\\\/sites\\\/2\\\/2024\\\/08\\\/The-Lumiares-staircase.jpg\",\"contentUrl\":\"https:\\\/\\\/www-thelumiares-com.bomportostage.wpengine.com\\\/wp-content\\\/uploads\\\/sites\\\/2\\\/2024\\\/08\\\/The-Lumiares-staircase.jpg\"},{\"@type\":\"BreadcrumbList\",\"@id\":\"https:\\\/\\\/thelumiaresstg.ignitecreates.com\\\/fr\\\/autres-services\\\/#breadcrumb\",\"itemListElement\":[{\"@type\":\"ListItem\",\"position\":1,\"name\":\"Home\",\"item\":\"https:\\\/\\\/thelumiaresstg.ignitecreates.com\\\/fr\\\/\"},{\"@type\":\"ListItem\",\"position\":2,\"name\":\"Autres Services\"}]},{\"@type\":\"WebSite\",\"@id\":\"https:\\\/\\\/thelumiaresstg.ignitecreates.com\\\/fr\\\/#website\",\"url\":\"https:\\\/\\\/thelumiaresstg.ignitecreates.com\\\/fr\\\/\",\"name\":\"The Lumiares\",\"description\":\"\",\"potentialAction\":[{\"@type\":\"SearchAction\",\"target\":{\"@type\":\"EntryPoint\",\"urlTemplate\":\"https:\\\/\\\/thelumiaresstg.ignitecreates.com\\\/fr\\\/?s={search_term_string}\"},\"query-input\":{\"@type\":\"PropertyValueSpecification\",\"valueRequired\":true,\"valueName\":\"search_term_string\"}}],\"inLanguage\":\"fr-FR\"}]}<\/script>\n<!-- \/ Yoast SEO plugin. -->","yoast_head_json":{"title":"Autres Services - The Lumiares","description":"Notre h\u00f4tel de Lisbonne propose diff\u00e9rents services pour votre s\u00e9jour, avec un parking facile \u00e0 Bairro Alto.","robots":{"index":"index","follow":"follow","max-snippet":"max-snippet:-1","max-image-preview":"max-image-preview:large","max-video-preview":"max-video-preview:-1"},"canonical":"https:\/\/thelumiaresstg.ignitecreates.com\/fr\/autres-services\/","og_locale":"fr_FR","og_type":"article","og_title":"Autres Services - The Lumiares","og_description":"Notre h\u00f4tel de Lisbonne propose diff\u00e9rents services pour votre s\u00e9jour, avec un parking facile \u00e0 Bairro Alto.","og_url":"https:\/\/thelumiaresstg.ignitecreates.com\/fr\/autres-services\/","og_site_name":"The Lumiares","article_modified_time":"2025-09-18T14:32:02+00:00","og_image":[{"url":"https:\/\/www-thelumiares-com.bomportostage.wpengine.com\/wp-content\/uploads\/sites\/2\/2024\/08\/The-Lumiares-staircase.jpg","type":"","width":"","height":""}],"twitter_card":"summary_large_image","twitter_misc":{"Dur\u00e9e de lecture estim\u00e9e":"1 minute"},"schema":{"@context":"https:\/\/schema.org","@graph":[{"@type":"WebPage","@id":"https:\/\/thelumiaresstg.ignitecreates.com\/fr\/autres-services\/","url":"https:\/\/thelumiaresstg.ignitecreates.com\/fr\/autres-services\/","name":"Autres Services - The Lumiares","isPartOf":{"@id":"https:\/\/thelumiaresstg.ignitecreates.com\/fr\/#website"},"primaryImageOfPage":{"@id":"https:\/\/thelumiaresstg.ignitecreates.com\/fr\/autres-services\/#primaryimage"},"image":{"@id":"https:\/\/thelumiaresstg.ignitecreates.com\/fr\/autres-services\/#primaryimage"},"thumbnailUrl":"https:\/\/www-thelumiares-com.bomportostage.wpengine.com\/wp-content\/uploads\/sites\/2\/2024\/08\/The-Lumiares-staircase.jpg","datePublished":"2024-08-09T13:24:37+00:00","dateModified":"2025-09-18T14:32:02+00:00","description":"Notre h\u00f4tel de Lisbonne propose diff\u00e9rents services pour votre s\u00e9jour, avec un parking facile \u00e0 Bairro Alto.","breadcrumb":{"@id":"https:\/\/thelumiaresstg.ignitecreates.com\/fr\/autres-services\/#breadcrumb"},"inLanguage":"fr-FR","potentialAction":[{"@type":"ReadAction","target":["https:\/\/thelumiaresstg.ignitecreates.com\/fr\/autres-services\/"]}]},{"@type":"ImageObject","inLanguage":"fr-FR","@id":"https:\/\/thelumiaresstg.ignitecreates.com\/fr\/autres-services\/#primaryimage","url":"https:\/\/www-thelumiares-com.bomportostage.wpengine.com\/wp-content\/uploads\/sites\/2\/2024\/08\/The-Lumiares-staircase.jpg","contentUrl":"https:\/\/www-thelumiares-com.bomportostage.wpengine.com\/wp-content\/uploads\/sites\/2\/2024\/08\/The-Lumiares-staircase.jpg"},{"@type":"BreadcrumbList","@id":"https:\/\/thelumiaresstg.ignitecreates.com\/fr\/autres-services\/#breadcrumb","itemListElement":[{"@type":"ListItem","position":1,"name":"Home","item":"https:\/\/thelumiaresstg.ignitecreates.com\/fr\/"},{"@type":"ListItem","position":2,"name":"Autres Services"}]},{"@type":"WebSite","@id":"https:\/\/thelumiaresstg.ignitecreates.com\/fr\/#website","url":"https:\/\/thelumiaresstg.ignitecreates.com\/fr\/","name":"The Lumiares","description":"","potentialAction":[{"@type":"SearchAction","target":{"@type":"EntryPoint","urlTemplate":"https:\/\/thelumiaresstg.ignitecreates.com\/fr\/?s={search_term_string}"},"query-input":{"@type":"PropertyValueSpecification","valueRequired":true,"valueName":"search_term_string"}}],"inLanguage":"fr-FR"}]}},"_links":{"self":[{"href":"https:\/\/thelumiaresstg.ignitecreates.com\/fr\/wp-json\/wp\/v2\/pages\/7955","targetHints":{"allow":["GET"]}}],"collection":[{"href":"https:\/\/thelumiaresstg.ignitecreates.com\/fr\/wp-json\/wp\/v2\/pages"}],"about":[{"href":"https:\/\/thelumiaresstg.ignitecreates.com\/fr\/wp-json\/wp\/v2\/types\/page"}],"author":[{"embeddable":true,"href":"https:\/\/thelumiaresstg.ignitecreates.com\/fr\/wp-json\/wp\/v2\/users\/1"}],"replies":[{"embeddable":true,"href":"https:\/\/thelumiaresstg.ignitecreates.com\/fr\/wp-json\/wp\/v2\/comments?post=7955"}],"version-history":[{"count":0,"href":"https:\/\/thelumiaresstg.ignitecreates.com\/fr\/wp-json\/wp\/v2\/pages\/7955\/revisions"}],"wp:attachment":[{"href":"https:\/\/thelumiaresstg.ignitecreates.com\/fr\/wp-json\/wp\/v2\/media?parent=7955"}],"curies":[{"name":"wp","href":"https:\/\/api.w.org\/{rel}","templated":true}]}}