{"id":7934,"date":"2024-08-07T12:41:35","date_gmt":"2024-08-07T12:41:35","guid":{"rendered":"https:\/\/www.thelumiares.com\/?page_id=7934"},"modified":"2024-09-10T11:34:00","modified_gmt":"2024-09-10T11:34:00","slug":"durabilite","status":"publish","type":"page","link":"https:\/\/thelumiaresstg.ignitecreates.com\/fr\/durabilite\/","title":{"rendered":"Durabilit\u00e9"},"content":{"rendered":"<p style=\"text-align: center;\">La Terre a \u00e9t\u00e9 un h\u00f4te accueillant pour nous, les humains. Il est temps que nous lui t\u00e9moignions le m\u00eame respect.<\/p>\n<p>&nbsp;<\/p>\n<p style=\"text-align: center;\">Notre monde n&rsquo;a pas besoin de plus de b\u00e2timents, il a besoin de soins pour ceux qui sont d\u00e9j\u00e0 un t\u00e9moignage du pass\u00e9&#8230; et c&rsquo;est ce que nous faisons.<\/p>\n<p>&nbsp;<\/p>\n<p style=\"text-align: center;\">Non seulement nous investissons consciemment dans des b\u00e2timents patrimoniaux, mais nous les r\u00e9am\u00e9nageons et les r\u00e9novons de mani\u00e8re \u00e0 minimiser notre impact environnemental et social. Pour nos h\u00f4tes. Pour notre ville. Pour le monde.<\/p>\n<p>&nbsp;<\/p>\n<p style=\"text-align: center;\">Toute la famille Bomporto s&rsquo;engage en faveur de la durabilit\u00e9. Et ce ne sont pas des paroles en l&rsquo;air. Cela fait partie de notre culture.<\/p>\n<p>&nbsp;<\/p>\n<p style=\"text-align: center;\">Cliquez <strong><a href=\"https:\/\/www-thelumiares-com.bomportostage.wpengine.com\/wp-content\/uploads\/sites\/2\/2024\/09\/Sustainability-Factsheets_Lumiares_set24_FR.pdf\" target=\"_blank\" rel=\"noopener\">ici<\/a> <\/strong>pour consulter la fiche d&rsquo;information concernant la Durabitit\u00e9 au The Lumiares.<\/p>\n<p style=\"text-align: center;\">Cliquez <strong><a href=\"https:\/\/www-thelumiares-com.bomportostage.wpengine.com\/wp-content\/uploads\/sites\/2\/2024\/08\/Bomportos-Planet-Pledge_EN.pdf\" target=\"_blank\" rel=\"noopener\">ici<\/a> <\/strong>pour voir en d\u00e9tail l&rsquo;engagement de Bomporto en faveur de la plan\u00e8te.<\/p>\n","protected":false},"excerpt":{"rendered":"<p>La Terre a \u00e9t\u00e9 un h\u00f4te accueillant pour nous, les humains. Il est temps que nous lui t\u00e9moignions le m\u00eame [&hellip;]<\/p>\n","protected":false},"author":1,"featured_media":0,"parent":0,"menu_order":0,"comment_status":"closed","ping_status":"closed","template":"templates\/sustainability-template.php","meta":{"_acf_changed":false,"footnotes":""},"class_list":["post-7934","page","type-page","status-publish","hentry"],"acf":[],"yoast_head":"<!-- This site is optimized with the Yoast SEO plugin v27.4 - https:\/\/yoast.com\/product\/yoast-seo-wordpress\/ -->\n<title>Durabilit\u00e9 - The Lumiares<\/title>\n<meta name=\"description\" content=\"Notre groupe h\u00f4telier s&#039;engage en faveur de la durabilit\u00e9. Et ce ne sont pas des paroles en l&#039;air. Cela fait partie de notre culture.\" \/>\n<meta name=\"robots\" content=\"index, follow, max-snippet:-1, max-image-preview:large, max-video-preview:-1\" \/>\n<link rel=\"canonical\" href=\"https:\/\/thelumiaresstg.ignitecreates.com\/fr\/durabilite\/\" \/>\n<meta property=\"og:locale\" content=\"fr_FR\" \/>\n<meta property=\"og:type\" content=\"article\" \/>\n<meta property=\"og:title\" content=\"Durabilit\u00e9 - The Lumiares\" \/>\n<meta property=\"og:description\" content=\"Notre groupe h\u00f4telier s&#039;engage en faveur de la durabilit\u00e9. Et ce ne sont pas des paroles en l&#039;air. Cela fait partie de notre culture.\" \/>\n<meta property=\"og:url\" content=\"https:\/\/thelumiaresstg.ignitecreates.com\/fr\/durabilite\/\" \/>\n<meta property=\"og:site_name\" content=\"The Lumiares\" \/>\n<meta property=\"article:modified_time\" content=\"2024-09-10T11:34:00+00:00\" \/>\n<meta name=\"twitter:card\" content=\"summary_large_image\" \/>\n<meta name=\"twitter:label1\" content=\"Dur\u00e9e de lecture estim\u00e9e\" \/>\n\t<meta name=\"twitter:data1\" content=\"1 minute\" \/>\n<script type=\"application\/ld+json\" class=\"yoast-schema-graph\">{\"@context\":\"https:\\\/\\\/schema.org\",\"@graph\":[{\"@type\":\"WebPage\",\"@id\":\"https:\\\/\\\/thelumiaresstg.ignitecreates.com\\\/fr\\\/durabilite\\\/\",\"url\":\"https:\\\/\\\/thelumiaresstg.ignitecreates.com\\\/fr\\\/durabilite\\\/\",\"name\":\"Durabilit\u00e9 - The Lumiares\",\"isPartOf\":{\"@id\":\"https:\\\/\\\/thelumiaresstg.ignitecreates.com\\\/fr\\\/#website\"},\"datePublished\":\"2024-08-07T12:41:35+00:00\",\"dateModified\":\"2024-09-10T11:34:00+00:00\",\"description\":\"Notre groupe h\u00f4telier s'engage en faveur de la durabilit\u00e9. Et ce ne sont pas des paroles en l'air. Cela fait partie de notre culture.\",\"breadcrumb\":{\"@id\":\"https:\\\/\\\/thelumiaresstg.ignitecreates.com\\\/fr\\\/durabilite\\\/#breadcrumb\"},\"inLanguage\":\"fr-FR\",\"potentialAction\":[{\"@type\":\"ReadAction\",\"target\":[\"https:\\\/\\\/thelumiaresstg.ignitecreates.com\\\/fr\\\/durabilite\\\/\"]}]},{\"@type\":\"BreadcrumbList\",\"@id\":\"https:\\\/\\\/thelumiaresstg.ignitecreates.com\\\/fr\\\/durabilite\\\/#breadcrumb\",\"itemListElement\":[{\"@type\":\"ListItem\",\"position\":1,\"name\":\"Home\",\"item\":\"https:\\\/\\\/thelumiaresstg.ignitecreates.com\\\/fr\\\/\"},{\"@type\":\"ListItem\",\"position\":2,\"name\":\"Durabilit\u00e9\"}]},{\"@type\":\"WebSite\",\"@id\":\"https:\\\/\\\/thelumiaresstg.ignitecreates.com\\\/fr\\\/#website\",\"url\":\"https:\\\/\\\/thelumiaresstg.ignitecreates.com\\\/fr\\\/\",\"name\":\"The Lumiares\",\"description\":\"\",\"potentialAction\":[{\"@type\":\"SearchAction\",\"target\":{\"@type\":\"EntryPoint\",\"urlTemplate\":\"https:\\\/\\\/thelumiaresstg.ignitecreates.com\\\/fr\\\/?s={search_term_string}\"},\"query-input\":{\"@type\":\"PropertyValueSpecification\",\"valueRequired\":true,\"valueName\":\"search_term_string\"}}],\"inLanguage\":\"fr-FR\"}]}<\/script>\n<!-- \/ Yoast SEO plugin. -->","yoast_head_json":{"title":"Durabilit\u00e9 - The Lumiares","description":"Notre groupe h\u00f4telier s'engage en faveur de la durabilit\u00e9. Et ce ne sont pas des paroles en l'air. Cela fait partie de notre culture.","robots":{"index":"index","follow":"follow","max-snippet":"max-snippet:-1","max-image-preview":"max-image-preview:large","max-video-preview":"max-video-preview:-1"},"canonical":"https:\/\/thelumiaresstg.ignitecreates.com\/fr\/durabilite\/","og_locale":"fr_FR","og_type":"article","og_title":"Durabilit\u00e9 - The Lumiares","og_description":"Notre groupe h\u00f4telier s'engage en faveur de la durabilit\u00e9. Et ce ne sont pas des paroles en l'air. Cela fait partie de notre culture.","og_url":"https:\/\/thelumiaresstg.ignitecreates.com\/fr\/durabilite\/","og_site_name":"The Lumiares","article_modified_time":"2024-09-10T11:34:00+00:00","twitter_card":"summary_large_image","twitter_misc":{"Dur\u00e9e de lecture estim\u00e9e":"1 minute"},"schema":{"@context":"https:\/\/schema.org","@graph":[{"@type":"WebPage","@id":"https:\/\/thelumiaresstg.ignitecreates.com\/fr\/durabilite\/","url":"https:\/\/thelumiaresstg.ignitecreates.com\/fr\/durabilite\/","name":"Durabilit\u00e9 - The Lumiares","isPartOf":{"@id":"https:\/\/thelumiaresstg.ignitecreates.com\/fr\/#website"},"datePublished":"2024-08-07T12:41:35+00:00","dateModified":"2024-09-10T11:34:00+00:00","description":"Notre groupe h\u00f4telier s'engage en faveur de la durabilit\u00e9. Et ce ne sont pas des paroles en l'air. Cela fait partie de notre culture.","breadcrumb":{"@id":"https:\/\/thelumiaresstg.ignitecreates.com\/fr\/durabilite\/#breadcrumb"},"inLanguage":"fr-FR","potentialAction":[{"@type":"ReadAction","target":["https:\/\/thelumiaresstg.ignitecreates.com\/fr\/durabilite\/"]}]},{"@type":"BreadcrumbList","@id":"https:\/\/thelumiaresstg.ignitecreates.com\/fr\/durabilite\/#breadcrumb","itemListElement":[{"@type":"ListItem","position":1,"name":"Home","item":"https:\/\/thelumiaresstg.ignitecreates.com\/fr\/"},{"@type":"ListItem","position":2,"name":"Durabilit\u00e9"}]},{"@type":"WebSite","@id":"https:\/\/thelumiaresstg.ignitecreates.com\/fr\/#website","url":"https:\/\/thelumiaresstg.ignitecreates.com\/fr\/","name":"The Lumiares","description":"","potentialAction":[{"@type":"SearchAction","target":{"@type":"EntryPoint","urlTemplate":"https:\/\/thelumiaresstg.ignitecreates.com\/fr\/?s={search_term_string}"},"query-input":{"@type":"PropertyValueSpecification","valueRequired":true,"valueName":"search_term_string"}}],"inLanguage":"fr-FR"}]}},"_links":{"self":[{"href":"https:\/\/thelumiaresstg.ignitecreates.com\/fr\/wp-json\/wp\/v2\/pages\/7934","targetHints":{"allow":["GET"]}}],"collection":[{"href":"https:\/\/thelumiaresstg.ignitecreates.com\/fr\/wp-json\/wp\/v2\/pages"}],"about":[{"href":"https:\/\/thelumiaresstg.ignitecreates.com\/fr\/wp-json\/wp\/v2\/types\/page"}],"author":[{"embeddable":true,"href":"https:\/\/thelumiaresstg.ignitecreates.com\/fr\/wp-json\/wp\/v2\/users\/1"}],"replies":[{"embeddable":true,"href":"https:\/\/thelumiaresstg.ignitecreates.com\/fr\/wp-json\/wp\/v2\/comments?post=7934"}],"version-history":[{"count":0,"href":"https:\/\/thelumiaresstg.ignitecreates.com\/fr\/wp-json\/wp\/v2\/pages\/7934\/revisions"}],"wp:attachment":[{"href":"https:\/\/thelumiaresstg.ignitecreates.com\/fr\/wp-json\/wp\/v2\/media?parent=7934"}],"curies":[{"name":"wp","href":"https:\/\/api.w.org\/{rel}","templated":true}]}}