{"id":2566,"date":"2019-11-08T18:11:36","date_gmt":"2019-11-08T18:11:36","guid":{"rendered":"https:\/\/www.thelumiares.com\/terms-and-conditions\/"},"modified":"2024-05-15T14:47:31","modified_gmt":"2024-05-15T14:47:31","slug":"termes-et-conditions","status":"publish","type":"page","link":"https:\/\/thelumiaresstg.ignitecreates.com\/fr\/termes-et-conditions\/","title":{"rendered":"Termes et Conditions"},"content":{"rendered":"<p>Ce site Web (\u00ab site \u00bb) est exploit\u00e9 par Bomporto Hotels (\u00ab Bomporto \u00bb), soci\u00e9t\u00e9 enregistr\u00e9e au Portugal sous le num\u00e9ro 513766790 et dont le si\u00e8ge social est situ\u00e9 138-142 Rua Di\u00e1rio de Not\u00edcias \u2022 1200-146 Lisbonne, Portugal.<\/p>\n<p>Ces conditions g\u00e9n\u00e9rales d\u00e9crivent le cadre juridique dans lequel vous acceptez de participer \u00e0 notre site, quels sont vos droits et responsabilit\u00e9s et ce que vous pouvez attendre de nous. En visitant ou en utilisant ce site, vous convenez et acceptez ces termes et conditions. Si vous n&rsquo;\u00eates pas d&rsquo;accord avec ces termes et conditions, vous n&rsquo;\u00eates pas autoris\u00e9 \u00e0 utiliser ce site.<\/p>\n<p><strong>1. Avertissement<\/strong><\/p>\n<p>Les informations figurant sur ce site sont publi\u00e9es de bonne foi et mises \u00e0 jour r\u00e9guli\u00e8rement, mais BOMPORTO ne peut en garantir l\u2019int\u00e9gralit\u00e9 ni l\u2019exactitude. BOMPORTO n&rsquo;assume aucune responsabilit\u00e9 envers vous ni envers un tiers pour toute erreur ou omission commise sur ce site. BOMPORTO peut modifier, mettre \u00e0 jour ou supprimer les conditions g\u00e9n\u00e9rales ou toute information de ce site sans pr\u00e9avis. BOMPORTO ne garantit pas que ce site ne soit pas interrompu, qu\u2019il soit sans erreur ou que toute information ou autre mat\u00e9riel accessible \u00e0 partir de ce site est exempt de virus ou d&rsquo;autres composants nuisibles.<\/p>\n<p>BOMPORTO n&rsquo;est pas responsable des dommages directs ou indirects r\u00e9sultant de l&rsquo;utilisation des informations de ce site, \u00e0 l&rsquo;exception de notre responsabilit\u00e9 en cas de d\u00e9c\u00e8s et de blessures r\u00e9sultant de notre n\u00e9gligence.<\/p>\n<p><strong>2. R\u00e9servation d\u2019h\u00e9bergement<\/strong><\/p>\n<p>En plus des conditions g\u00e9n\u00e9rales du site, si vous effectuez une r\u00e9servation via BOMPORTO, des conditions distinctes seront appliqu\u00e9es. Les termes et les conditions applicables varient en fonction de la propri\u00e9t\u00e9 g\u00e9r\u00e9e par BOMPORTO que vous s\u00e9lectionnez.<\/p>\n<p>Vous serez inform\u00e9 des termes et des conditions pertinentes au moment de la r\u00e9servation. En cas d&rsquo;inconsistance entre les conditions de r\u00e9servation et les termes et les conditions du site, les termes et les conditions de r\u00e9servation pr\u00e9valent.<\/p>\n<p><strong>3. Propri\u00e9t\u00e9 intellectuelle<\/strong><\/p>\n<p>Le nom de l&rsquo;h\u00f4tel, son logo et tous les noms de produits et de services, les marques et les slogans associ\u00e9s sont des marques commerciales ou des marques de service de BOMPORTO. Tous les autres noms, logos et noms de produits et de services, de marques de design et de slogans connexes utilis\u00e9s sur ce site sont des marques de commerce ou des marques de service de leurs propri\u00e9taires. Tous les droits sont reconnus.<\/p>\n<p>Les droits d&rsquo;auteur sur tous les d\u00e9tails de la chambre\/de l&rsquo;appartement, les diapositives, les photographies, les images, les cartes, les informations de voyage et autres \u00e9l\u00e9ments de ce site appartiennent \u00e0 BOMPORTO ou \u00e0 ses fournisseurs. Votre acc\u00e8s au mat\u00e9riel et aux produits ou services disponibles sur ce site Web ne vous autorise pas \u00e0 modifier, afficher, conc\u00e9der sous licence, transf\u00e9rer, vendre, reproduire, distribuer ou utiliser de quelque mani\u00e8re que ce soit le mat\u00e9riel (y compris les donn\u00e9es), mis \u00e0 part des copies limit\u00e9es de vos d\u00e9tails de r\u00e9servation uniquement pour votre usage personnel.<\/p>\n<p>Vous pouvez cr\u00e9er un lien vers la page d&rsquo;accueil de ce site, mais vous ne pouvez pas:<\/p>\n<p>o cr\u00e9er des liens profonds ou utiliser des cadres pour limiter l\u2019usage complet et total de ce site ;<\/p>\n<p>o contourner ou \u00e9viter les mesures employ\u00e9es par BOMPORTO pour limiter ces liens profonds ou l&rsquo;utilisation de cadres ;<\/p>\n<p>o imposer, selon l\u2019avis de BOMPORTO, une charge d\u00e9raisonnable ou disproportionn\u00e9e sur ce site Web ;<\/p>\n<p>o utiliser un robot, une araign\u00e9e, un racleur ou tout autre moyen automatis\u00e9 ou processus manuel pour acc\u00e9der \u00e0, surveiller ou copier tout mat\u00e9riel sur ce site Web ; ou<\/p>\n<p>o vous ne pouvez, en aucune mani\u00e8re, utiliser ces droits ou d\u2019autres droits de propri\u00e9t\u00e9 intellectuelle pour des \u00e9l\u00e9ments li\u00e9s \u00e0 ce site Web sans l\u2019autorisation \u00e9crite pr\u00e9alable de BOMPORTO.<\/p>\n<p><strong>4. Promotions<\/strong><\/p>\n<p>Les offres promotionnelles ou de prix r\u00e9duits publi\u00e9es sur ce site sont fournies \u00e0 la discr\u00e9tion de BOMPORTO. Toutes les offres sont sous r\u00e9serve de disponibilit\u00e9 et peuvent \u00eatre retir\u00e9es \u00e0 tout moment.<\/p>\n<p><strong>5. Tierces parties<\/strong><\/p>\n<p>Sur ce site, toute r\u00e9f\u00e9rence \u00e0 des produits, services, processus, noms commerciaux, marques d\u00e9pos\u00e9es ou autres informations de tiers n\u2019implique ni ne constitue une approbation, un parrainage ou une recommandation de la part de BOMPORTO.<\/p>\n<p><strong>6. Votre responsabilit\u00e9<\/strong><\/p>\n<p>Afin de pouvoir utiliser les services propos\u00e9s sur ce site, vous devez s\u00e9curiser tout moyen d&rsquo;identification fourni par BOMPORTO. Vous reconnaissez que vous serez financi\u00e8rement responsable de toute utilisation de ce site Web, y compris de l&rsquo;utilisation de votre compte par des tiers. Lorsque vous utilisez des services sur ce site, vous devez fournir des informations pr\u00e9cises et vraies.<\/p>\n<p>Vous confirmez \u00e0 BOMPORTO que vous \u00eates \u00e2g\u00e9 de plus de 18 ans et que vous \u00eates l\u00e9galement habilit\u00e9 \u00e0 conclure cet accord et \u00e0 utiliser ce site conform\u00e9ment \u00e0 toutes les conditions g\u00e9n\u00e9rales contenues dans ce document.<\/p>\n<p><strong>7. Loi et juridiction applicable <\/strong><\/p>\n<p>Les pr\u00e9sentes conditions du site sont r\u00e9gies par le droit portugais. Tout litige impliquant ce site sera soumis \u00e0 la juridiction des tribunaux portugais.<\/p>\n<p><strong>8. Aucune utilisation ill\u00e9gale ou interdite<\/strong><\/p>\n<p>Comme condition de votre utilisation de ce site, vous garantissez \u00e0 BOMPORTO que vous ne l&rsquo;utiliserez pas \u00e0 des fins ill\u00e9gales ou interdites par les pr\u00e9sentes conditions d&rsquo;utilisation.<\/p>\n<p><strong>9. Liens vers des sites tiers<\/strong><\/p>\n<p>Ce site peut contenir des hyperliens vers des sites exploit\u00e9s par des parties autres que BOMPORTO. Ces hyperliens ne sont fournis qu\u2019\u00e0 titre de r\u00e9f\u00e9rence. BOMPORTO ne les contr\u00f4le pas et n&rsquo;est pas responsable de leur contenu ni de l\u2019utilisation que vous en faites. L\u2019inclusion de liens hypertextes vers de tels sites par BOMPORTO n\u2019implique aucune approbation du contenu de ces sites ni aucune association avec leurs exploitants.<\/p>\n<p>Derni\u00e8re mise \u00e0 jour le 05\/05\/2018<\/p>\n<p>BOMPORTO HOTELS Ltd<\/p>\n<p>Tous droits r\u00e9serv\u00e9s. Aucune partie de ce site Web ni les donn\u00e9es qu&rsquo;il contient ne peuvent \u00eatre reproduites sous quelque forme mat\u00e9rielle que ce soit (y compris en les stockant sur un support quelconque par des moyens \u00e9lectroniques et, de mani\u00e8re temporaire ou non, pour un autre usage de ce site Web) sans l&rsquo;autorisation du d\u00e9tenteur des droits.<\/p>\n<p>Avertissement : le fait de commettre un acte non autoris\u00e9 \u00e0 l\u2019encontre d\u2019une \u0153uvre prot\u00e9g\u00e9e par le droit d&rsquo;auteur peut donner lieu \u00e0 une action civile en r\u00e9paration de dommages et int\u00e9r\u00eats et \u00e0 des poursuites p\u00e9nales.<\/p>\n","protected":false},"excerpt":{"rendered":"<p>Ce site Web (\u00ab site \u00bb) est exploit\u00e9 par Bomporto Hotels (\u00ab Bomporto \u00bb), soci\u00e9t\u00e9 enregistr\u00e9e au Portugal sous le [&hellip;]<\/p>\n","protected":false},"author":1,"featured_media":0,"parent":0,"menu_order":0,"comment_status":"closed","ping_status":"closed","template":"","meta":{"_acf_changed":false,"footnotes":""},"class_list":["post-2566","page","type-page","status-publish","hentry"],"acf":[],"yoast_head":"<!-- This site is optimized with the Yoast SEO plugin v27.4 - https:\/\/yoast.com\/product\/yoast-seo-wordpress\/ -->\n<title>Termes et Conditions - The Lumiares 5* Hotel - Bairro Alto<\/title>\n<meta name=\"description\" content=\"Ces conditions d\u00e9crivent le cadre juridique dans lequel vous acceptez de participer \u00e0 notre site, quels sont vos droits et responsabilit\u00e9s.\" \/>\n<meta name=\"robots\" content=\"index, follow, max-snippet:-1, max-image-preview:large, max-video-preview:-1\" \/>\n<link rel=\"canonical\" href=\"https:\/\/thelumiaresstg.ignitecreates.com\/fr\/termes-et-conditions\/\" \/>\n<meta property=\"og:locale\" content=\"fr_FR\" \/>\n<meta property=\"og:type\" content=\"article\" \/>\n<meta property=\"og:title\" content=\"Termes et Conditions - The Lumiares 5* Hotel - Bairro Alto\" \/>\n<meta property=\"og:description\" content=\"Ces conditions d\u00e9crivent le cadre juridique dans lequel vous acceptez de participer \u00e0 notre site, quels sont vos droits et responsabilit\u00e9s.\" \/>\n<meta property=\"og:url\" content=\"https:\/\/thelumiaresstg.ignitecreates.com\/fr\/termes-et-conditions\/\" \/>\n<meta property=\"og:site_name\" content=\"The Lumiares\" \/>\n<meta property=\"article:modified_time\" content=\"2024-05-15T14:47:31+00:00\" \/>\n<meta name=\"twitter:card\" content=\"summary_large_image\" \/>\n<meta name=\"twitter:label1\" content=\"Dur\u00e9e de lecture estim\u00e9e\" \/>\n\t<meta name=\"twitter:data1\" content=\"5 minutes\" \/>\n<script type=\"application\/ld+json\" class=\"yoast-schema-graph\">{\"@context\":\"https:\\\/\\\/schema.org\",\"@graph\":[{\"@type\":\"WebPage\",\"@id\":\"https:\\\/\\\/thelumiaresstg.ignitecreates.com\\\/fr\\\/termes-et-conditions\\\/\",\"url\":\"https:\\\/\\\/thelumiaresstg.ignitecreates.com\\\/fr\\\/termes-et-conditions\\\/\",\"name\":\"Termes et Conditions - The Lumiares 5* Hotel - Bairro Alto\",\"isPartOf\":{\"@id\":\"https:\\\/\\\/thelumiaresstg.ignitecreates.com\\\/fr\\\/#website\"},\"datePublished\":\"2019-11-08T18:11:36+00:00\",\"dateModified\":\"2024-05-15T14:47:31+00:00\",\"description\":\"Ces conditions d\u00e9crivent le cadre juridique dans lequel vous acceptez de participer \u00e0 notre site, quels sont vos droits et responsabilit\u00e9s.\",\"breadcrumb\":{\"@id\":\"https:\\\/\\\/thelumiaresstg.ignitecreates.com\\\/fr\\\/termes-et-conditions\\\/#breadcrumb\"},\"inLanguage\":\"fr-FR\",\"potentialAction\":[{\"@type\":\"ReadAction\",\"target\":[\"https:\\\/\\\/thelumiaresstg.ignitecreates.com\\\/fr\\\/termes-et-conditions\\\/\"]}]},{\"@type\":\"BreadcrumbList\",\"@id\":\"https:\\\/\\\/thelumiaresstg.ignitecreates.com\\\/fr\\\/termes-et-conditions\\\/#breadcrumb\",\"itemListElement\":[{\"@type\":\"ListItem\",\"position\":1,\"name\":\"Home\",\"item\":\"https:\\\/\\\/thelumiaresstg.ignitecreates.com\\\/fr\\\/\"},{\"@type\":\"ListItem\",\"position\":2,\"name\":\"Termes et Conditions\"}]},{\"@type\":\"WebSite\",\"@id\":\"https:\\\/\\\/thelumiaresstg.ignitecreates.com\\\/fr\\\/#website\",\"url\":\"https:\\\/\\\/thelumiaresstg.ignitecreates.com\\\/fr\\\/\",\"name\":\"The Lumiares\",\"description\":\"\",\"potentialAction\":[{\"@type\":\"SearchAction\",\"target\":{\"@type\":\"EntryPoint\",\"urlTemplate\":\"https:\\\/\\\/thelumiaresstg.ignitecreates.com\\\/fr\\\/?s={search_term_string}\"},\"query-input\":{\"@type\":\"PropertyValueSpecification\",\"valueRequired\":true,\"valueName\":\"search_term_string\"}}],\"inLanguage\":\"fr-FR\"}]}<\/script>\n<!-- \/ Yoast SEO plugin. -->","yoast_head_json":{"title":"Termes et Conditions - The Lumiares 5* Hotel - Bairro Alto","description":"Ces conditions d\u00e9crivent le cadre juridique dans lequel vous acceptez de participer \u00e0 notre site, quels sont vos droits et responsabilit\u00e9s.","robots":{"index":"index","follow":"follow","max-snippet":"max-snippet:-1","max-image-preview":"max-image-preview:large","max-video-preview":"max-video-preview:-1"},"canonical":"https:\/\/thelumiaresstg.ignitecreates.com\/fr\/termes-et-conditions\/","og_locale":"fr_FR","og_type":"article","og_title":"Termes et Conditions - The Lumiares 5* Hotel - Bairro Alto","og_description":"Ces conditions d\u00e9crivent le cadre juridique dans lequel vous acceptez de participer \u00e0 notre site, quels sont vos droits et responsabilit\u00e9s.","og_url":"https:\/\/thelumiaresstg.ignitecreates.com\/fr\/termes-et-conditions\/","og_site_name":"The Lumiares","article_modified_time":"2024-05-15T14:47:31+00:00","twitter_card":"summary_large_image","twitter_misc":{"Dur\u00e9e de lecture estim\u00e9e":"5 minutes"},"schema":{"@context":"https:\/\/schema.org","@graph":[{"@type":"WebPage","@id":"https:\/\/thelumiaresstg.ignitecreates.com\/fr\/termes-et-conditions\/","url":"https:\/\/thelumiaresstg.ignitecreates.com\/fr\/termes-et-conditions\/","name":"Termes et Conditions - The Lumiares 5* Hotel - Bairro Alto","isPartOf":{"@id":"https:\/\/thelumiaresstg.ignitecreates.com\/fr\/#website"},"datePublished":"2019-11-08T18:11:36+00:00","dateModified":"2024-05-15T14:47:31+00:00","description":"Ces conditions d\u00e9crivent le cadre juridique dans lequel vous acceptez de participer \u00e0 notre site, quels sont vos droits et responsabilit\u00e9s.","breadcrumb":{"@id":"https:\/\/thelumiaresstg.ignitecreates.com\/fr\/termes-et-conditions\/#breadcrumb"},"inLanguage":"fr-FR","potentialAction":[{"@type":"ReadAction","target":["https:\/\/thelumiaresstg.ignitecreates.com\/fr\/termes-et-conditions\/"]}]},{"@type":"BreadcrumbList","@id":"https:\/\/thelumiaresstg.ignitecreates.com\/fr\/termes-et-conditions\/#breadcrumb","itemListElement":[{"@type":"ListItem","position":1,"name":"Home","item":"https:\/\/thelumiaresstg.ignitecreates.com\/fr\/"},{"@type":"ListItem","position":2,"name":"Termes et Conditions"}]},{"@type":"WebSite","@id":"https:\/\/thelumiaresstg.ignitecreates.com\/fr\/#website","url":"https:\/\/thelumiaresstg.ignitecreates.com\/fr\/","name":"The Lumiares","description":"","potentialAction":[{"@type":"SearchAction","target":{"@type":"EntryPoint","urlTemplate":"https:\/\/thelumiaresstg.ignitecreates.com\/fr\/?s={search_term_string}"},"query-input":{"@type":"PropertyValueSpecification","valueRequired":true,"valueName":"search_term_string"}}],"inLanguage":"fr-FR"}]}},"_links":{"self":[{"href":"https:\/\/thelumiaresstg.ignitecreates.com\/fr\/wp-json\/wp\/v2\/pages\/2566","targetHints":{"allow":["GET"]}}],"collection":[{"href":"https:\/\/thelumiaresstg.ignitecreates.com\/fr\/wp-json\/wp\/v2\/pages"}],"about":[{"href":"https:\/\/thelumiaresstg.ignitecreates.com\/fr\/wp-json\/wp\/v2\/types\/page"}],"author":[{"embeddable":true,"href":"https:\/\/thelumiaresstg.ignitecreates.com\/fr\/wp-json\/wp\/v2\/users\/1"}],"replies":[{"embeddable":true,"href":"https:\/\/thelumiaresstg.ignitecreates.com\/fr\/wp-json\/wp\/v2\/comments?post=2566"}],"version-history":[{"count":0,"href":"https:\/\/thelumiaresstg.ignitecreates.com\/fr\/wp-json\/wp\/v2\/pages\/2566\/revisions"}],"wp:attachment":[{"href":"https:\/\/thelumiaresstg.ignitecreates.com\/fr\/wp-json\/wp\/v2\/media?parent=2566"}],"curies":[{"name":"wp","href":"https:\/\/api.w.org\/{rel}","templated":true}]}}