{"id":2562,"date":"2019-08-30T11:13:02","date_gmt":"2019-08-30T10:13:02","guid":{"rendered":"https:\/\/www.thelumiares.com\/spa-and-gym\/"},"modified":"2026-02-02T16:01:54","modified_gmt":"2026-02-02T16:01:54","slug":"spa-et-gym","status":"publish","type":"page","link":"https:\/\/thelumiaresstg.ignitecreates.com\/fr\/spa-et-gym\/","title":{"rendered":"Spa et Gym"},"content":{"rendered":"<h2>Le Spa<\/h2>\n<p>Notre petit espace spa et fitness, parfaitement con\u00e7u, constitue un havre de paix, de sant\u00e9, de bien-\u00eatre et de d\u00e9tente. Nous avons recrut\u00e9 les meilleurs th\u00e9rapeutes de Lisbonne pour dispenser une large gamme de traitements de haute qualit\u00e9 et, parall\u00e8lement, nous disposons d&rsquo;un sauna et d&rsquo;un hammam.<\/p>\n<p>Que vous souhaitiez vous d\u00e9tendre apr\u00e8s une journ\u00e9e pass\u00e9e \u00e0 explorer la ville ou profiter d\u2019un temps de pause lors d\u2019un voyage d\u2019affaires, nous sommes l\u00e0 pour vous.<\/p>\n","protected":false},"excerpt":{"rendered":"<p>Le Spa Notre petit espace spa et fitness, parfaitement con\u00e7u, constitue un havre de paix, de sant\u00e9, de bien-\u00eatre et [&hellip;]<\/p>\n","protected":false},"author":1,"featured_media":0,"parent":0,"menu_order":0,"comment_status":"closed","ping_status":"closed","template":"templates\/spa-gym-template.php","meta":{"_acf_changed":false,"footnotes":""},"class_list":["post-2562","page","type-page","status-publish","hentry"],"acf":[],"yoast_head":"<!-- This site is optimized with the Yoast SEO plugin v27.4 - https:\/\/yoast.com\/product\/yoast-seo-wordpress\/ -->\n<title>Meilleur Spa \u00c0 Lisbonne - The Lumiares H\u00f4tel - Bairro Alto<\/title>\n<meta name=\"description\" content=\"D\u00e9couvrez notre spa et salle de gym avec sauna et hammam. Profitez d&#039;une gamme de traitements et de forfaits spa.\" \/>\n<meta name=\"robots\" content=\"index, follow, max-snippet:-1, max-image-preview:large, max-video-preview:-1\" \/>\n<link rel=\"canonical\" href=\"https:\/\/thelumiaresstg.ignitecreates.com\/fr\/spa-et-gym\/\" \/>\n<meta property=\"og:locale\" content=\"fr_FR\" \/>\n<meta property=\"og:type\" content=\"article\" \/>\n<meta property=\"og:title\" content=\"Meilleur Spa \u00c0 Lisbonne - The Lumiares H\u00f4tel - Bairro Alto\" \/>\n<meta property=\"og:description\" content=\"D\u00e9couvrez notre spa et salle de gym avec sauna et hammam. Profitez d&#039;une gamme de traitements et de forfaits spa.\" \/>\n<meta property=\"og:url\" content=\"https:\/\/thelumiaresstg.ignitecreates.com\/fr\/spa-et-gym\/\" \/>\n<meta property=\"og:site_name\" content=\"The Lumiares\" \/>\n<meta property=\"article:modified_time\" content=\"2026-02-02T16:01:54+00:00\" \/>\n<meta name=\"twitter:card\" content=\"summary_large_image\" \/>\n<meta name=\"twitter:label1\" content=\"Dur\u00e9e de lecture estim\u00e9e\" \/>\n\t<meta name=\"twitter:data1\" content=\"1 minute\" \/>\n<script type=\"application\/ld+json\" class=\"yoast-schema-graph\">{\"@context\":\"https:\\\/\\\/schema.org\",\"@graph\":[{\"@type\":\"WebPage\",\"@id\":\"https:\\\/\\\/thelumiaresstg.ignitecreates.com\\\/fr\\\/spa-et-gym\\\/\",\"url\":\"https:\\\/\\\/thelumiaresstg.ignitecreates.com\\\/fr\\\/spa-et-gym\\\/\",\"name\":\"Meilleur Spa \u00c0 Lisbonne - The Lumiares H\u00f4tel - Bairro Alto\",\"isPartOf\":{\"@id\":\"https:\\\/\\\/thelumiaresstg.ignitecreates.com\\\/fr\\\/#website\"},\"datePublished\":\"2019-08-30T10:13:02+00:00\",\"dateModified\":\"2026-02-02T16:01:54+00:00\",\"description\":\"D\u00e9couvrez notre spa et salle de gym avec sauna et hammam. Profitez d'une gamme de traitements et de forfaits spa.\",\"breadcrumb\":{\"@id\":\"https:\\\/\\\/thelumiaresstg.ignitecreates.com\\\/fr\\\/spa-et-gym\\\/#breadcrumb\"},\"inLanguage\":\"fr-FR\",\"potentialAction\":[{\"@type\":\"ReadAction\",\"target\":[\"https:\\\/\\\/thelumiaresstg.ignitecreates.com\\\/fr\\\/spa-et-gym\\\/\"]}]},{\"@type\":\"BreadcrumbList\",\"@id\":\"https:\\\/\\\/thelumiaresstg.ignitecreates.com\\\/fr\\\/spa-et-gym\\\/#breadcrumb\",\"itemListElement\":[{\"@type\":\"ListItem\",\"position\":1,\"name\":\"Home\",\"item\":\"https:\\\/\\\/thelumiaresstg.ignitecreates.com\\\/fr\\\/\"},{\"@type\":\"ListItem\",\"position\":2,\"name\":\"Spa et Gym\"}]},{\"@type\":\"WebSite\",\"@id\":\"https:\\\/\\\/thelumiaresstg.ignitecreates.com\\\/fr\\\/#website\",\"url\":\"https:\\\/\\\/thelumiaresstg.ignitecreates.com\\\/fr\\\/\",\"name\":\"The Lumiares\",\"description\":\"\",\"potentialAction\":[{\"@type\":\"SearchAction\",\"target\":{\"@type\":\"EntryPoint\",\"urlTemplate\":\"https:\\\/\\\/thelumiaresstg.ignitecreates.com\\\/fr\\\/?s={search_term_string}\"},\"query-input\":{\"@type\":\"PropertyValueSpecification\",\"valueRequired\":true,\"valueName\":\"search_term_string\"}}],\"inLanguage\":\"fr-FR\"}]}<\/script>\n<!-- \/ Yoast SEO plugin. -->","yoast_head_json":{"title":"Meilleur Spa \u00c0 Lisbonne - The Lumiares H\u00f4tel - Bairro Alto","description":"D\u00e9couvrez notre spa et salle de gym avec sauna et hammam. Profitez d'une gamme de traitements et de forfaits spa.","robots":{"index":"index","follow":"follow","max-snippet":"max-snippet:-1","max-image-preview":"max-image-preview:large","max-video-preview":"max-video-preview:-1"},"canonical":"https:\/\/thelumiaresstg.ignitecreates.com\/fr\/spa-et-gym\/","og_locale":"fr_FR","og_type":"article","og_title":"Meilleur Spa \u00c0 Lisbonne - The Lumiares H\u00f4tel - Bairro Alto","og_description":"D\u00e9couvrez notre spa et salle de gym avec sauna et hammam. Profitez d'une gamme de traitements et de forfaits spa.","og_url":"https:\/\/thelumiaresstg.ignitecreates.com\/fr\/spa-et-gym\/","og_site_name":"The Lumiares","article_modified_time":"2026-02-02T16:01:54+00:00","twitter_card":"summary_large_image","twitter_misc":{"Dur\u00e9e de lecture estim\u00e9e":"1 minute"},"schema":{"@context":"https:\/\/schema.org","@graph":[{"@type":"WebPage","@id":"https:\/\/thelumiaresstg.ignitecreates.com\/fr\/spa-et-gym\/","url":"https:\/\/thelumiaresstg.ignitecreates.com\/fr\/spa-et-gym\/","name":"Meilleur Spa \u00c0 Lisbonne - The Lumiares H\u00f4tel - Bairro Alto","isPartOf":{"@id":"https:\/\/thelumiaresstg.ignitecreates.com\/fr\/#website"},"datePublished":"2019-08-30T10:13:02+00:00","dateModified":"2026-02-02T16:01:54+00:00","description":"D\u00e9couvrez notre spa et salle de gym avec sauna et hammam. Profitez d'une gamme de traitements et de forfaits spa.","breadcrumb":{"@id":"https:\/\/thelumiaresstg.ignitecreates.com\/fr\/spa-et-gym\/#breadcrumb"},"inLanguage":"fr-FR","potentialAction":[{"@type":"ReadAction","target":["https:\/\/thelumiaresstg.ignitecreates.com\/fr\/spa-et-gym\/"]}]},{"@type":"BreadcrumbList","@id":"https:\/\/thelumiaresstg.ignitecreates.com\/fr\/spa-et-gym\/#breadcrumb","itemListElement":[{"@type":"ListItem","position":1,"name":"Home","item":"https:\/\/thelumiaresstg.ignitecreates.com\/fr\/"},{"@type":"ListItem","position":2,"name":"Spa et Gym"}]},{"@type":"WebSite","@id":"https:\/\/thelumiaresstg.ignitecreates.com\/fr\/#website","url":"https:\/\/thelumiaresstg.ignitecreates.com\/fr\/","name":"The Lumiares","description":"","potentialAction":[{"@type":"SearchAction","target":{"@type":"EntryPoint","urlTemplate":"https:\/\/thelumiaresstg.ignitecreates.com\/fr\/?s={search_term_string}"},"query-input":{"@type":"PropertyValueSpecification","valueRequired":true,"valueName":"search_term_string"}}],"inLanguage":"fr-FR"}]}},"_links":{"self":[{"href":"https:\/\/thelumiaresstg.ignitecreates.com\/fr\/wp-json\/wp\/v2\/pages\/2562","targetHints":{"allow":["GET"]}}],"collection":[{"href":"https:\/\/thelumiaresstg.ignitecreates.com\/fr\/wp-json\/wp\/v2\/pages"}],"about":[{"href":"https:\/\/thelumiaresstg.ignitecreates.com\/fr\/wp-json\/wp\/v2\/types\/page"}],"author":[{"embeddable":true,"href":"https:\/\/thelumiaresstg.ignitecreates.com\/fr\/wp-json\/wp\/v2\/users\/1"}],"replies":[{"embeddable":true,"href":"https:\/\/thelumiaresstg.ignitecreates.com\/fr\/wp-json\/wp\/v2\/comments?post=2562"}],"version-history":[{"count":0,"href":"https:\/\/thelumiaresstg.ignitecreates.com\/fr\/wp-json\/wp\/v2\/pages\/2562\/revisions"}],"wp:attachment":[{"href":"https:\/\/thelumiaresstg.ignitecreates.com\/fr\/wp-json\/wp\/v2\/media?parent=2562"}],"curies":[{"name":"wp","href":"https:\/\/api.w.org\/{rel}","templated":true}]}}