{"id":2548,"date":"2019-08-29T11:32:42","date_gmt":"2019-08-29T10:32:42","guid":{"rendered":"https:\/\/www.thelumiares.com\/contact\/find-us\/"},"modified":"2025-09-19T08:14:27","modified_gmt":"2025-09-19T08:14:27","slug":"nous-trouver","status":"publish","type":"page","link":"https:\/\/thelumiaresstg.ignitecreates.com\/fr\/contactez-nous\/nous-trouver\/","title":{"rendered":"Nous trouver"},"content":{"rendered":"<h2>O\u00d9 NOUS SOMMES<\/h2>\n<p>Nous sommes nich\u00e9s au sommet de la colline de Bairro Alto et jouissons sur la terrasse d&rsquo;une vue imprenable sur le Tage, d&rsquo;un c\u00f4t\u00e9, et sur le Ch\u00e2teau de S\u00e3o Jorge, de l&rsquo;autre.<\/p>\n<p>Avec son m\u00e9lange \u00e9clectique de caf\u00e9s, de boutiques, de bars anim\u00e9s\u00a0 et de mus\u00e9es, le Bairro Alto est le c\u0153ur boh\u00e8me et culturel de Lisbonne.<\/p>\n<p>Les monuments, les monast\u00e8res, les cath\u00e9drales et les galeries d&rsquo;art sont tous accessibles \u00e0 pied. Vous trouverez le meilleur de la ville juste \u00e0 notre porte.<\/p>\n<p>Promenez-vous dans des rues \u00e9troites, bord\u00e9es d&rsquo;immeubles color\u00e9s et de trottoirs pav\u00e9s, regorgeant de tavernes et de caf\u00e9s. Prenez place sous la toile bleue du ciel, stri\u00e9e de la lumi\u00e8re dor\u00e9e de Lisbonne et regardez les gens qui passent.<\/p>\n<p>Lisbonne attend d\u2019\u00eatre d\u00e9couverte.<\/p>\n<p>&nbsp;<\/p>\n","protected":false},"excerpt":{"rendered":"<p>O\u00d9 NOUS SOMMES Nous sommes nich\u00e9s au sommet de la colline de Bairro Alto et jouissons sur la terrasse d&rsquo;une [&hellip;]<\/p>\n","protected":false},"author":1,"featured_media":0,"parent":2495,"menu_order":0,"comment_status":"closed","ping_status":"closed","template":"templates\/find-us-template.php","meta":{"_acf_changed":false,"footnotes":""},"class_list":["post-2548","page","type-page","status-publish","hentry"],"acf":[],"yoast_head":"<!-- This site is optimized with the Yoast SEO plugin v27.4 - https:\/\/yoast.com\/product\/yoast-seo-wordpress\/ -->\n<title>Nous Trouver - The Lumiares 5* H\u00f4tel &amp; Spa - Bairro Alto, Lisbonne<\/title>\n<meta name=\"description\" content=\"Nous sommes nich\u00e9s au sommet de Bairro Alto et jouissons sur la terrasse d&#039;une vue imprenable sur le Tage et sur le Ch\u00e2teau de S\u00e3o Jorge.\" \/>\n<meta name=\"robots\" content=\"index, follow, max-snippet:-1, max-image-preview:large, max-video-preview:-1\" \/>\n<link rel=\"canonical\" href=\"https:\/\/thelumiaresstg.ignitecreates.com\/fr\/contactez-nous\/nous-trouver\/\" \/>\n<meta property=\"og:locale\" content=\"fr_FR\" \/>\n<meta property=\"og:type\" content=\"article\" \/>\n<meta property=\"og:title\" content=\"Nous Trouver - The Lumiares 5* H\u00f4tel &amp; Spa - Bairro Alto, Lisbonne\" \/>\n<meta property=\"og:description\" content=\"Nous sommes nich\u00e9s au sommet de Bairro Alto et jouissons sur la terrasse d&#039;une vue imprenable sur le Tage et sur le Ch\u00e2teau de S\u00e3o Jorge.\" \/>\n<meta property=\"og:url\" content=\"https:\/\/thelumiaresstg.ignitecreates.com\/fr\/contactez-nous\/nous-trouver\/\" \/>\n<meta property=\"og:site_name\" content=\"The Lumiares\" \/>\n<meta property=\"article:modified_time\" content=\"2025-09-19T08:14:27+00:00\" \/>\n<meta name=\"twitter:card\" content=\"summary_large_image\" \/>\n<meta name=\"twitter:label1\" content=\"Dur\u00e9e de lecture estim\u00e9e\" \/>\n\t<meta name=\"twitter:data1\" content=\"1 minute\" \/>\n<script type=\"application\/ld+json\" class=\"yoast-schema-graph\">{\"@context\":\"https:\\\/\\\/schema.org\",\"@graph\":[{\"@type\":\"WebPage\",\"@id\":\"https:\\\/\\\/thelumiaresstg.ignitecreates.com\\\/fr\\\/contactez-nous\\\/nous-trouver\\\/\",\"url\":\"https:\\\/\\\/thelumiaresstg.ignitecreates.com\\\/fr\\\/contactez-nous\\\/nous-trouver\\\/\",\"name\":\"Nous Trouver - The Lumiares 5* H\u00f4tel & Spa - Bairro Alto, Lisbonne\",\"isPartOf\":{\"@id\":\"https:\\\/\\\/thelumiaresstg.ignitecreates.com\\\/fr\\\/#website\"},\"datePublished\":\"2019-08-29T10:32:42+00:00\",\"dateModified\":\"2025-09-19T08:14:27+00:00\",\"description\":\"Nous sommes nich\u00e9s au sommet de Bairro Alto et jouissons sur la terrasse d'une vue imprenable sur le Tage et sur le Ch\u00e2teau de S\u00e3o Jorge.\",\"breadcrumb\":{\"@id\":\"https:\\\/\\\/thelumiaresstg.ignitecreates.com\\\/fr\\\/contactez-nous\\\/nous-trouver\\\/#breadcrumb\"},\"inLanguage\":\"fr-FR\",\"potentialAction\":[{\"@type\":\"ReadAction\",\"target\":[\"https:\\\/\\\/thelumiaresstg.ignitecreates.com\\\/fr\\\/contactez-nous\\\/nous-trouver\\\/\"]}]},{\"@type\":\"BreadcrumbList\",\"@id\":\"https:\\\/\\\/thelumiaresstg.ignitecreates.com\\\/fr\\\/contactez-nous\\\/nous-trouver\\\/#breadcrumb\",\"itemListElement\":[{\"@type\":\"ListItem\",\"position\":1,\"name\":\"Home\",\"item\":\"https:\\\/\\\/thelumiaresstg.ignitecreates.com\\\/fr\\\/\"},{\"@type\":\"ListItem\",\"position\":2,\"name\":\"Contactez-nous\",\"item\":\"https:\\\/\\\/thelumiaresstg.ignitecreates.com\\\/fr\\\/contact\\\/\"},{\"@type\":\"ListItem\",\"position\":3,\"name\":\"Nous trouver\"}]},{\"@type\":\"WebSite\",\"@id\":\"https:\\\/\\\/thelumiaresstg.ignitecreates.com\\\/fr\\\/#website\",\"url\":\"https:\\\/\\\/thelumiaresstg.ignitecreates.com\\\/fr\\\/\",\"name\":\"The Lumiares\",\"description\":\"\",\"potentialAction\":[{\"@type\":\"SearchAction\",\"target\":{\"@type\":\"EntryPoint\",\"urlTemplate\":\"https:\\\/\\\/thelumiaresstg.ignitecreates.com\\\/fr\\\/?s={search_term_string}\"},\"query-input\":{\"@type\":\"PropertyValueSpecification\",\"valueRequired\":true,\"valueName\":\"search_term_string\"}}],\"inLanguage\":\"fr-FR\"}]}<\/script>\n<!-- \/ Yoast SEO plugin. -->","yoast_head_json":{"title":"Nous Trouver - The Lumiares 5* H\u00f4tel & Spa - Bairro Alto, Lisbonne","description":"Nous sommes nich\u00e9s au sommet de Bairro Alto et jouissons sur la terrasse d'une vue imprenable sur le Tage et sur le Ch\u00e2teau de S\u00e3o Jorge.","robots":{"index":"index","follow":"follow","max-snippet":"max-snippet:-1","max-image-preview":"max-image-preview:large","max-video-preview":"max-video-preview:-1"},"canonical":"https:\/\/thelumiaresstg.ignitecreates.com\/fr\/contactez-nous\/nous-trouver\/","og_locale":"fr_FR","og_type":"article","og_title":"Nous Trouver - The Lumiares 5* H\u00f4tel & Spa - Bairro Alto, Lisbonne","og_description":"Nous sommes nich\u00e9s au sommet de Bairro Alto et jouissons sur la terrasse d'une vue imprenable sur le Tage et sur le Ch\u00e2teau de S\u00e3o Jorge.","og_url":"https:\/\/thelumiaresstg.ignitecreates.com\/fr\/contactez-nous\/nous-trouver\/","og_site_name":"The Lumiares","article_modified_time":"2025-09-19T08:14:27+00:00","twitter_card":"summary_large_image","twitter_misc":{"Dur\u00e9e de lecture estim\u00e9e":"1 minute"},"schema":{"@context":"https:\/\/schema.org","@graph":[{"@type":"WebPage","@id":"https:\/\/thelumiaresstg.ignitecreates.com\/fr\/contactez-nous\/nous-trouver\/","url":"https:\/\/thelumiaresstg.ignitecreates.com\/fr\/contactez-nous\/nous-trouver\/","name":"Nous Trouver - The Lumiares 5* H\u00f4tel & Spa - Bairro Alto, Lisbonne","isPartOf":{"@id":"https:\/\/thelumiaresstg.ignitecreates.com\/fr\/#website"},"datePublished":"2019-08-29T10:32:42+00:00","dateModified":"2025-09-19T08:14:27+00:00","description":"Nous sommes nich\u00e9s au sommet de Bairro Alto et jouissons sur la terrasse d'une vue imprenable sur le Tage et sur le Ch\u00e2teau de S\u00e3o Jorge.","breadcrumb":{"@id":"https:\/\/thelumiaresstg.ignitecreates.com\/fr\/contactez-nous\/nous-trouver\/#breadcrumb"},"inLanguage":"fr-FR","potentialAction":[{"@type":"ReadAction","target":["https:\/\/thelumiaresstg.ignitecreates.com\/fr\/contactez-nous\/nous-trouver\/"]}]},{"@type":"BreadcrumbList","@id":"https:\/\/thelumiaresstg.ignitecreates.com\/fr\/contactez-nous\/nous-trouver\/#breadcrumb","itemListElement":[{"@type":"ListItem","position":1,"name":"Home","item":"https:\/\/thelumiaresstg.ignitecreates.com\/fr\/"},{"@type":"ListItem","position":2,"name":"Contactez-nous","item":"https:\/\/thelumiaresstg.ignitecreates.com\/fr\/contact\/"},{"@type":"ListItem","position":3,"name":"Nous trouver"}]},{"@type":"WebSite","@id":"https:\/\/thelumiaresstg.ignitecreates.com\/fr\/#website","url":"https:\/\/thelumiaresstg.ignitecreates.com\/fr\/","name":"The Lumiares","description":"","potentialAction":[{"@type":"SearchAction","target":{"@type":"EntryPoint","urlTemplate":"https:\/\/thelumiaresstg.ignitecreates.com\/fr\/?s={search_term_string}"},"query-input":{"@type":"PropertyValueSpecification","valueRequired":true,"valueName":"search_term_string"}}],"inLanguage":"fr-FR"}]}},"_links":{"self":[{"href":"https:\/\/thelumiaresstg.ignitecreates.com\/fr\/wp-json\/wp\/v2\/pages\/2548","targetHints":{"allow":["GET"]}}],"collection":[{"href":"https:\/\/thelumiaresstg.ignitecreates.com\/fr\/wp-json\/wp\/v2\/pages"}],"about":[{"href":"https:\/\/thelumiaresstg.ignitecreates.com\/fr\/wp-json\/wp\/v2\/types\/page"}],"author":[{"embeddable":true,"href":"https:\/\/thelumiaresstg.ignitecreates.com\/fr\/wp-json\/wp\/v2\/users\/1"}],"replies":[{"embeddable":true,"href":"https:\/\/thelumiaresstg.ignitecreates.com\/fr\/wp-json\/wp\/v2\/comments?post=2548"}],"version-history":[{"count":0,"href":"https:\/\/thelumiaresstg.ignitecreates.com\/fr\/wp-json\/wp\/v2\/pages\/2548\/revisions"}],"up":[{"embeddable":true,"href":"https:\/\/thelumiaresstg.ignitecreates.com\/fr\/wp-json\/wp\/v2\/pages\/2495"}],"wp:attachment":[{"href":"https:\/\/thelumiaresstg.ignitecreates.com\/fr\/wp-json\/wp\/v2\/media?parent=2548"}],"curies":[{"name":"wp","href":"https:\/\/api.w.org\/{rel}","templated":true}]}}