{"id":2546,"date":"2019-10-07T12:31:41","date_gmt":"2019-10-07T12:31:41","guid":{"rendered":"https:\/\/www.thelumiares.com\/bomporto-hotels\/"},"modified":"2025-09-24T13:38:24","modified_gmt":"2025-09-24T13:38:24","slug":"bomporto-hotels","status":"publish","type":"page","link":"https:\/\/thelumiaresstg.ignitecreates.com\/fr\/bomporto-hotels\/","title":{"rendered":"Bomporto Hotels"},"content":{"rendered":"<h2>About<\/h2>\n<p>Lorem ipsum dolor sit amet, consectetur adipiscing elit. Aenean euismod bibendum laoreet. Proin gravida dolor sit amet lacus accumsan et viverra justo commodo. Proin sodales pulvinar sic tempor.<\/p>\n","protected":false},"excerpt":{"rendered":"<p>About Lorem ipsum dolor sit amet, consectetur adipiscing elit. Aenean euismod bibendum laoreet. Proin gravida dolor sit amet lacus accumsan [&hellip;]<\/p>\n","protected":false},"author":1,"featured_media":0,"parent":0,"menu_order":0,"comment_status":"closed","ping_status":"closed","template":"templates\/our-story-template.php","meta":{"_acf_changed":false,"footnotes":""},"class_list":["post-2546","page","type-page","status-publish","hentry"],"acf":[],"yoast_head":"<!-- This site is optimized with the Yoast SEO plugin v27.4 - https:\/\/yoast.com\/product\/yoast-seo-wordpress\/ -->\n<title>Bomporto Hotels - The Lumiares 5* H\u00f4tel - Bairro Alto<\/title>\n<meta name=\"description\" content=\"Bomporto Hotels cr\u00e9e des h\u00f4tels de charme dans les meilleurs endroits du Portugal. D\u00e9couvrez nos h\u00f4tels 5* \u00e0 Porto et Lisbonne.\" \/>\n<meta name=\"robots\" content=\"index, follow, max-snippet:-1, max-image-preview:large, max-video-preview:-1\" \/>\n<link rel=\"canonical\" href=\"https:\/\/thelumiaresstg.ignitecreates.com\/fr\/bomporto-hotels\/\" \/>\n<meta property=\"og:locale\" content=\"fr_FR\" \/>\n<meta property=\"og:type\" content=\"article\" \/>\n<meta property=\"og:title\" content=\"Bomporto Hotels - The Lumiares 5* H\u00f4tel - Bairro Alto\" \/>\n<meta property=\"og:description\" content=\"Bomporto Hotels cr\u00e9e des h\u00f4tels de charme dans les meilleurs endroits du Portugal. D\u00e9couvrez nos h\u00f4tels 5* \u00e0 Porto et Lisbonne.\" \/>\n<meta property=\"og:url\" content=\"https:\/\/thelumiaresstg.ignitecreates.com\/fr\/bomporto-hotels\/\" \/>\n<meta property=\"og:site_name\" content=\"The Lumiares\" \/>\n<meta property=\"article:modified_time\" content=\"2025-09-24T13:38:24+00:00\" \/>\n<meta name=\"twitter:card\" content=\"summary_large_image\" \/>\n<meta name=\"twitter:label1\" content=\"Dur\u00e9e de lecture estim\u00e9e\" \/>\n\t<meta name=\"twitter:data1\" content=\"1 minute\" \/>\n<script type=\"application\/ld+json\" class=\"yoast-schema-graph\">{\"@context\":\"https:\\\/\\\/schema.org\",\"@graph\":[{\"@type\":\"WebPage\",\"@id\":\"https:\\\/\\\/thelumiaresstg.ignitecreates.com\\\/fr\\\/bomporto-hotels\\\/\",\"url\":\"https:\\\/\\\/thelumiaresstg.ignitecreates.com\\\/fr\\\/bomporto-hotels\\\/\",\"name\":\"Bomporto Hotels - The Lumiares 5* H\u00f4tel - Bairro Alto\",\"isPartOf\":{\"@id\":\"https:\\\/\\\/thelumiaresstg.ignitecreates.com\\\/fr\\\/#website\"},\"datePublished\":\"2019-10-07T12:31:41+00:00\",\"dateModified\":\"2025-09-24T13:38:24+00:00\",\"description\":\"Bomporto Hotels cr\u00e9e des h\u00f4tels de charme dans les meilleurs endroits du Portugal. D\u00e9couvrez nos h\u00f4tels 5* \u00e0 Porto et Lisbonne.\",\"breadcrumb\":{\"@id\":\"https:\\\/\\\/thelumiaresstg.ignitecreates.com\\\/fr\\\/bomporto-hotels\\\/#breadcrumb\"},\"inLanguage\":\"fr-FR\",\"potentialAction\":[{\"@type\":\"ReadAction\",\"target\":[\"https:\\\/\\\/thelumiaresstg.ignitecreates.com\\\/fr\\\/bomporto-hotels\\\/\"]}]},{\"@type\":\"BreadcrumbList\",\"@id\":\"https:\\\/\\\/thelumiaresstg.ignitecreates.com\\\/fr\\\/bomporto-hotels\\\/#breadcrumb\",\"itemListElement\":[{\"@type\":\"ListItem\",\"position\":1,\"name\":\"Home\",\"item\":\"https:\\\/\\\/thelumiaresstg.ignitecreates.com\\\/fr\\\/\"},{\"@type\":\"ListItem\",\"position\":2,\"name\":\"Bomporto Hotels\"}]},{\"@type\":\"WebSite\",\"@id\":\"https:\\\/\\\/thelumiaresstg.ignitecreates.com\\\/fr\\\/#website\",\"url\":\"https:\\\/\\\/thelumiaresstg.ignitecreates.com\\\/fr\\\/\",\"name\":\"The Lumiares\",\"description\":\"\",\"potentialAction\":[{\"@type\":\"SearchAction\",\"target\":{\"@type\":\"EntryPoint\",\"urlTemplate\":\"https:\\\/\\\/thelumiaresstg.ignitecreates.com\\\/fr\\\/?s={search_term_string}\"},\"query-input\":{\"@type\":\"PropertyValueSpecification\",\"valueRequired\":true,\"valueName\":\"search_term_string\"}}],\"inLanguage\":\"fr-FR\"}]}<\/script>\n<!-- \/ Yoast SEO plugin. -->","yoast_head_json":{"title":"Bomporto Hotels - The Lumiares 5* H\u00f4tel - Bairro Alto","description":"Bomporto Hotels cr\u00e9e des h\u00f4tels de charme dans les meilleurs endroits du Portugal. D\u00e9couvrez nos h\u00f4tels 5* \u00e0 Porto et Lisbonne.","robots":{"index":"index","follow":"follow","max-snippet":"max-snippet:-1","max-image-preview":"max-image-preview:large","max-video-preview":"max-video-preview:-1"},"canonical":"https:\/\/thelumiaresstg.ignitecreates.com\/fr\/bomporto-hotels\/","og_locale":"fr_FR","og_type":"article","og_title":"Bomporto Hotels - The Lumiares 5* H\u00f4tel - Bairro Alto","og_description":"Bomporto Hotels cr\u00e9e des h\u00f4tels de charme dans les meilleurs endroits du Portugal. D\u00e9couvrez nos h\u00f4tels 5* \u00e0 Porto et Lisbonne.","og_url":"https:\/\/thelumiaresstg.ignitecreates.com\/fr\/bomporto-hotels\/","og_site_name":"The Lumiares","article_modified_time":"2025-09-24T13:38:24+00:00","twitter_card":"summary_large_image","twitter_misc":{"Dur\u00e9e de lecture estim\u00e9e":"1 minute"},"schema":{"@context":"https:\/\/schema.org","@graph":[{"@type":"WebPage","@id":"https:\/\/thelumiaresstg.ignitecreates.com\/fr\/bomporto-hotels\/","url":"https:\/\/thelumiaresstg.ignitecreates.com\/fr\/bomporto-hotels\/","name":"Bomporto Hotels - The Lumiares 5* H\u00f4tel - Bairro Alto","isPartOf":{"@id":"https:\/\/thelumiaresstg.ignitecreates.com\/fr\/#website"},"datePublished":"2019-10-07T12:31:41+00:00","dateModified":"2025-09-24T13:38:24+00:00","description":"Bomporto Hotels cr\u00e9e des h\u00f4tels de charme dans les meilleurs endroits du Portugal. D\u00e9couvrez nos h\u00f4tels 5* \u00e0 Porto et Lisbonne.","breadcrumb":{"@id":"https:\/\/thelumiaresstg.ignitecreates.com\/fr\/bomporto-hotels\/#breadcrumb"},"inLanguage":"fr-FR","potentialAction":[{"@type":"ReadAction","target":["https:\/\/thelumiaresstg.ignitecreates.com\/fr\/bomporto-hotels\/"]}]},{"@type":"BreadcrumbList","@id":"https:\/\/thelumiaresstg.ignitecreates.com\/fr\/bomporto-hotels\/#breadcrumb","itemListElement":[{"@type":"ListItem","position":1,"name":"Home","item":"https:\/\/thelumiaresstg.ignitecreates.com\/fr\/"},{"@type":"ListItem","position":2,"name":"Bomporto Hotels"}]},{"@type":"WebSite","@id":"https:\/\/thelumiaresstg.ignitecreates.com\/fr\/#website","url":"https:\/\/thelumiaresstg.ignitecreates.com\/fr\/","name":"The Lumiares","description":"","potentialAction":[{"@type":"SearchAction","target":{"@type":"EntryPoint","urlTemplate":"https:\/\/thelumiaresstg.ignitecreates.com\/fr\/?s={search_term_string}"},"query-input":{"@type":"PropertyValueSpecification","valueRequired":true,"valueName":"search_term_string"}}],"inLanguage":"fr-FR"}]}},"_links":{"self":[{"href":"https:\/\/thelumiaresstg.ignitecreates.com\/fr\/wp-json\/wp\/v2\/pages\/2546","targetHints":{"allow":["GET"]}}],"collection":[{"href":"https:\/\/thelumiaresstg.ignitecreates.com\/fr\/wp-json\/wp\/v2\/pages"}],"about":[{"href":"https:\/\/thelumiaresstg.ignitecreates.com\/fr\/wp-json\/wp\/v2\/types\/page"}],"author":[{"embeddable":true,"href":"https:\/\/thelumiaresstg.ignitecreates.com\/fr\/wp-json\/wp\/v2\/users\/1"}],"replies":[{"embeddable":true,"href":"https:\/\/thelumiaresstg.ignitecreates.com\/fr\/wp-json\/wp\/v2\/comments?post=2546"}],"version-history":[{"count":0,"href":"https:\/\/thelumiaresstg.ignitecreates.com\/fr\/wp-json\/wp\/v2\/pages\/2546\/revisions"}],"wp:attachment":[{"href":"https:\/\/thelumiaresstg.ignitecreates.com\/fr\/wp-json\/wp\/v2\/media?parent=2546"}],"curies":[{"name":"wp","href":"https:\/\/api.w.org\/{rel}","templated":true}]}}