{"id":2495,"date":"2019-08-29T11:29:37","date_gmt":"2019-08-29T10:29:37","guid":{"rendered":"https:\/\/www.thelumiares.com\/contact\/"},"modified":"2026-03-23T12:15:35","modified_gmt":"2026-03-23T12:15:35","slug":"contactez-nous","status":"publish","type":"page","link":"https:\/\/thelumiaresstg.ignitecreates.com\/fr\/contactez-nous\/","title":{"rendered":"Contactez-nous"},"content":{"rendered":"<h2>CONTACTEZ-NOUS<\/h2>\n<p>Notre \u00e9quipe se fera un plaisir de r\u00e9pondre \u00e0 vos questions concernant The Lumiares.<\/p>\n<p>N\u2019h\u00e9sitez pas \u00e0 nous contacter \u00e0 l\u2019aide du formulaire ci-dessous.<\/p>\n","protected":false},"excerpt":{"rendered":"<p>CONTACTEZ-NOUS Notre \u00e9quipe se fera un plaisir de r\u00e9pondre \u00e0 vos questions concernant The Lumiares. N\u2019h\u00e9sitez pas \u00e0 nous contacter [&hellip;]<\/p>\n","protected":false},"author":1,"featured_media":0,"parent":0,"menu_order":0,"comment_status":"closed","ping_status":"closed","template":"templates\/contact-template.php","meta":{"_acf_changed":false,"footnotes":""},"class_list":["post-2495","page","type-page","status-publish","hentry"],"acf":[],"yoast_head":"<!-- This site is optimized with the Yoast SEO plugin v27.4 - https:\/\/yoast.com\/product\/yoast-seo-wordpress\/ -->\n<title>Contactez-nous - The Lumiares 5* H\u00f4tel &amp; Spa - Bairro Alto<\/title>\n<meta name=\"description\" content=\"Notre \u00e9quipe se fera un plaisir de r\u00e9pondre \u00e0 vos questions concernant The Lumiares. N&#039;h\u00e9sitez pas \u00e0 nous contacter.\" \/>\n<meta name=\"robots\" content=\"index, follow, max-snippet:-1, max-image-preview:large, max-video-preview:-1\" \/>\n<link rel=\"canonical\" href=\"https:\/\/thelumiaresstg.ignitecreates.com\/fr\/contactez-nous\/\" \/>\n<meta property=\"og:locale\" content=\"fr_FR\" \/>\n<meta property=\"og:type\" content=\"article\" \/>\n<meta property=\"og:title\" content=\"Contactez-nous - The Lumiares 5* H\u00f4tel &amp; Spa - Bairro Alto\" \/>\n<meta property=\"og:description\" content=\"Notre \u00e9quipe se fera un plaisir de r\u00e9pondre \u00e0 vos questions concernant The Lumiares. N&#039;h\u00e9sitez pas \u00e0 nous contacter.\" \/>\n<meta property=\"og:url\" content=\"https:\/\/thelumiaresstg.ignitecreates.com\/fr\/contactez-nous\/\" \/>\n<meta property=\"og:site_name\" content=\"The Lumiares\" \/>\n<meta property=\"article:modified_time\" content=\"2026-03-23T12:15:35+00:00\" \/>\n<meta name=\"twitter:card\" content=\"summary_large_image\" \/>\n<meta name=\"twitter:label1\" content=\"Dur\u00e9e de lecture estim\u00e9e\" \/>\n\t<meta name=\"twitter:data1\" content=\"1 minute\" \/>\n<script type=\"application\/ld+json\" class=\"yoast-schema-graph\">{\"@context\":\"https:\\\/\\\/schema.org\",\"@graph\":[{\"@type\":\"WebPage\",\"@id\":\"https:\\\/\\\/thelumiaresstg.ignitecreates.com\\\/fr\\\/contactez-nous\\\/\",\"url\":\"https:\\\/\\\/thelumiaresstg.ignitecreates.com\\\/fr\\\/contactez-nous\\\/\",\"name\":\"Contactez-nous - The Lumiares 5* H\u00f4tel & Spa - Bairro Alto\",\"isPartOf\":{\"@id\":\"https:\\\/\\\/thelumiaresstg.ignitecreates.com\\\/fr\\\/#website\"},\"datePublished\":\"2019-08-29T10:29:37+00:00\",\"dateModified\":\"2026-03-23T12:15:35+00:00\",\"description\":\"Notre \u00e9quipe se fera un plaisir de r\u00e9pondre \u00e0 vos questions concernant The Lumiares. N'h\u00e9sitez pas \u00e0 nous contacter.\",\"breadcrumb\":{\"@id\":\"https:\\\/\\\/thelumiaresstg.ignitecreates.com\\\/fr\\\/contactez-nous\\\/#breadcrumb\"},\"inLanguage\":\"fr-FR\",\"potentialAction\":[{\"@type\":\"ReadAction\",\"target\":[\"https:\\\/\\\/thelumiaresstg.ignitecreates.com\\\/fr\\\/contactez-nous\\\/\"]}]},{\"@type\":\"BreadcrumbList\",\"@id\":\"https:\\\/\\\/thelumiaresstg.ignitecreates.com\\\/fr\\\/contactez-nous\\\/#breadcrumb\",\"itemListElement\":[{\"@type\":\"ListItem\",\"position\":1,\"name\":\"Home\",\"item\":\"https:\\\/\\\/thelumiaresstg.ignitecreates.com\\\/fr\\\/\"},{\"@type\":\"ListItem\",\"position\":2,\"name\":\"Contactez-nous\"}]},{\"@type\":\"WebSite\",\"@id\":\"https:\\\/\\\/thelumiaresstg.ignitecreates.com\\\/fr\\\/#website\",\"url\":\"https:\\\/\\\/thelumiaresstg.ignitecreates.com\\\/fr\\\/\",\"name\":\"The Lumiares\",\"description\":\"\",\"potentialAction\":[{\"@type\":\"SearchAction\",\"target\":{\"@type\":\"EntryPoint\",\"urlTemplate\":\"https:\\\/\\\/thelumiaresstg.ignitecreates.com\\\/fr\\\/?s={search_term_string}\"},\"query-input\":{\"@type\":\"PropertyValueSpecification\",\"valueRequired\":true,\"valueName\":\"search_term_string\"}}],\"inLanguage\":\"fr-FR\"}]}<\/script>\n<!-- \/ Yoast SEO plugin. -->","yoast_head_json":{"title":"Contactez-nous - The Lumiares 5* H\u00f4tel & Spa - Bairro Alto","description":"Notre \u00e9quipe se fera un plaisir de r\u00e9pondre \u00e0 vos questions concernant The Lumiares. N'h\u00e9sitez pas \u00e0 nous contacter.","robots":{"index":"index","follow":"follow","max-snippet":"max-snippet:-1","max-image-preview":"max-image-preview:large","max-video-preview":"max-video-preview:-1"},"canonical":"https:\/\/thelumiaresstg.ignitecreates.com\/fr\/contactez-nous\/","og_locale":"fr_FR","og_type":"article","og_title":"Contactez-nous - The Lumiares 5* H\u00f4tel & Spa - Bairro Alto","og_description":"Notre \u00e9quipe se fera un plaisir de r\u00e9pondre \u00e0 vos questions concernant The Lumiares. N'h\u00e9sitez pas \u00e0 nous contacter.","og_url":"https:\/\/thelumiaresstg.ignitecreates.com\/fr\/contactez-nous\/","og_site_name":"The Lumiares","article_modified_time":"2026-03-23T12:15:35+00:00","twitter_card":"summary_large_image","twitter_misc":{"Dur\u00e9e de lecture estim\u00e9e":"1 minute"},"schema":{"@context":"https:\/\/schema.org","@graph":[{"@type":"WebPage","@id":"https:\/\/thelumiaresstg.ignitecreates.com\/fr\/contactez-nous\/","url":"https:\/\/thelumiaresstg.ignitecreates.com\/fr\/contactez-nous\/","name":"Contactez-nous - The Lumiares 5* H\u00f4tel & Spa - Bairro Alto","isPartOf":{"@id":"https:\/\/thelumiaresstg.ignitecreates.com\/fr\/#website"},"datePublished":"2019-08-29T10:29:37+00:00","dateModified":"2026-03-23T12:15:35+00:00","description":"Notre \u00e9quipe se fera un plaisir de r\u00e9pondre \u00e0 vos questions concernant The Lumiares. N'h\u00e9sitez pas \u00e0 nous contacter.","breadcrumb":{"@id":"https:\/\/thelumiaresstg.ignitecreates.com\/fr\/contactez-nous\/#breadcrumb"},"inLanguage":"fr-FR","potentialAction":[{"@type":"ReadAction","target":["https:\/\/thelumiaresstg.ignitecreates.com\/fr\/contactez-nous\/"]}]},{"@type":"BreadcrumbList","@id":"https:\/\/thelumiaresstg.ignitecreates.com\/fr\/contactez-nous\/#breadcrumb","itemListElement":[{"@type":"ListItem","position":1,"name":"Home","item":"https:\/\/thelumiaresstg.ignitecreates.com\/fr\/"},{"@type":"ListItem","position":2,"name":"Contactez-nous"}]},{"@type":"WebSite","@id":"https:\/\/thelumiaresstg.ignitecreates.com\/fr\/#website","url":"https:\/\/thelumiaresstg.ignitecreates.com\/fr\/","name":"The Lumiares","description":"","potentialAction":[{"@type":"SearchAction","target":{"@type":"EntryPoint","urlTemplate":"https:\/\/thelumiaresstg.ignitecreates.com\/fr\/?s={search_term_string}"},"query-input":{"@type":"PropertyValueSpecification","valueRequired":true,"valueName":"search_term_string"}}],"inLanguage":"fr-FR"}]}},"_links":{"self":[{"href":"https:\/\/thelumiaresstg.ignitecreates.com\/fr\/wp-json\/wp\/v2\/pages\/2495","targetHints":{"allow":["GET"]}}],"collection":[{"href":"https:\/\/thelumiaresstg.ignitecreates.com\/fr\/wp-json\/wp\/v2\/pages"}],"about":[{"href":"https:\/\/thelumiaresstg.ignitecreates.com\/fr\/wp-json\/wp\/v2\/types\/page"}],"author":[{"embeddable":true,"href":"https:\/\/thelumiaresstg.ignitecreates.com\/fr\/wp-json\/wp\/v2\/users\/1"}],"replies":[{"embeddable":true,"href":"https:\/\/thelumiaresstg.ignitecreates.com\/fr\/wp-json\/wp\/v2\/comments?post=2495"}],"version-history":[{"count":0,"href":"https:\/\/thelumiaresstg.ignitecreates.com\/fr\/wp-json\/wp\/v2\/pages\/2495\/revisions"}],"wp:attachment":[{"href":"https:\/\/thelumiaresstg.ignitecreates.com\/fr\/wp-json\/wp\/v2\/media?parent=2495"}],"curies":[{"name":"wp","href":"https:\/\/api.w.org\/{rel}","templated":true}]}}