{"id":7957,"date":"2024-08-09T13:31:22","date_gmt":"2024-08-09T13:31:22","guid":{"rendered":"https:\/\/www.thelumiares.com\/?page_id=7957"},"modified":"2025-09-18T14:46:43","modified_gmt":"2025-09-18T14:46:43","slug":"otros-servicios","status":"publish","type":"page","link":"https:\/\/thelumiaresstg.ignitecreates.com\/es\/otros-servicios\/","title":{"rendered":"Otros Servicios"},"content":{"rendered":"<h2>Otros Servicios<\/h2>\n<p>&nbsp;<\/p>\n<p><a href=\"https:\/\/www-thelumiares-com.bomportostage.wpengine.com\/es\/\" target=\"_blank\" rel=\"noopener\">The Lumiares<\/a> ofrece diferentes escenarios que sirven de excelente tel\u00f3n de fondo a su estancia, con f\u00e1cil aparcamiento en Bairro Alto, desde un desfile de moda en nuestras escaleras hasta una reuni\u00f3n de negocios en un Penthouse.<\/p>\n<p>&nbsp;<\/p>\n<h3>Aparcamiento<\/h3>\n<p>El aparcamiento subterr\u00e1neo privado del hotel ofrece un amplio aparcamiento seguro para hu\u00e9spedes y visitantes en pleno centro de Bairro Alto.<\/p>\n<p>Hay plazas de aparcamiento disponibles por una peque\u00f1a tarifa diaria, que incluyen un cargador r\u00e1pido para coches el\u00e9ctricos.<\/p>\n<p>&nbsp;<\/p>\n<h3>Sala de Reuniones<\/h3>\n<p>Si necesita una sala de reuniones improvisada, puede solicitar una de nuestras amplias <a href=\"https:\/\/www-thelumiares-com.bomportostage.wpengine.com\/es\/habitaciones\/entresuelo-bairro-alto\/\" target=\"_blank\" rel=\"noopener\">mezzanines<\/a> o <a href=\"https:\/\/www-thelumiares-com.bomportostage.wpengine.com\/es\/habitaciones\/penthouse\/\" target=\"_blank\" rel=\"noopener\">penthouses<\/a>.<\/p>\n<p>Nuestras suites pueden albergar varias configuraciones, perfectas para peque\u00f1as salas de reuniones o para un c\u00f3ctel hasta 25 personas.<\/p>\n<p>&nbsp;<\/p>\n<h3>Gran Escalera<\/h3>\n<p>Nuestra gran Escalera, un vestigio de este palacio del siglo XVIII, con una cautivadora instalaci\u00f3n escult\u00f3rica de iluminaci\u00f3n de lat\u00f3n, es perfecta para recepciones y c\u00f3cteles. Tiene capacidad para 70 personas.<\/p>\n<p>&nbsp;<\/p>\n<p><img decoding=\"async\" class=\"aligncenter wp-image-7897 size-full lazyload\" data-src=\"https:\/\/www-thelumiares-com.bomportostage.wpengine.com\/wp-content\/uploads\/sites\/2\/2024\/08\/The-Lumiares-staircase.jpg\" alt=\"Staircase for events old palace \" width=\"1900\" height=\"1069\" data-srcset=\"https:\/\/thelumiaresstg.ignitecreates.com\/wp-content\/uploads\/sites\/2\/2024\/08\/The-Lumiares-staircase.jpg 1900w, https:\/\/thelumiaresstg.ignitecreates.com\/wp-content\/uploads\/sites\/2\/2024\/08\/The-Lumiares-staircase-300x169.jpg 300w, https:\/\/thelumiaresstg.ignitecreates.com\/wp-content\/uploads\/sites\/2\/2024\/08\/The-Lumiares-staircase-1024x576.jpg 1024w, https:\/\/thelumiaresstg.ignitecreates.com\/wp-content\/uploads\/sites\/2\/2024\/08\/The-Lumiares-staircase-768x432.jpg 768w, https:\/\/thelumiaresstg.ignitecreates.com\/wp-content\/uploads\/sites\/2\/2024\/08\/The-Lumiares-staircase-1536x864.jpg 1536w, https:\/\/thelumiaresstg.ignitecreates.com\/wp-content\/uploads\/sites\/2\/2024\/08\/The-Lumiares-staircase-590x332.jpg 590w, https:\/\/thelumiaresstg.ignitecreates.com\/wp-content\/uploads\/sites\/2\/2024\/08\/The-Lumiares-staircase-1196x673.jpg 1196w, https:\/\/thelumiaresstg.ignitecreates.com\/wp-content\/uploads\/sites\/2\/2024\/08\/The-Lumiares-staircase-700x394.jpg 700w, https:\/\/thelumiaresstg.ignitecreates.com\/wp-content\/uploads\/sites\/2\/2024\/08\/The-Lumiares-staircase-400x225.jpg 400w, https:\/\/thelumiaresstg.ignitecreates.com\/wp-content\/uploads\/sites\/2\/2024\/08\/The-Lumiares-staircase-725x408.jpg 725w, https:\/\/thelumiaresstg.ignitecreates.com\/wp-content\/uploads\/sites\/2\/2024\/08\/The-Lumiares-staircase-440x248.jpg 440w, https:\/\/thelumiaresstg.ignitecreates.com\/wp-content\/uploads\/sites\/2\/2024\/08\/The-Lumiares-staircase-600x338.jpg 600w, https:\/\/thelumiaresstg.ignitecreates.com\/wp-content\/uploads\/sites\/2\/2024\/08\/The-Lumiares-staircase-1000x563.jpg 1000w, https:\/\/thelumiaresstg.ignitecreates.com\/wp-content\/uploads\/sites\/2\/2024\/08\/The-Lumiares-staircase-800x450.jpg 800w, https:\/\/thelumiaresstg.ignitecreates.com\/wp-content\/uploads\/sites\/2\/2024\/08\/The-Lumiares-staircase-1066x600.jpg 1066w, https:\/\/thelumiaresstg.ignitecreates.com\/wp-content\/uploads\/sites\/2\/2024\/08\/The-Lumiares-staircase-124x70.jpg 124w\" data-sizes=\"(max-width: 1900px) 100vw, 1900px\" src=\"data:image\/svg+xml;base64,PHN2ZyB3aWR0aD0iMSIgaGVpZ2h0PSIxIiB4bWxucz0iaHR0cDovL3d3dy53My5vcmcvMjAwMC9zdmciPjwvc3ZnPg==\" style=\"--smush-placeholder-width: 1900px; --smush-placeholder-aspect-ratio: 1900\/1069;\" \/><\/p>\n","protected":false},"excerpt":{"rendered":"<p>Otros Servicios &nbsp; The Lumiares ofrece diferentes escenarios que sirven de excelente tel\u00f3n de fondo a su estancia, con f\u00e1cil [&hellip;]<\/p>\n","protected":false},"author":1,"featured_media":0,"parent":0,"menu_order":0,"comment_status":"closed","ping_status":"closed","template":"","meta":{"_acf_changed":false,"footnotes":""},"class_list":["post-7957","page","type-page","status-publish","hentry"],"acf":[],"yoast_head":"<!-- This site is optimized with the Yoast SEO plugin v27.4 - https:\/\/yoast.com\/product\/yoast-seo-wordpress\/ -->\n<title>Otros Servicios - The Lumiares<\/title>\n<meta name=\"description\" content=\"Nuestro hotel de Lisboa ofrece diferentes servicios para su estancia, con f\u00e1cil aparcamiento en Bairro Alto.\" \/>\n<meta name=\"robots\" content=\"index, follow, max-snippet:-1, max-image-preview:large, max-video-preview:-1\" \/>\n<link rel=\"canonical\" href=\"https:\/\/thelumiaresstg.ignitecreates.com\/es\/otros-servicios\/\" \/>\n<meta property=\"og:locale\" content=\"es_ES\" \/>\n<meta property=\"og:type\" content=\"article\" \/>\n<meta property=\"og:title\" content=\"Otros Servicios - The Lumiares\" \/>\n<meta property=\"og:description\" content=\"Nuestro hotel de Lisboa ofrece diferentes servicios para su estancia, con f\u00e1cil aparcamiento en Bairro Alto.\" \/>\n<meta property=\"og:url\" content=\"https:\/\/thelumiaresstg.ignitecreates.com\/es\/otros-servicios\/\" \/>\n<meta property=\"og:site_name\" content=\"The Lumiares\" \/>\n<meta property=\"article:modified_time\" content=\"2025-09-18T14:46:43+00:00\" \/>\n<meta property=\"og:image\" content=\"https:\/\/www-thelumiares-com.bomportostage.wpengine.com\/wp-content\/uploads\/sites\/2\/2024\/08\/The-Lumiares-staircase.jpg\" \/>\n<meta name=\"twitter:card\" content=\"summary_large_image\" \/>\n<meta name=\"twitter:label1\" content=\"Tiempo de lectura\" \/>\n\t<meta name=\"twitter:data1\" content=\"1 minuto\" \/>\n<script type=\"application\/ld+json\" class=\"yoast-schema-graph\">{\"@context\":\"https:\\\/\\\/schema.org\",\"@graph\":[{\"@type\":\"WebPage\",\"@id\":\"https:\\\/\\\/thelumiaresstg.ignitecreates.com\\\/es\\\/otros-servicios\\\/\",\"url\":\"https:\\\/\\\/thelumiaresstg.ignitecreates.com\\\/es\\\/otros-servicios\\\/\",\"name\":\"Otros Servicios - The Lumiares\",\"isPartOf\":{\"@id\":\"https:\\\/\\\/thelumiaresstg.ignitecreates.com\\\/es\\\/#website\"},\"primaryImageOfPage\":{\"@id\":\"https:\\\/\\\/thelumiaresstg.ignitecreates.com\\\/es\\\/otros-servicios\\\/#primaryimage\"},\"image\":{\"@id\":\"https:\\\/\\\/thelumiaresstg.ignitecreates.com\\\/es\\\/otros-servicios\\\/#primaryimage\"},\"thumbnailUrl\":\"https:\\\/\\\/www-thelumiares-com.bomportostage.wpengine.com\\\/wp-content\\\/uploads\\\/sites\\\/2\\\/2024\\\/08\\\/The-Lumiares-staircase.jpg\",\"datePublished\":\"2024-08-09T13:31:22+00:00\",\"dateModified\":\"2025-09-18T14:46:43+00:00\",\"description\":\"Nuestro hotel de Lisboa ofrece diferentes servicios para su estancia, con f\u00e1cil aparcamiento en Bairro Alto.\",\"breadcrumb\":{\"@id\":\"https:\\\/\\\/thelumiaresstg.ignitecreates.com\\\/es\\\/otros-servicios\\\/#breadcrumb\"},\"inLanguage\":\"es\",\"potentialAction\":[{\"@type\":\"ReadAction\",\"target\":[\"https:\\\/\\\/thelumiaresstg.ignitecreates.com\\\/es\\\/otros-servicios\\\/\"]}]},{\"@type\":\"ImageObject\",\"inLanguage\":\"es\",\"@id\":\"https:\\\/\\\/thelumiaresstg.ignitecreates.com\\\/es\\\/otros-servicios\\\/#primaryimage\",\"url\":\"https:\\\/\\\/www-thelumiares-com.bomportostage.wpengine.com\\\/wp-content\\\/uploads\\\/sites\\\/2\\\/2024\\\/08\\\/The-Lumiares-staircase.jpg\",\"contentUrl\":\"https:\\\/\\\/www-thelumiares-com.bomportostage.wpengine.com\\\/wp-content\\\/uploads\\\/sites\\\/2\\\/2024\\\/08\\\/The-Lumiares-staircase.jpg\"},{\"@type\":\"BreadcrumbList\",\"@id\":\"https:\\\/\\\/thelumiaresstg.ignitecreates.com\\\/es\\\/otros-servicios\\\/#breadcrumb\",\"itemListElement\":[{\"@type\":\"ListItem\",\"position\":1,\"name\":\"Home\",\"item\":\"https:\\\/\\\/thelumiaresstg.ignitecreates.com\\\/es\\\/\"},{\"@type\":\"ListItem\",\"position\":2,\"name\":\"Otros Servicios\"}]},{\"@type\":\"WebSite\",\"@id\":\"https:\\\/\\\/thelumiaresstg.ignitecreates.com\\\/es\\\/#website\",\"url\":\"https:\\\/\\\/thelumiaresstg.ignitecreates.com\\\/es\\\/\",\"name\":\"The Lumiares\",\"description\":\"\",\"potentialAction\":[{\"@type\":\"SearchAction\",\"target\":{\"@type\":\"EntryPoint\",\"urlTemplate\":\"https:\\\/\\\/thelumiaresstg.ignitecreates.com\\\/es\\\/?s={search_term_string}\"},\"query-input\":{\"@type\":\"PropertyValueSpecification\",\"valueRequired\":true,\"valueName\":\"search_term_string\"}}],\"inLanguage\":\"es\"}]}<\/script>\n<!-- \/ Yoast SEO plugin. -->","yoast_head_json":{"title":"Otros Servicios - The Lumiares","description":"Nuestro hotel de Lisboa ofrece diferentes servicios para su estancia, con f\u00e1cil aparcamiento en Bairro Alto.","robots":{"index":"index","follow":"follow","max-snippet":"max-snippet:-1","max-image-preview":"max-image-preview:large","max-video-preview":"max-video-preview:-1"},"canonical":"https:\/\/thelumiaresstg.ignitecreates.com\/es\/otros-servicios\/","og_locale":"es_ES","og_type":"article","og_title":"Otros Servicios - The Lumiares","og_description":"Nuestro hotel de Lisboa ofrece diferentes servicios para su estancia, con f\u00e1cil aparcamiento en Bairro Alto.","og_url":"https:\/\/thelumiaresstg.ignitecreates.com\/es\/otros-servicios\/","og_site_name":"The Lumiares","article_modified_time":"2025-09-18T14:46:43+00:00","og_image":[{"url":"https:\/\/www-thelumiares-com.bomportostage.wpengine.com\/wp-content\/uploads\/sites\/2\/2024\/08\/The-Lumiares-staircase.jpg","type":"","width":"","height":""}],"twitter_card":"summary_large_image","twitter_misc":{"Tiempo de lectura":"1 minuto"},"schema":{"@context":"https:\/\/schema.org","@graph":[{"@type":"WebPage","@id":"https:\/\/thelumiaresstg.ignitecreates.com\/es\/otros-servicios\/","url":"https:\/\/thelumiaresstg.ignitecreates.com\/es\/otros-servicios\/","name":"Otros Servicios - The Lumiares","isPartOf":{"@id":"https:\/\/thelumiaresstg.ignitecreates.com\/es\/#website"},"primaryImageOfPage":{"@id":"https:\/\/thelumiaresstg.ignitecreates.com\/es\/otros-servicios\/#primaryimage"},"image":{"@id":"https:\/\/thelumiaresstg.ignitecreates.com\/es\/otros-servicios\/#primaryimage"},"thumbnailUrl":"https:\/\/www-thelumiares-com.bomportostage.wpengine.com\/wp-content\/uploads\/sites\/2\/2024\/08\/The-Lumiares-staircase.jpg","datePublished":"2024-08-09T13:31:22+00:00","dateModified":"2025-09-18T14:46:43+00:00","description":"Nuestro hotel de Lisboa ofrece diferentes servicios para su estancia, con f\u00e1cil aparcamiento en Bairro Alto.","breadcrumb":{"@id":"https:\/\/thelumiaresstg.ignitecreates.com\/es\/otros-servicios\/#breadcrumb"},"inLanguage":"es","potentialAction":[{"@type":"ReadAction","target":["https:\/\/thelumiaresstg.ignitecreates.com\/es\/otros-servicios\/"]}]},{"@type":"ImageObject","inLanguage":"es","@id":"https:\/\/thelumiaresstg.ignitecreates.com\/es\/otros-servicios\/#primaryimage","url":"https:\/\/www-thelumiares-com.bomportostage.wpengine.com\/wp-content\/uploads\/sites\/2\/2024\/08\/The-Lumiares-staircase.jpg","contentUrl":"https:\/\/www-thelumiares-com.bomportostage.wpengine.com\/wp-content\/uploads\/sites\/2\/2024\/08\/The-Lumiares-staircase.jpg"},{"@type":"BreadcrumbList","@id":"https:\/\/thelumiaresstg.ignitecreates.com\/es\/otros-servicios\/#breadcrumb","itemListElement":[{"@type":"ListItem","position":1,"name":"Home","item":"https:\/\/thelumiaresstg.ignitecreates.com\/es\/"},{"@type":"ListItem","position":2,"name":"Otros Servicios"}]},{"@type":"WebSite","@id":"https:\/\/thelumiaresstg.ignitecreates.com\/es\/#website","url":"https:\/\/thelumiaresstg.ignitecreates.com\/es\/","name":"The Lumiares","description":"","potentialAction":[{"@type":"SearchAction","target":{"@type":"EntryPoint","urlTemplate":"https:\/\/thelumiaresstg.ignitecreates.com\/es\/?s={search_term_string}"},"query-input":{"@type":"PropertyValueSpecification","valueRequired":true,"valueName":"search_term_string"}}],"inLanguage":"es"}]}},"_links":{"self":[{"href":"https:\/\/thelumiaresstg.ignitecreates.com\/es\/wp-json\/wp\/v2\/pages\/7957","targetHints":{"allow":["GET"]}}],"collection":[{"href":"https:\/\/thelumiaresstg.ignitecreates.com\/es\/wp-json\/wp\/v2\/pages"}],"about":[{"href":"https:\/\/thelumiaresstg.ignitecreates.com\/es\/wp-json\/wp\/v2\/types\/page"}],"author":[{"embeddable":true,"href":"https:\/\/thelumiaresstg.ignitecreates.com\/es\/wp-json\/wp\/v2\/users\/1"}],"replies":[{"embeddable":true,"href":"https:\/\/thelumiaresstg.ignitecreates.com\/es\/wp-json\/wp\/v2\/comments?post=7957"}],"version-history":[{"count":0,"href":"https:\/\/thelumiaresstg.ignitecreates.com\/es\/wp-json\/wp\/v2\/pages\/7957\/revisions"}],"wp:attachment":[{"href":"https:\/\/thelumiaresstg.ignitecreates.com\/es\/wp-json\/wp\/v2\/media?parent=7957"}],"curies":[{"name":"wp","href":"https:\/\/api.w.org\/{rel}","templated":true}]}}