{"id":2516,"date":"2019-11-08T18:11:36","date_gmt":"2019-11-08T18:11:36","guid":{"rendered":"https:\/\/www.thelumiares.com\/terms-and-conditions\/"},"modified":"2020-04-06T21:10:39","modified_gmt":"2020-04-06T21:10:39","slug":"terminos-y-condiciones","status":"publish","type":"page","link":"https:\/\/thelumiaresstg.ignitecreates.com\/es\/terminos-y-condiciones\/","title":{"rendered":"T\u00e9rminos y Condiciones"},"content":{"rendered":"<p class=\"p1\"><span class=\"s1\">Esta web est\u00e1 operada por Bomporto Hotels (\u201cBomporto\u201d), una empresa registrada en Portugal bajo el n\u00famero 513766790 cuyo domicilio social es 138-142, Rua Di\u00e1rio de Not\u00edcias \u2022 1200 &#8211; 146 Lisboa, Portugal.<\/span><\/p>\n<p class=\"p1\"><span class=\"s1\">Estos t\u00e9rminos y condiciones describen el marco legal conforme al cual usted acepta participar en nuestra web, cu\u00e1les son sus derechos y obligaciones y qu\u00e9 puede esperar de nosotros. Al visitar o usar esta web, usted acuerda y acepta estos t\u00e9rminos y condiciones. Si no est\u00e1 de acuerdo con estos t\u00e9rminos y condiciones no est\u00e1 autorizado para usar esta web.<\/span><\/p>\n<p class=\"p1\"><span class=\"s1\"><b>1. Exenci\u00f3n de responsabilidad<\/b><\/span><\/p>\n<p class=\"p1\"><span class=\"s1\">La informaci\u00f3n de esta web se publica de buena fe y se actualiza regularmente, pero BOMPORTO no puede garantizar su exhaustividad y precisi\u00f3n. BOMPORTO no se responsabiliza de ning\u00fan error u omisi\u00f3n de la web. BOMPORTO puede cambiar, actualizar o eliminar los t\u00e9rminos y condiciones o cualquier informaci\u00f3n contenida en la web sin aviso previo. BOMPORTO no garantiza que la web sea ininterrumpida, libre de errores o que a informaci\u00f3n accesible desde esta web est\u00e9 libre de virus u otros componentes da\u00f1inos.<\/span><\/p>\n<p class=\"p1\"><span class=\"s1\">BOMPORTO no se responsabiliza de ninguna p\u00e9rdida directa o indirecta derivada del uso de la informaci\u00f3n contenida en la web, aunque si ser\u00e1 responsable de muerte o da\u00f1os personales derivados de alguna negligencia por nuestra parte.<\/span><\/p>\n<p class=\"p1\"><span class=\"s1\"><b>2. Reserva de alojamiento<\/b><\/span><\/p>\n<p class=\"p1\"><span class=\"s1\">Adem\u00e1s de los t\u00e9rminos y condiciones de la web, si realiza una reserva a trav\u00e9s de BOMPORTO, se aplicar\u00e1n T\u00e9rminos y Condiciones adicionales. Los t\u00e9rminos y condiciones aplicados pueden variar dependiendo de qu\u00e9 propiedad operada por BOMPORTO seleccione usted.<\/span><\/p>\n<p class=\"p1\"><span class=\"s1\">Se le notificar\u00e1n los t\u00e9rminos y condiciones correspondientes en el momento de la reserva. En caso de contradicci\u00f3n entre los T\u00e9rminos y Condiciones de la Reserva y los T\u00e9rminos y Condiciones de la Web, prevalecen los T\u00e9rminos y Condiciones de la Reserva.<\/span><\/p>\n<p class=\"p1\"><span class=\"s1\"><b>3. Propiedad intelectual<\/b><\/span><\/p>\n<p class=\"p1\"><span class=\"s1\">El nombre del Hotel, logo todos los nombres de productos y servicios afines, los dise\u00f1os y esl\u00f3ganes son marcas registradas o marcas de servicio de BOMPORTO. Todos los dem\u00e1s nombres, logos y nombres de productos y servicios afines, dise\u00f1os y esl\u00f3ganes usados en esta web son marcas registradas o marcas de servicio de sus propietarios. Se reconocen todos los derechos.<\/span><\/p>\n<p class=\"p1\"><span class=\"s1\">El copyright de todos los detalles de las habitaciones\/apartamentos, l\u00e1minas, fotograf\u00edas, im\u00e1genes, mapas, informaci\u00f3n de viajes y otro material de esta web es propiedad de BOMPORTO o de sus proveedores. Su acceso al material y productos o servicios disponibles a trav\u00e9s de la web no le da permiso para modificar, divulgar, autorizar, transferir, vender, reproducir, distribuir o por cualquier otro medio usar cualquier material (incluidos datos), salvo realizar un n\u00famero limitado de copias de sus detalles de reserva exclusivamente para su uso personal.<\/span><\/p>\n<p class=\"p1\"><span class=\"s1\">Puede establecer un enlace a la p\u00e1gina de inicio de este sitio, pero no puede:<\/span><\/p>\n<ul>\n<li class=\"li1\"><span class=\"s1\">Establecer enlaces con ninguna otra p\u00e1gina que no sea la de inicio o usar marcos para limitar el uso completo pretendido por esta web;<\/span><\/li>\n<li class=\"li1\"><span class=\"s1\">Evitar o eludir cualquier medida empleada por BOMPORTO para limitar dicho establecimiento de enlaces o el uso de marcos;<\/span><\/li>\n<\/ul>\n<ul>\n<li class=\"li1\"><span class=\"s1\">Imponer, seg\u00fan criterio de BOMPORTO, una carga de dimensiones desproporcionadas o irrazonables en esta web;<\/span><\/li>\n<\/ul>\n<ul>\n<li class=\"li1\"><span class=\"s1\">Usar cualquier robot, spider, scraper u otros medios automatizados ni procesos manuales para acceder, monitorizar o copiar cualquier material de esta web; o<\/span><\/li>\n<\/ul>\n<ul>\n<li class=\"li1\"><span class=\"s1\">No podr\u00e1 usar de ninguna manera estos derechos u otros derechos de propiedad intelectual en material relacionado con esta web sin consentimiento previo escrito por parte de BOMPORTO.<\/span><\/li>\n<\/ul>\n<p class=\"p1\"><span class=\"s1\"><b>4. Promociones<\/b><\/span><\/p>\n<p class=\"p1\"><span class=\"s1\">Las ofertas promocionales y de descuentos de esta web se proporcionan a criterio de BOMPORTO. Todas las ofertas est\u00e1n sujetas a disponibilidad y pueden eliminarse en cualquier momento.<\/span><\/p>\n<p class=\"p1\"><span class=\"s1\"><b>5. Terceras partes<\/b><\/span><\/p>\n<p class=\"p1\"><span class=\"s1\">La referencia en esta web a cualquier producto, servicio, proceso, nombre comercial, marca registrada u otra informaci\u00f3n de terceros no implica ni constituye ning\u00fan respaldo, patrocinio ni recomendaci\u00f3n por parte de BOMPORTO.<\/span><\/p>\n<p class=\"p1\"><span class=\"s1\"><b>6. Su responsabilidad<\/b><\/span><\/p>\n<p class=\"p1\"><span class=\"s1\">Debe mantener seguros cualesquier medios de identificaci\u00f3n que BOMPORTO le proporcione con el fin de usar cualquier servicio de esta web. Usted reconoce que ser\u00e1 econ\u00f3micamente responsable de todos los usos de esta web, incluido el uso de su cuenta por parte de otros. Usted debe proporcionar informaci\u00f3n precisa e inequ\u00edvoca al usar los servicios de esta web.<\/span><\/p>\n<p class=\"p3\"><span class=\"s1\">Usted confirma a BOMPORTO que tiene al menos 18 a\u00f1os de edad y posee autoridad legal<\/span><\/p>\n<p class=\"p3\"><span class=\"s1\">para entrar en este acuerdo y usar esta web de acuerdo con todos los t\u00e9rminos y<\/span><\/p>\n<p class=\"p3\"><span class=\"s1\">condiciones contenidos en la misma.<\/span><\/p>\n<p class=\"p1\"><span class=\"s1\"><b>7. Ley aplicable y jurisdicci\u00f3n<\/b><\/span><\/p>\n<p class=\"p1\"><span class=\"s1\">Los t\u00e9rminos de esta web se regir\u00e1n por la ley portuguesa. Cualquier litigio derivado de esta web estar\u00e1 sujeto a la jurisdicci\u00f3n de los tribunales portugueses.<\/span><\/p>\n<p class=\"p1\"><span class=\"s1\"><b>8. No uso ilegal o prohibido<\/b><\/span><\/p>\n<p class=\"p1\"><span class=\"s1\">Como condici\u00f3n para el uso de esta web, usted garantiza a BOMPORTO que no usar\u00e1 este sitio para fines ilegales o prohibidos por estos t\u00e9rminos, condiciones y avisos.<\/span><\/p>\n<p class=\"p1\"><span class=\"s1\"><b>9. Enlaces a sitios de terceros<\/b><\/span><\/p>\n<p class=\"p1\"><span class=\"s1\">Este sitio puede contener hiperv\u00ednculos a sitios operados por terceros ajenos a BOMPORTO. Esto hiperv\u00ednculos se proporcionan solamente como referencia. BOMPORTO no los controla y no es responsable de sus contenidos ni del uso que usted realice de los mismos. La inclusi\u00f3n de BOMPORTO de hiperv\u00ednculos a dichos sitios no implica ning\u00fan respaldo del material de dichos sitios ni ninguna asociaci\u00f3n con sus propietarios.<\/span><\/p>\n<p class=\"p1\"><span class=\"s1\">\u00daltima actualizaci\u00f3n 05\/05\/2018<\/span><\/p>\n<p class=\"p1\"><span class=\"s1\">BOMPORTO HOTELS Ltd<\/span><\/p>\n<p class=\"p1\"><span class=\"s1\">Todos los derechos reservados. Ninguna parte de esta web ni los datos contenidos en ella pueden ser reproducidos por medio alguno (incluido su almacenamiento por medios electr\u00f3nicos, ya sea temporal o accidentalmente, a otro uso de esta web) sin permiso del propietario del copyright.<\/span><\/p>\n<p class=\"p1\"><span class=\"s1\">Atenci\u00f3n: cualquier acto no autorizado en relaci\u00f3n con el copyright puede tener como consecuencia reclamaciones civiles y persecuci\u00f3n criminal.<\/span><\/p>\n","protected":false},"excerpt":{"rendered":"<p>Esta web est\u00e1 operada por Bomporto Hotels (\u201cBomporto\u201d), una empresa registrada en Portugal bajo el n\u00famero 513766790 cuyo domicilio social [&hellip;]<\/p>\n","protected":false},"author":1,"featured_media":0,"parent":0,"menu_order":0,"comment_status":"closed","ping_status":"closed","template":"","meta":{"_acf_changed":false,"footnotes":""},"class_list":["post-2516","page","type-page","status-publish","hentry"],"acf":[],"yoast_head":"<!-- This site is optimized with the Yoast SEO plugin v27.4 - https:\/\/yoast.com\/product\/yoast-seo-wordpress\/ -->\n<title>T\u00e9rminos y Condiciones - The Lumiares 5* Hotel - Bairro Alto<\/title>\n<meta name=\"description\" content=\"Estos t\u00e9rminos y condiciones describen el marco legal conforme al cual usted acepta participar en nuestra web y cu\u00e1les son sus derechos y obligaciones\" \/>\n<meta name=\"robots\" content=\"index, follow, max-snippet:-1, max-image-preview:large, max-video-preview:-1\" \/>\n<link rel=\"canonical\" href=\"https:\/\/thelumiaresstg.ignitecreates.com\/es\/terminos-y-condiciones\/\" \/>\n<meta property=\"og:locale\" content=\"es_ES\" \/>\n<meta property=\"og:type\" content=\"article\" \/>\n<meta property=\"og:title\" content=\"T\u00e9rminos y Condiciones - The Lumiares 5* Hotel - Bairro Alto\" \/>\n<meta property=\"og:description\" content=\"Estos t\u00e9rminos y condiciones describen el marco legal conforme al cual usted acepta participar en nuestra web y cu\u00e1les son sus derechos y obligaciones\" \/>\n<meta property=\"og:url\" content=\"https:\/\/thelumiaresstg.ignitecreates.com\/es\/terminos-y-condiciones\/\" \/>\n<meta property=\"og:site_name\" content=\"The Lumiares\" \/>\n<meta property=\"article:modified_time\" content=\"2020-04-06T21:10:39+00:00\" \/>\n<meta name=\"twitter:card\" content=\"summary_large_image\" \/>\n<meta name=\"twitter:label1\" content=\"Tiempo de lectura\" \/>\n\t<meta name=\"twitter:data1\" content=\"5 minutos\" \/>\n<script type=\"application\/ld+json\" class=\"yoast-schema-graph\">{\"@context\":\"https:\\\/\\\/schema.org\",\"@graph\":[{\"@type\":\"WebPage\",\"@id\":\"https:\\\/\\\/thelumiaresstg.ignitecreates.com\\\/es\\\/terminos-y-condiciones\\\/\",\"url\":\"https:\\\/\\\/thelumiaresstg.ignitecreates.com\\\/es\\\/terminos-y-condiciones\\\/\",\"name\":\"T\u00e9rminos y Condiciones - The Lumiares 5* Hotel - Bairro Alto\",\"isPartOf\":{\"@id\":\"https:\\\/\\\/thelumiaresstg.ignitecreates.com\\\/es\\\/#website\"},\"datePublished\":\"2019-11-08T18:11:36+00:00\",\"dateModified\":\"2020-04-06T21:10:39+00:00\",\"description\":\"Estos t\u00e9rminos y condiciones describen el marco legal conforme al cual usted acepta participar en nuestra web y cu\u00e1les son sus derechos y obligaciones\",\"breadcrumb\":{\"@id\":\"https:\\\/\\\/thelumiaresstg.ignitecreates.com\\\/es\\\/terminos-y-condiciones\\\/#breadcrumb\"},\"inLanguage\":\"es\",\"potentialAction\":[{\"@type\":\"ReadAction\",\"target\":[\"https:\\\/\\\/thelumiaresstg.ignitecreates.com\\\/es\\\/terminos-y-condiciones\\\/\"]}]},{\"@type\":\"BreadcrumbList\",\"@id\":\"https:\\\/\\\/thelumiaresstg.ignitecreates.com\\\/es\\\/terminos-y-condiciones\\\/#breadcrumb\",\"itemListElement\":[{\"@type\":\"ListItem\",\"position\":1,\"name\":\"Home\",\"item\":\"https:\\\/\\\/thelumiaresstg.ignitecreates.com\\\/es\\\/\"},{\"@type\":\"ListItem\",\"position\":2,\"name\":\"T\u00e9rminos y Condiciones\"}]},{\"@type\":\"WebSite\",\"@id\":\"https:\\\/\\\/thelumiaresstg.ignitecreates.com\\\/es\\\/#website\",\"url\":\"https:\\\/\\\/thelumiaresstg.ignitecreates.com\\\/es\\\/\",\"name\":\"The Lumiares\",\"description\":\"\",\"potentialAction\":[{\"@type\":\"SearchAction\",\"target\":{\"@type\":\"EntryPoint\",\"urlTemplate\":\"https:\\\/\\\/thelumiaresstg.ignitecreates.com\\\/es\\\/?s={search_term_string}\"},\"query-input\":{\"@type\":\"PropertyValueSpecification\",\"valueRequired\":true,\"valueName\":\"search_term_string\"}}],\"inLanguage\":\"es\"}]}<\/script>\n<!-- \/ Yoast SEO plugin. -->","yoast_head_json":{"title":"T\u00e9rminos y Condiciones - The Lumiares 5* Hotel - Bairro Alto","description":"Estos t\u00e9rminos y condiciones describen el marco legal conforme al cual usted acepta participar en nuestra web y cu\u00e1les son sus derechos y obligaciones","robots":{"index":"index","follow":"follow","max-snippet":"max-snippet:-1","max-image-preview":"max-image-preview:large","max-video-preview":"max-video-preview:-1"},"canonical":"https:\/\/thelumiaresstg.ignitecreates.com\/es\/terminos-y-condiciones\/","og_locale":"es_ES","og_type":"article","og_title":"T\u00e9rminos y Condiciones - The Lumiares 5* Hotel - Bairro Alto","og_description":"Estos t\u00e9rminos y condiciones describen el marco legal conforme al cual usted acepta participar en nuestra web y cu\u00e1les son sus derechos y obligaciones","og_url":"https:\/\/thelumiaresstg.ignitecreates.com\/es\/terminos-y-condiciones\/","og_site_name":"The Lumiares","article_modified_time":"2020-04-06T21:10:39+00:00","twitter_card":"summary_large_image","twitter_misc":{"Tiempo de lectura":"5 minutos"},"schema":{"@context":"https:\/\/schema.org","@graph":[{"@type":"WebPage","@id":"https:\/\/thelumiaresstg.ignitecreates.com\/es\/terminos-y-condiciones\/","url":"https:\/\/thelumiaresstg.ignitecreates.com\/es\/terminos-y-condiciones\/","name":"T\u00e9rminos y Condiciones - The Lumiares 5* Hotel - Bairro Alto","isPartOf":{"@id":"https:\/\/thelumiaresstg.ignitecreates.com\/es\/#website"},"datePublished":"2019-11-08T18:11:36+00:00","dateModified":"2020-04-06T21:10:39+00:00","description":"Estos t\u00e9rminos y condiciones describen el marco legal conforme al cual usted acepta participar en nuestra web y cu\u00e1les son sus derechos y obligaciones","breadcrumb":{"@id":"https:\/\/thelumiaresstg.ignitecreates.com\/es\/terminos-y-condiciones\/#breadcrumb"},"inLanguage":"es","potentialAction":[{"@type":"ReadAction","target":["https:\/\/thelumiaresstg.ignitecreates.com\/es\/terminos-y-condiciones\/"]}]},{"@type":"BreadcrumbList","@id":"https:\/\/thelumiaresstg.ignitecreates.com\/es\/terminos-y-condiciones\/#breadcrumb","itemListElement":[{"@type":"ListItem","position":1,"name":"Home","item":"https:\/\/thelumiaresstg.ignitecreates.com\/es\/"},{"@type":"ListItem","position":2,"name":"T\u00e9rminos y Condiciones"}]},{"@type":"WebSite","@id":"https:\/\/thelumiaresstg.ignitecreates.com\/es\/#website","url":"https:\/\/thelumiaresstg.ignitecreates.com\/es\/","name":"The Lumiares","description":"","potentialAction":[{"@type":"SearchAction","target":{"@type":"EntryPoint","urlTemplate":"https:\/\/thelumiaresstg.ignitecreates.com\/es\/?s={search_term_string}"},"query-input":{"@type":"PropertyValueSpecification","valueRequired":true,"valueName":"search_term_string"}}],"inLanguage":"es"}]}},"_links":{"self":[{"href":"https:\/\/thelumiaresstg.ignitecreates.com\/es\/wp-json\/wp\/v2\/pages\/2516","targetHints":{"allow":["GET"]}}],"collection":[{"href":"https:\/\/thelumiaresstg.ignitecreates.com\/es\/wp-json\/wp\/v2\/pages"}],"about":[{"href":"https:\/\/thelumiaresstg.ignitecreates.com\/es\/wp-json\/wp\/v2\/types\/page"}],"author":[{"embeddable":true,"href":"https:\/\/thelumiaresstg.ignitecreates.com\/es\/wp-json\/wp\/v2\/users\/1"}],"replies":[{"embeddable":true,"href":"https:\/\/thelumiaresstg.ignitecreates.com\/es\/wp-json\/wp\/v2\/comments?post=2516"}],"version-history":[{"count":0,"href":"https:\/\/thelumiaresstg.ignitecreates.com\/es\/wp-json\/wp\/v2\/pages\/2516\/revisions"}],"wp:attachment":[{"href":"https:\/\/thelumiaresstg.ignitecreates.com\/es\/wp-json\/wp\/v2\/media?parent=2516"}],"curies":[{"name":"wp","href":"https:\/\/api.w.org\/{rel}","templated":true}]}}