{"id":2497,"date":"2019-08-29T11:32:42","date_gmt":"2019-08-29T10:32:42","guid":{"rendered":"https:\/\/www.thelumiares.com\/contact\/find-us\/"},"modified":"2025-09-19T08:15:09","modified_gmt":"2025-09-19T08:15:09","slug":"como-encontrarnos","status":"publish","type":"page","link":"https:\/\/thelumiaresstg.ignitecreates.com\/es\/contacto\/como-encontrarnos\/","title":{"rendered":"D\u00f3nde estamos"},"content":{"rendered":"<h2>D\u00d3NDE ESTAMOS<\/h2>\n<p>Enclavado en lo alto de la colina en Bairro Alto \u2013 con unas impresionantes vistas desde la azotea hacia el r\u00edo Tajo, por un lado, y hacia el castillo de S. Jorge por otro.<\/p>\n<p>Con su ecl\u00e9ctica mezcla de cafeter\u00edas, tiendas, animados bares y museos, Bairro Alto es el coraz\u00f3n bohemio y cultural de Lisboa. Monumentos y monasterios, catedrales y galer\u00edas de arte se encuentran a un paseo de distancia. Podr\u00e1 visitar lo mejor de la ciudad justo al lado.<\/p>\n<p>Deambule por las estrechas calles jalonadas con edificios coloridos, y suelos empedrados flanqueados por tabernas y cafeter\u00edas. Si\u00e9ntese bajo el lienzo azul del cielo, manchado por la luz dorada de Lisboa, y disfrute viendo el mundo pasar.<\/p>\n<p>Lisboa est\u00e1 esperando para ser descubierta.<\/p>\n","protected":false},"excerpt":{"rendered":"<p>D\u00d3NDE ESTAMOS Enclavado en lo alto de la colina en Bairro Alto \u2013 con unas impresionantes vistas desde la azotea [&hellip;]<\/p>\n","protected":false},"author":1,"featured_media":0,"parent":2492,"menu_order":0,"comment_status":"closed","ping_status":"closed","template":"templates\/find-us-template.php","meta":{"_acf_changed":false,"footnotes":""},"class_list":["post-2497","page","type-page","status-publish","hentry"],"acf":[],"yoast_head":"<!-- This site is optimized with the Yoast SEO plugin v27.4 - https:\/\/yoast.com\/product\/yoast-seo-wordpress\/ -->\n<title>C\u00f3mo Encontrarnos - The Lumiares 5* Hotel - Bairro Alto<\/title>\n<meta name=\"description\" content=\"Enclavado en lo alto de la colina en Bairro Alto \u2013 con vistas desde la azotea hacia el r\u00edo Tajo, por un lado, y hacia el castillo de S. Jorge por otro.\" \/>\n<meta name=\"robots\" content=\"index, follow, max-snippet:-1, max-image-preview:large, max-video-preview:-1\" \/>\n<link rel=\"canonical\" href=\"https:\/\/thelumiaresstg.ignitecreates.com\/es\/contacto\/como-encontrarnos\/\" \/>\n<meta property=\"og:locale\" content=\"es_ES\" \/>\n<meta property=\"og:type\" content=\"article\" \/>\n<meta property=\"og:title\" content=\"C\u00f3mo Encontrarnos - The Lumiares 5* Hotel - Bairro Alto\" \/>\n<meta property=\"og:description\" content=\"Enclavado en lo alto de la colina en Bairro Alto \u2013 con vistas desde la azotea hacia el r\u00edo Tajo, por un lado, y hacia el castillo de S. Jorge por otro.\" \/>\n<meta property=\"og:url\" content=\"https:\/\/thelumiaresstg.ignitecreates.com\/es\/contacto\/como-encontrarnos\/\" \/>\n<meta property=\"og:site_name\" content=\"The Lumiares\" \/>\n<meta property=\"article:modified_time\" content=\"2025-09-19T08:15:09+00:00\" \/>\n<meta name=\"twitter:card\" content=\"summary_large_image\" \/>\n<meta name=\"twitter:label1\" content=\"Tiempo de lectura\" \/>\n\t<meta name=\"twitter:data1\" content=\"1 minuto\" \/>\n<script type=\"application\/ld+json\" class=\"yoast-schema-graph\">{\"@context\":\"https:\\\/\\\/schema.org\",\"@graph\":[{\"@type\":\"WebPage\",\"@id\":\"https:\\\/\\\/thelumiaresstg.ignitecreates.com\\\/es\\\/contacto\\\/como-encontrarnos\\\/\",\"url\":\"https:\\\/\\\/thelumiaresstg.ignitecreates.com\\\/es\\\/contacto\\\/como-encontrarnos\\\/\",\"name\":\"C\u00f3mo Encontrarnos - The Lumiares 5* Hotel - Bairro Alto\",\"isPartOf\":{\"@id\":\"https:\\\/\\\/thelumiaresstg.ignitecreates.com\\\/es\\\/#website\"},\"datePublished\":\"2019-08-29T10:32:42+00:00\",\"dateModified\":\"2025-09-19T08:15:09+00:00\",\"description\":\"Enclavado en lo alto de la colina en Bairro Alto \u2013 con vistas desde la azotea hacia el r\u00edo Tajo, por un lado, y hacia el castillo de S. Jorge por otro.\",\"breadcrumb\":{\"@id\":\"https:\\\/\\\/thelumiaresstg.ignitecreates.com\\\/es\\\/contacto\\\/como-encontrarnos\\\/#breadcrumb\"},\"inLanguage\":\"es\",\"potentialAction\":[{\"@type\":\"ReadAction\",\"target\":[\"https:\\\/\\\/thelumiaresstg.ignitecreates.com\\\/es\\\/contacto\\\/como-encontrarnos\\\/\"]}]},{\"@type\":\"BreadcrumbList\",\"@id\":\"https:\\\/\\\/thelumiaresstg.ignitecreates.com\\\/es\\\/contacto\\\/como-encontrarnos\\\/#breadcrumb\",\"itemListElement\":[{\"@type\":\"ListItem\",\"position\":1,\"name\":\"Home\",\"item\":\"https:\\\/\\\/thelumiaresstg.ignitecreates.com\\\/es\\\/\"},{\"@type\":\"ListItem\",\"position\":2,\"name\":\"Contacto\",\"item\":\"https:\\\/\\\/thelumiaresstg.ignitecreates.com\\\/es\\\/contact\\\/\"},{\"@type\":\"ListItem\",\"position\":3,\"name\":\"D\u00f3nde estamos\"}]},{\"@type\":\"WebSite\",\"@id\":\"https:\\\/\\\/thelumiaresstg.ignitecreates.com\\\/es\\\/#website\",\"url\":\"https:\\\/\\\/thelumiaresstg.ignitecreates.com\\\/es\\\/\",\"name\":\"The Lumiares\",\"description\":\"\",\"potentialAction\":[{\"@type\":\"SearchAction\",\"target\":{\"@type\":\"EntryPoint\",\"urlTemplate\":\"https:\\\/\\\/thelumiaresstg.ignitecreates.com\\\/es\\\/?s={search_term_string}\"},\"query-input\":{\"@type\":\"PropertyValueSpecification\",\"valueRequired\":true,\"valueName\":\"search_term_string\"}}],\"inLanguage\":\"es\"}]}<\/script>\n<!-- \/ Yoast SEO plugin. -->","yoast_head_json":{"title":"C\u00f3mo Encontrarnos - The Lumiares 5* Hotel - Bairro Alto","description":"Enclavado en lo alto de la colina en Bairro Alto \u2013 con vistas desde la azotea hacia el r\u00edo Tajo, por un lado, y hacia el castillo de S. Jorge por otro.","robots":{"index":"index","follow":"follow","max-snippet":"max-snippet:-1","max-image-preview":"max-image-preview:large","max-video-preview":"max-video-preview:-1"},"canonical":"https:\/\/thelumiaresstg.ignitecreates.com\/es\/contacto\/como-encontrarnos\/","og_locale":"es_ES","og_type":"article","og_title":"C\u00f3mo Encontrarnos - The Lumiares 5* Hotel - Bairro Alto","og_description":"Enclavado en lo alto de la colina en Bairro Alto \u2013 con vistas desde la azotea hacia el r\u00edo Tajo, por un lado, y hacia el castillo de S. Jorge por otro.","og_url":"https:\/\/thelumiaresstg.ignitecreates.com\/es\/contacto\/como-encontrarnos\/","og_site_name":"The Lumiares","article_modified_time":"2025-09-19T08:15:09+00:00","twitter_card":"summary_large_image","twitter_misc":{"Tiempo de lectura":"1 minuto"},"schema":{"@context":"https:\/\/schema.org","@graph":[{"@type":"WebPage","@id":"https:\/\/thelumiaresstg.ignitecreates.com\/es\/contacto\/como-encontrarnos\/","url":"https:\/\/thelumiaresstg.ignitecreates.com\/es\/contacto\/como-encontrarnos\/","name":"C\u00f3mo Encontrarnos - The Lumiares 5* Hotel - Bairro Alto","isPartOf":{"@id":"https:\/\/thelumiaresstg.ignitecreates.com\/es\/#website"},"datePublished":"2019-08-29T10:32:42+00:00","dateModified":"2025-09-19T08:15:09+00:00","description":"Enclavado en lo alto de la colina en Bairro Alto \u2013 con vistas desde la azotea hacia el r\u00edo Tajo, por un lado, y hacia el castillo de S. Jorge por otro.","breadcrumb":{"@id":"https:\/\/thelumiaresstg.ignitecreates.com\/es\/contacto\/como-encontrarnos\/#breadcrumb"},"inLanguage":"es","potentialAction":[{"@type":"ReadAction","target":["https:\/\/thelumiaresstg.ignitecreates.com\/es\/contacto\/como-encontrarnos\/"]}]},{"@type":"BreadcrumbList","@id":"https:\/\/thelumiaresstg.ignitecreates.com\/es\/contacto\/como-encontrarnos\/#breadcrumb","itemListElement":[{"@type":"ListItem","position":1,"name":"Home","item":"https:\/\/thelumiaresstg.ignitecreates.com\/es\/"},{"@type":"ListItem","position":2,"name":"Contacto","item":"https:\/\/thelumiaresstg.ignitecreates.com\/es\/contact\/"},{"@type":"ListItem","position":3,"name":"D\u00f3nde estamos"}]},{"@type":"WebSite","@id":"https:\/\/thelumiaresstg.ignitecreates.com\/es\/#website","url":"https:\/\/thelumiaresstg.ignitecreates.com\/es\/","name":"The Lumiares","description":"","potentialAction":[{"@type":"SearchAction","target":{"@type":"EntryPoint","urlTemplate":"https:\/\/thelumiaresstg.ignitecreates.com\/es\/?s={search_term_string}"},"query-input":{"@type":"PropertyValueSpecification","valueRequired":true,"valueName":"search_term_string"}}],"inLanguage":"es"}]}},"_links":{"self":[{"href":"https:\/\/thelumiaresstg.ignitecreates.com\/es\/wp-json\/wp\/v2\/pages\/2497","targetHints":{"allow":["GET"]}}],"collection":[{"href":"https:\/\/thelumiaresstg.ignitecreates.com\/es\/wp-json\/wp\/v2\/pages"}],"about":[{"href":"https:\/\/thelumiaresstg.ignitecreates.com\/es\/wp-json\/wp\/v2\/types\/page"}],"author":[{"embeddable":true,"href":"https:\/\/thelumiaresstg.ignitecreates.com\/es\/wp-json\/wp\/v2\/users\/1"}],"replies":[{"embeddable":true,"href":"https:\/\/thelumiaresstg.ignitecreates.com\/es\/wp-json\/wp\/v2\/comments?post=2497"}],"version-history":[{"count":0,"href":"https:\/\/thelumiaresstg.ignitecreates.com\/es\/wp-json\/wp\/v2\/pages\/2497\/revisions"}],"up":[{"embeddable":true,"href":"https:\/\/thelumiaresstg.ignitecreates.com\/es\/wp-json\/wp\/v2\/pages\/2492"}],"wp:attachment":[{"href":"https:\/\/thelumiaresstg.ignitecreates.com\/es\/wp-json\/wp\/v2\/media?parent=2497"}],"curies":[{"name":"wp","href":"https:\/\/api.w.org\/{rel}","templated":true}]}}